{"id":2202,"date":"2020-12-12T17:26:15","date_gmt":"2020-12-12T16:26:15","guid":{"rendered":"https:\/\/bettina-bonkas.com\/?page_id=2202"},"modified":"2026-02-19T10:07:29","modified_gmt":"2026-02-19T09:07:29","slug":"improvisation-und-agilitaet-fuer-leben-und-arbeit-4-0","status":"publish","type":"page","link":"https:\/\/bettina-bonkas.com\/en\/improvisation-und-agilitaet-fuer-leben-und-arbeit-4-0.html","title":{"rendered":"Improvisation &#038; Agility for Companies"},"content":{"rendered":"<p><\/p>\n<p><img loading=\"lazy\" decoding=\"async\" class=\"alignnone size-medium wp-image-2204\" src=\"https:\/\/bettina-bonkas.com\/wp-content\/uploads\/Angewandte-Improvisation-Agilitaet-Kreativitaet-Baum-Eule-Bettina-Bonkas-Coaching-Consulting-Sprachen-sinnvoll-lernen.-300x200.jpg\" alt=\"Kunstvoll gemachte Eule\" width=\"300\" height=\"200\" srcset=\"https:\/\/bettina-bonkas.com\/wp-content\/uploads\/Angewandte-Improvisation-Agilitaet-Kreativitaet-Baum-Eule-Bettina-Bonkas-Coaching-Consulting-Sprachen-sinnvoll-lernen.-300x200.jpg 300w, https:\/\/bettina-bonkas.com\/wp-content\/uploads\/Angewandte-Improvisation-Agilitaet-Kreativitaet-Baum-Eule-Bettina-Bonkas-Coaching-Consulting-Sprachen-sinnvoll-lernen.-1024x682.jpg 1024w, https:\/\/bettina-bonkas.com\/wp-content\/uploads\/Angewandte-Improvisation-Agilitaet-Kreativitaet-Baum-Eule-Bettina-Bonkas-Coaching-Consulting-Sprachen-sinnvoll-lernen.-768x512.jpg 768w, https:\/\/bettina-bonkas.com\/wp-content\/uploads\/Angewandte-Improvisation-Agilitaet-Kreativitaet-Baum-Eule-Bettina-Bonkas-Coaching-Consulting-Sprachen-sinnvoll-lernen..jpg 1280w\" sizes=\"auto, (max-width: 300px) 100vw, 300px\" \/><\/p>\n<h5>Improvisation &amp; agility<\/h5>\n<h4><span style=\"color: #28578f;\"><strong>Be Connected by Bettina Bonkas \u2013 Improvisation<br \/>\n<\/strong><strong>Improvisation &amp; Agility: for Life &amp; Work 4.0<\/strong><\/span><\/h4>\n<p>Improvisation &amp; Agility &#8211;\u00a0 Part of Resilience-Training for Companies:<\/p>\n<h4 style=\"text-align: center;\"><span style=\"color: #28578f;\"><strong>Resilienz meets Improvisation<\/strong><\/span><\/h4>\n<h4><span style=\"color: #28578f;\">Key Competencies<\/span><\/h4>\n<p data-start=\"132\" data-end=\"426\">Improvisation and agility are not stand-alone training formats on this page \u2013 they are key competencies that I integrate into my resilience training for companies. In this way, you not only develop inner strength but also the ability to respond to change with greater flexibility and composure.<\/p>\n<hr data-start=\"428\" data-end=\"431\" \/>\n<h4 data-start=\"433\" data-end=\"460\"><span style=\"color: #28578f;\">What does agility mean?<\/span><\/h4>\n<p data-start=\"462\" data-end=\"683\">Agility refers to the ability of individuals and organisations to adapt to frequently changing conditions and to respond flexibly to unforeseen events and new demands. Change is not met merely reactively, but proactively.<\/p>\n<hr data-start=\"685\" data-end=\"688\" \/>\n<h4 data-start=\"690\" data-end=\"723\"><span style=\"color: #28578f;\">What does improvisation mean?<\/span><\/h4>\n<p data-start=\"725\" data-end=\"937\">Improvisation means creating or performing something spontaneously, without prior preparation. It is also understood as the spontaneous, practical use of creativity to solve emerging problems (source: Wikipedia).<\/p>\n<p data-start=\"939\" data-end=\"1147\"><strong>-&gt;<\/strong> Agility helps teams plan flexibly and adapt processes (for example, through agile methods in project management). Improvisation enables them to find solutions spontaneously when unexpected situations arise.<\/p>\n<hr data-start=\"1149\" data-end=\"1152\" \/>\n<h4 data-start=\"1154\" data-end=\"1209\"><span style=\"color: #28578f;\">Why improvisation &amp; agility in resilience training?<\/span><\/h4>\n<p data-start=\"1211\" data-end=\"1406\">In today\u2019s dynamic world 4.0, conditions are constantly and unexpectedly changing \u2013 for example due to new technologies, market demands, political decision-makers or organisational restructuring.<\/p>\n<p data-start=\"1408\" data-end=\"1545\">A purely strategic response is often not enough. People and teams need the ability to act spontaneously, courageously and constructively.<\/p>\n<p data-start=\"1547\" data-end=\"1788\">That is why elements of improvisation and agility-based methods form an integral part of my resilience training for companies. They strengthen flexibility, reduce stress and encourage solution-focused thinking within teams and among leaders.<\/p>\n<hr data-start=\"1790\" data-end=\"1793\" \/>\n<h4 data-start=\"1795\" data-end=\"1842\"><span style=\"color: #28578f;\">How improvisation is integrated in practice<\/span><\/h4>\n<p data-start=\"1844\" data-end=\"1908\">Within the resilience training, you will learn, for example, to:<\/p>\n<ul>\n<li data-start=\"1912\" data-end=\"1971\">handle situations constructively without full preparation<\/li>\n<li data-start=\"1974\" data-end=\"2016\">develop creative solutions spontaneously<\/li>\n<li data-start=\"2019\" data-end=\"2054\">deal confidently with uncertainty<\/li>\n<li data-start=\"2057\" data-end=\"2125\">strengthen your composure, even when not everything can be planned<\/li>\n<\/ul>\n<p data-start=\"2127\" data-end=\"2287\">These competencies are valuable not only in a professional context but in life as a whole \u2013 particularly when facing change, uncertainty and complex challenges.<\/p>\n<hr data-start=\"2289\" data-end=\"2292\" \/>\n<h4 data-start=\"2294\" data-end=\"2321\"><span style=\"color: #28578f;\">Who is it relevant for?<\/span><\/h4>\n<p data-start=\"2323\" data-end=\"2377\">Improvisation &amp; agility are particularly relevant for:<\/p>\n<ul>\n<li data-start=\"2381\" data-end=\"2470\">leaders who wish to make flexible decisions and guide their teams safely through change<\/li>\n<li data-start=\"2473\" data-end=\"2546\">teams who want to strengthen collaboration and creative problem-solving<\/li>\n<li data-start=\"2549\" data-end=\"2611\">organisations aiming to develop their resilience sustainably<\/li>\n<\/ul>\n<p data-start=\"2613\" data-end=\"2711\"><strong>-&gt;<\/strong> Improvisation &amp; agility are an integral part of the resilience training, not a separate product.<\/p>\n<p data-start=\"2713\" data-end=\"2814\">You can find more about the principles of improvisation and a personal experience here: Improvisation<\/p>\n<hr data-start=\"2816\" data-end=\"2819\" \/>\n<h4 data-start=\"2821\" data-end=\"2853\"><span style=\"color: #28578f;\">Let\u2019s start the conversation<\/span><\/h4>\n<p data-start=\"2855\" data-end=\"2928\">Interested in how improvisation &amp; agility can strengthen your resilience?<\/p>\n<p data-start=\"2930\" data-end=\"3000\" data-is-last-node=\"\" data-is-only-node=\"\">I would be pleased to arrange a non-binding introductory conversation: <span style=\"color: #28578f;\"><a style=\"color: #28578f;\" href=\"https:\/\/bettina-bonkas.com\/kontakt.html\">contact<\/a><\/span>.<\/p>\n<p>I look forward to hearing from you.<\/p>\n<p><strong>Resilience &amp; Positive Psychology<\/strong> \u2013 find out more or subscribe to my newsletter to receive regular, practical insights:<\/p>\n<ul>\n<li><a href=\"https:\/\/bettina-bonkas.com\/en\/power-posing-mindset-embodiment.html\"><span style=\"color: #28578f;\">Power Posing &#8211; Mindset &amp; Embodiment<\/span><\/a><\/li>\n<li><a href=\"https:\/\/bettina-bonkas.com\/en\/was-waere-wenn-dieser-beitrag-etwas-in-dir-in-bewegung-setzt.html\"><span style=\"color: #28578f;\">New Perspectives &amp; Mindshift<\/span><\/a><\/li>\n<li><a href=\"https:\/\/bettina-bonkas.com\/en\/das-ja-und-prinzip-fuer-mehr-gelassenheit.html\"><span style=\"color: #28578f;\">The &#8220;Yes, and&#8221;-Principle for Finding Your Composure<\/span><\/a><\/li>\n<\/ul>\n<p>And many more:<span style=\"color: #28578f;\"><a style=\"color: #28578f;\" href=\"https:\/\/bettina-bonkas.com\/blog\/coaching-und-resilienz\"> Blog \u2013 Coaching &amp; Resilience<\/a><\/span><\/p>\n<p><strong><span style=\"color: #28578f;\">Bettina Bonkas<\/span><br \/>\n<\/strong>Be Connected by Bettina Bonkas GmbH<br \/>\nEnglish | Coaching | Resilience + Improvisation<\/p>\n<p data-start=\"2930\" data-end=\"3000\" data-is-last-node=\"\" data-is-only-node=\"\">","protected":false},"excerpt":{"rendered":"<p>Improvisation &amp; agility Be Connected by Bettina Bonkas \u2013 Improvisation Improvisation &amp; Agility: for Life &amp; Work 4.0 Improvisation &amp; Agility &#8211;\u00a0 Part of Resilience-Training for Companies: Resilienz meets Improvisation Key Competencies Improvisation and agility are not stand-alone training formats on this page \u2013 they are key competencies that I integrate into my resilience training &hellip; <\/p>\n<p class=\"link-more\"><a href=\"https:\/\/bettina-bonkas.com\/en\/improvisation-und-agilitaet-fuer-leben-und-arbeit-4-0.html\" class=\"more-link\">Continue reading<span class=\"screen-reader-text\"> &#8220;Improvisation &#038; Agility for Companies&#8221;<\/span><\/a><\/p>\n","protected":false},"author":5,"featured_media":0,"parent":0,"menu_order":0,"comment_status":"closed","ping_status":"closed","template":"","meta":{"footnotes":""},"class_list":["post-2202","page","type-page","status-publish","hentry"],"yoast_head":"<!-- This site is optimized with the Yoast SEO plugin v27.3 - https:\/\/yoast.com\/product\/yoast-seo-wordpress\/ -->\n<title>Improvisation &amp; Agility for Companies<\/title>\n<meta name=\"description\" content=\"Improvisation &amp; Agilit\u00e4t f\u00fcr Unternehmen: Teams und F\u00fchrungskr\u00e4fte von innen heraus st\u00e4rken, Flexibilit\u00e4t und Resilienz im Arbeitsalltag f\u00f6rdern.\" \/>\n<meta name=\"robots\" content=\"index, follow, max-snippet:-1, max-image-preview:large, max-video-preview:-1\" \/>\n<link rel=\"canonical\" href=\"https:\/\/bettina-bonkas.com\/improvisation-und-agilitaet-fuer-leben-und-arbeit-4-0.html\" \/>\n<meta property=\"og:locale\" content=\"en_US\" \/>\n<meta property=\"og:type\" content=\"article\" \/>\n<meta property=\"og:title\" content=\"[:de][:de]Improvisation &amp; Agilit\u00e4t f\u00fcr Unternehmen[:en]Improvisation &amp; Agility for Companies[:] [:]\" \/>\n<meta property=\"og:description\" content=\"Improvisation &amp; Agilit\u00e4t f\u00fcr Unternehmen: Teams und F\u00fchrungskr\u00e4fte von innen heraus st\u00e4rken, Flexibilit\u00e4t und Resilienz im Arbeitsalltag f\u00f6rdern.\" \/>\n<meta property=\"og:url\" content=\"https:\/\/bettina-bonkas.com\/improvisation-und-agilitaet-fuer-leben-und-arbeit-4-0.html\" \/>\n<meta property=\"og:site_name\" content=\"Be Connected by Bettina Bonkas GmbH\" \/>\n<meta property=\"article:modified_time\" content=\"2026-02-19T09:07:29+00:00\" \/>\n<meta property=\"og:image\" content=\"https:\/\/bettina-bonkas.com\/wp-content\/uploads\/Angewandte-Improvisation-Agilitaet-Kreativitaet-Baum-Eule-Bettina-Bonkas-Coaching-Consulting-Sprachen-sinnvoll-lernen..jpg\" \/>\n\t<meta property=\"og:image:width\" content=\"1280\" \/>\n\t<meta property=\"og:image:height\" content=\"853\" \/>\n\t<meta property=\"og:image:type\" content=\"image\/jpeg\" \/>\n<meta name=\"twitter:card\" content=\"summary_large_image\" \/>\n<meta name=\"twitter:label1\" content=\"Est. reading time\" \/>\n\t<meta name=\"twitter:data1\" content=\"6 minutes\" \/>\n<script type=\"application\/ld+json\" class=\"yoast-schema-graph\">{\"@context\":\"https:\\\/\\\/schema.org\",\"@graph\":[{\"@type\":\"WebPage\",\"@id\":\"https:\\\/\\\/bettina-bonkas.com\\\/improvisation-und-agilitaet-fuer-leben-und-arbeit-4-0.html\",\"url\":\"https:\\\/\\\/bettina-bonkas.com\\\/improvisation-und-agilitaet-fuer-leben-und-arbeit-4-0.html\",\"name\":\"[:de][:de]Improvisation & Agilit\u00e4t f\u00fcr Unternehmen[:en]Improvisation & Agility for Companies[:] [:]\",\"isPartOf\":{\"@id\":\"https:\\\/\\\/bettina-bonkas.com\\\/#website\"},\"primaryImageOfPage\":{\"@id\":\"https:\\\/\\\/bettina-bonkas.com\\\/improvisation-und-agilitaet-fuer-leben-und-arbeit-4-0.html#primaryimage\"},\"image\":{\"@id\":\"https:\\\/\\\/bettina-bonkas.com\\\/improvisation-und-agilitaet-fuer-leben-und-arbeit-4-0.html#primaryimage\"},\"thumbnailUrl\":\"https:\\\/\\\/bettina-bonkas.com\\\/wp-content\\\/uploads\\\/Angewandte-Improvisation-Agilitaet-Kreativitaet-Baum-Eule-Bettina-Bonkas-Coaching-Consulting-Sprachen-sinnvoll-lernen.-300x200.jpg\",\"datePublished\":\"2020-12-12T16:26:15+00:00\",\"dateModified\":\"2026-02-19T09:07:29+00:00\",\"description\":\"Improvisation & Agilit\u00e4t f\u00fcr Unternehmen: Teams und F\u00fchrungskr\u00e4fte von innen heraus st\u00e4rken, Flexibilit\u00e4t und Resilienz im Arbeitsalltag f\u00f6rdern.\",\"inLanguage\":\"en-US\",\"potentialAction\":[{\"@type\":\"ReadAction\",\"target\":[\"https:\\\/\\\/bettina-bonkas.com\\\/improvisation-und-agilitaet-fuer-leben-und-arbeit-4-0.html\"]}]},{\"@type\":\"ImageObject\",\"inLanguage\":\"en-US\",\"@id\":\"https:\\\/\\\/bettina-bonkas.com\\\/improvisation-und-agilitaet-fuer-leben-und-arbeit-4-0.html#primaryimage\",\"url\":\"https:\\\/\\\/bettina-bonkas.com\\\/wp-content\\\/uploads\\\/Angewandte-Improvisation-Agilitaet-Kreativitaet-Baum-Eule-Bettina-Bonkas-Coaching-Consulting-Sprachen-sinnvoll-lernen.-300x200.jpg\",\"contentUrl\":\"https:\\\/\\\/bettina-bonkas.com\\\/wp-content\\\/uploads\\\/Angewandte-Improvisation-Agilitaet-Kreativitaet-Baum-Eule-Bettina-Bonkas-Coaching-Consulting-Sprachen-sinnvoll-lernen.-300x200.jpg\"},{\"@type\":\"WebSite\",\"@id\":\"https:\\\/\\\/bettina-bonkas.com\\\/#website\",\"url\":\"https:\\\/\\\/bettina-bonkas.com\\\/\",\"name\":\"Be Connected by Bettina Bonkas GmbH\",\"description\":\"Resilienz | Coaching | Englisch + Improvisation\",\"publisher\":{\"@id\":\"https:\\\/\\\/bettina-bonkas.com\\\/#organization\"},\"potentialAction\":[{\"@type\":\"SearchAction\",\"target\":{\"@type\":\"EntryPoint\",\"urlTemplate\":\"https:\\\/\\\/bettina-bonkas.com\\\/?s={search_term_string}\"},\"query-input\":{\"@type\":\"PropertyValueSpecification\",\"valueRequired\":true,\"valueName\":\"search_term_string\"}}],\"inLanguage\":\"en-US\"},{\"@type\":\"Organization\",\"@id\":\"https:\\\/\\\/bettina-bonkas.com\\\/#organization\",\"name\":\"Be Connected by Bettina Bonkas GmbH\",\"url\":\"https:\\\/\\\/bettina-bonkas.com\\\/\",\"logo\":{\"@type\":\"ImageObject\",\"inLanguage\":\"en-US\",\"@id\":\"https:\\\/\\\/bettina-bonkas.com\\\/#\\\/schema\\\/logo\\\/image\\\/\",\"url\":\"https:\\\/\\\/bettina-bonkas.com\\\/wp-content\\\/uploads\\\/Be_Connected_Logo_mit-Kaushan_Script.jpg\",\"contentUrl\":\"https:\\\/\\\/bettina-bonkas.com\\\/wp-content\\\/uploads\\\/Be_Connected_Logo_mit-Kaushan_Script.jpg\",\"width\":1126,\"height\":446,\"caption\":\"Be Connected by Bettina Bonkas GmbH\"},\"image\":{\"@id\":\"https:\\\/\\\/bettina-bonkas.com\\\/#\\\/schema\\\/logo\\\/image\\\/\"}}]}<\/script>\n<!-- \/ Yoast SEO plugin. -->","yoast_head_json":{"title":"[:de][:de]Improvisation & Agilit\u00e4t f\u00fcr Unternehmen[:en]Improvisation & Agility for Companies[:] [:]","description":"Improvisation & Agilit\u00e4t f\u00fcr Unternehmen: Teams und F\u00fchrungskr\u00e4fte von innen heraus st\u00e4rken, Flexibilit\u00e4t und Resilienz im Arbeitsalltag f\u00f6rdern.","robots":{"index":"index","follow":"follow","max-snippet":"max-snippet:-1","max-image-preview":"max-image-preview:large","max-video-preview":"max-video-preview:-1"},"canonical":"https:\/\/bettina-bonkas.com\/improvisation-und-agilitaet-fuer-leben-und-arbeit-4-0.html","og_locale":"en_US","og_type":"article","og_title":"[:de][:de]Improvisation & Agilit\u00e4t f\u00fcr Unternehmen[:en]Improvisation & Agility for Companies[:] [:]","og_description":"Improvisation & Agilit\u00e4t f\u00fcr Unternehmen: Teams und F\u00fchrungskr\u00e4fte von innen heraus st\u00e4rken, Flexibilit\u00e4t und Resilienz im Arbeitsalltag f\u00f6rdern.","og_url":"https:\/\/bettina-bonkas.com\/improvisation-und-agilitaet-fuer-leben-und-arbeit-4-0.html","og_site_name":"Be Connected by Bettina Bonkas GmbH","article_modified_time":"2026-02-19T09:07:29+00:00","og_image":[{"width":1280,"height":853,"url":"https:\/\/bettina-bonkas.com\/wp-content\/uploads\/Angewandte-Improvisation-Agilitaet-Kreativitaet-Baum-Eule-Bettina-Bonkas-Coaching-Consulting-Sprachen-sinnvoll-lernen..jpg","type":"image\/jpeg"}],"twitter_card":"summary_large_image","twitter_misc":{"Est. reading time":"6 minutes"},"schema":{"@context":"https:\/\/schema.org","@graph":[{"@type":"WebPage","@id":"https:\/\/bettina-bonkas.com\/improvisation-und-agilitaet-fuer-leben-und-arbeit-4-0.html","url":"https:\/\/bettina-bonkas.com\/improvisation-und-agilitaet-fuer-leben-und-arbeit-4-0.html","name":"[:de][:de]Improvisation & Agilit\u00e4t f\u00fcr Unternehmen[:en]Improvisation & Agility for Companies[:] [:]","isPartOf":{"@id":"https:\/\/bettina-bonkas.com\/#website"},"primaryImageOfPage":{"@id":"https:\/\/bettina-bonkas.com\/improvisation-und-agilitaet-fuer-leben-und-arbeit-4-0.html#primaryimage"},"image":{"@id":"https:\/\/bettina-bonkas.com\/improvisation-und-agilitaet-fuer-leben-und-arbeit-4-0.html#primaryimage"},"thumbnailUrl":"https:\/\/bettina-bonkas.com\/wp-content\/uploads\/Angewandte-Improvisation-Agilitaet-Kreativitaet-Baum-Eule-Bettina-Bonkas-Coaching-Consulting-Sprachen-sinnvoll-lernen.-300x200.jpg","datePublished":"2020-12-12T16:26:15+00:00","dateModified":"2026-02-19T09:07:29+00:00","description":"Improvisation & Agilit\u00e4t f\u00fcr Unternehmen: Teams und F\u00fchrungskr\u00e4fte von innen heraus st\u00e4rken, Flexibilit\u00e4t und Resilienz im Arbeitsalltag f\u00f6rdern.","inLanguage":"en-US","potentialAction":[{"@type":"ReadAction","target":["https:\/\/bettina-bonkas.com\/improvisation-und-agilitaet-fuer-leben-und-arbeit-4-0.html"]}]},{"@type":"ImageObject","inLanguage":"en-US","@id":"https:\/\/bettina-bonkas.com\/improvisation-und-agilitaet-fuer-leben-und-arbeit-4-0.html#primaryimage","url":"https:\/\/bettina-bonkas.com\/wp-content\/uploads\/Angewandte-Improvisation-Agilitaet-Kreativitaet-Baum-Eule-Bettina-Bonkas-Coaching-Consulting-Sprachen-sinnvoll-lernen.-300x200.jpg","contentUrl":"https:\/\/bettina-bonkas.com\/wp-content\/uploads\/Angewandte-Improvisation-Agilitaet-Kreativitaet-Baum-Eule-Bettina-Bonkas-Coaching-Consulting-Sprachen-sinnvoll-lernen.-300x200.jpg"},{"@type":"WebSite","@id":"https:\/\/bettina-bonkas.com\/#website","url":"https:\/\/bettina-bonkas.com\/","name":"Be Connected by Bettina Bonkas GmbH","description":"Resilienz | Coaching | Englisch + Improvisation","publisher":{"@id":"https:\/\/bettina-bonkas.com\/#organization"},"potentialAction":[{"@type":"SearchAction","target":{"@type":"EntryPoint","urlTemplate":"https:\/\/bettina-bonkas.com\/?s={search_term_string}"},"query-input":{"@type":"PropertyValueSpecification","valueRequired":true,"valueName":"search_term_string"}}],"inLanguage":"en-US"},{"@type":"Organization","@id":"https:\/\/bettina-bonkas.com\/#organization","name":"Be Connected by Bettina Bonkas GmbH","url":"https:\/\/bettina-bonkas.com\/","logo":{"@type":"ImageObject","inLanguage":"en-US","@id":"https:\/\/bettina-bonkas.com\/#\/schema\/logo\/image\/","url":"https:\/\/bettina-bonkas.com\/wp-content\/uploads\/Be_Connected_Logo_mit-Kaushan_Script.jpg","contentUrl":"https:\/\/bettina-bonkas.com\/wp-content\/uploads\/Be_Connected_Logo_mit-Kaushan_Script.jpg","width":1126,"height":446,"caption":"Be Connected by Bettina Bonkas GmbH"},"image":{"@id":"https:\/\/bettina-bonkas.com\/#\/schema\/logo\/image\/"}}]}},"_links":{"self":[{"href":"https:\/\/bettina-bonkas.com\/en\/wp-json\/wp\/v2\/pages\/2202","targetHints":{"allow":["GET"]}}],"collection":[{"href":"https:\/\/bettina-bonkas.com\/en\/wp-json\/wp\/v2\/pages"}],"about":[{"href":"https:\/\/bettina-bonkas.com\/en\/wp-json\/wp\/v2\/types\/page"}],"author":[{"embeddable":true,"href":"https:\/\/bettina-bonkas.com\/en\/wp-json\/wp\/v2\/users\/5"}],"replies":[{"embeddable":true,"href":"https:\/\/bettina-bonkas.com\/en\/wp-json\/wp\/v2\/comments?post=2202"}],"version-history":[{"count":3,"href":"https:\/\/bettina-bonkas.com\/en\/wp-json\/wp\/v2\/pages\/2202\/revisions"}],"predecessor-version":[{"id":8386,"href":"https:\/\/bettina-bonkas.com\/en\/wp-json\/wp\/v2\/pages\/2202\/revisions\/8386"}],"wp:attachment":[{"href":"https:\/\/bettina-bonkas.com\/en\/wp-json\/wp\/v2\/media?parent=2202"}],"curies":[{"name":"wp","href":"https:\/\/api.w.org\/{rel}","templated":true}]}}