{"id":2426,"date":"2021-01-01T15:44:15","date_gmt":"2021-01-01T14:44:15","guid":{"rendered":"http:\/\/relaunch.bebc-coaching.com\/?page_id=2426"},"modified":"2026-03-13T12:14:05","modified_gmt":"2026-03-13T11:14:05","slug":"englisch-persoenlichkeitsgerechtes-lernen","status":"publish","type":"page","link":"https:\/\/bettina-bonkas.com\/en\/englisch-persoenlichkeitsgerechtes-lernen.html","title":{"rendered":"(Deutsch) Englisch"},"content":{"rendered":"<p class=\"qtranxs-available-languages-message qtranxs-available-languages-message-en\">Sorry, this entry is only available in <a href=\"https:\/\/bettina-bonkas.com\/de\/wp-json\/wp\/v2\/pages\/2426\" class=\"qtranxs-available-language-link qtranxs-available-language-link-de\" title=\"Deutsch\">Deutsch<\/a>.<\/p><p><img loading=\"lazy\" decoding=\"async\" class=\"alignnone size-medium wp-image-2821\" src=\"http:\/\/bebc-coaching.com\/wp-content\/uploads\/Englisch-persoenlichkeitsgerechtes-lernen-Cornwall-Bettina-Bonkas-Coaching-Consulting-Sprachen-sinnvoll-lernen.-300x225.jpg\" alt=\"Englisch - pers\u00f6nlichkeitsgerechtes Lernen\" width=\"300\" height=\"225\" srcset=\"https:\/\/bettina-bonkas.com\/wp-content\/uploads\/Englisch-persoenlichkeitsgerechtes-lernen-Cornwall-Bettina-Bonkas-Coaching-Consulting-Sprachen-sinnvoll-lernen.-300x225.jpg 300w, https:\/\/bettina-bonkas.com\/wp-content\/uploads\/Englisch-persoenlichkeitsgerechtes-lernen-Cornwall-Bettina-Bonkas-Coaching-Consulting-Sprachen-sinnvoll-lernen.-768x576.jpg 768w, https:\/\/bettina-bonkas.com\/wp-content\/uploads\/Englisch-persoenlichkeitsgerechtes-lernen-Cornwall-Bettina-Bonkas-Coaching-Consulting-Sprachen-sinnvoll-lernen..jpg 800w\" sizes=\"auto, (max-width: 300px) 100vw, 300px\" \/><\/p>\n<h5>Englisch &#8211; pers\u00f6nlichkeitsgerechtes Lernen<\/h5>\n<h3><span style=\"color: #28578f;\"><strong>Englisch &#8211; Pers\u00f6nlichkeitsgerechtes Lernen<\/strong><\/span><\/h3>\n<h4><span style=\"color: #28578f;\"><strong><span style=\"color: #28578f;\">Pers\u00f6nlichkeitsgerechtes<\/span> Lernen<\/strong><\/span><\/h4>\n<p>Mich fasziniert, wie Menschen lernen. Aufbauend auf Howard Gardners &#8220;<a href=\"https:\/\/de.wikipedia.org\/wiki\/Theorie_der_multiplen_Intelligenzen\"><span style=\"color: #28578f;\">Multiplen Intelligenzen<\/span><\/a>&#8221; beobachte ich meine Kunden, die Menschen in meiner Umgebung und nat\u00fcrlich mich selbst. Ich ziehe R\u00fcckschl\u00fcsse, bilde mich weiter und bringe dieses Wissen direkt in mein Coaching ein.<\/p>\n<p>Wir Trainer tauschen unsere Erfahrungen aus und verfolgen dabei den Ansatz: <strong>Du stehst mit Deiner Pers\u00f6nlichkeit im Mittelpunkt<\/strong>. Wir ber\u00fccksichtigen Deine Interessen und Lernwege, damit Lernen nicht nur effektiv, sondern auch motivierend ist.<\/p>\n<p><strong>Englischlernen<\/strong> ist immer auch <strong>eine Form der pers\u00f6nlichen Weiterentwicklung<\/strong>. Kunden haben es einmal so beschrieben:<\/p>\n<p style=\"text-align: center;\"><em>&#8220;Dein Coaching ist eine<\/em> <em>Pers\u00f6nlichkeitsberatung hin zu einer Sprache.&#8221;<br \/>\nTK, Gesch\u00e4ftsf\u00fchrer\u00a0<\/em><\/p>\n<p style=\"text-align: center;\"><em>&#8220;Du hast mir so geholfen mit Englisch. Das gibt mir so viel in meinem Leben, das kannst du dir gar nicht vorstellen. Es hat mich so ge\u00e4rgert, dass ich mich selbst so eingeschr\u00e4nkt habe mit Englisch. Allein das Wissen jetzt, dass wenn ich irgendwo auf der Welt ausgesetzt werden w\u00fcrde, ich alleine zurechtkommen und den Mut aufbringen w\u00fcrde mit den Leuten zu sprechen, gibt mir sehr viel Sicherheit.&#8221;<\/em><br \/>\n<em>AD, Mutter &amp; Marketing Managerin<\/em><\/p>\n<p>Weitere <span style=\"color: #28578f;\"><a style=\"color: #28578f;\" href=\"https:\/\/bettina-bonkas.com\/kundenstimmen-englisch-coaching.html\">Kundenstimmen<\/a><\/span>.<\/p>\n<p>Unser Ziel ist, dass Du Englisch auch in herausfordernden Situationen sicher anwenden kannst. Wir geben Dir die Tools, Strategien und das Vertrauen dazu mit an die Hand.<\/p>\n<h4><span style=\"color: #28578f;\"><strong>Sprache im Alltag erleben<\/strong><\/span><\/h4>\n<p><span style=\"color: #333333;\">Nachhaltiges Lernen funktioniert nur, wenn es <strong>Spa\u00df macht und relevant ist<\/strong>. <\/span><span style=\"color: #333333;\">Deshalb gestalten wir unser Englisch-Coaching sehr abwechslungsreich &#8211; abgestimmt auf Deine <\/span><span style=\"color: #333333;\">Vorlieben und individuellen Bed\u00fcrnissen.<\/span><\/p>\n<h4><span style=\"color: #28578f;\">Extra-Aktivit\u00e4ten &#8211; for free<\/span><\/h4>\n<p>Zus\u00e4tzlich bieten wir Aktivit\u00e4ten au\u00dferhalb der Reihe an, die den Austausch und das Englischsprechen weiter f\u00f6rdern &#8211; und bei denen Du <strong>nette Leute kennenlernen und gemeinsam Spa\u00df haben kannst<\/strong>:<\/p>\n<ul>\n<li><strong>J\u00e4hrlicher Besuch der <span style=\"color: #28578f;\"><a style=\"color: #28578f;\" href=\"https:\/\/usienglishactors.de\/\">UsiEnglishActors<\/a><\/span><\/strong> &#8211; inklusive Restaurantbesuch und guten Gespr\u00e4chen auf Englisch.<\/li>\n<li><strong>Winter<\/strong>: <strong>Online-Spieleabend<\/strong> &#8211; spielerisch improvisieren und Englisch trainieren.<\/li>\n<li><strong>Sommer<\/strong>: <strong>Gemeinsamer Restaurantbesuch <\/strong>&#8211; entspanntes Zusammensein, leckeres Essen und gute Gespr\u00e4che auf Englisch.<br \/>\nUnd damit nicht genug \ud83d\ude42<br \/>\n<strong>Live-Spieleabend<\/strong> &#8211; spielerisch improvisieren und Englisch trainieren. Auch hybrid m\u00f6glich.<\/li>\n<\/ul>\n<h4><span style=\"color: #28578f;\">Dein n\u00e4chster Schritt<\/span><\/h4>\n<p>M\u00f6chtest Du ein Englisch-Coaching, das <strong>zu Dir passt<\/strong>, Dich pers\u00f6nlich weiterbringt und Spa\u00df macht?<\/p>\n<p>Dann entdecke unser <strong><a href=\"https:\/\/bettina-bonkas.com\/englisch-training-individuell-und-mit-feel-good-factor.html\"><span style=\"color: #28578f;\">Angebot<\/span> <\/a><\/strong>und finde heraus, welche Aktivit\u00e4ten zu Dir passen. Lass uns gemeinsam starten \ud83d\ude42<\/p>\n<p><span style=\"color: #333333;\">Das Bild oben wurde \u00fcbrigens in <span style=\"color: #28578f;\"><a style=\"color: #28578f;\" href=\"https:\/\/www.cornwalls.co.uk\/fowey\">Cornwall<\/a><\/span> aufgenommen.<\/span><\/p>","protected":false},"excerpt":{"rendered":"<p>Sorry, this entry is only available in Deutsch. Englisch &#8211; pers\u00f6nlichkeitsgerechtes Lernen Englisch &#8211; Pers\u00f6nlichkeitsgerechtes Lernen Pers\u00f6nlichkeitsgerechtes Lernen Mich fasziniert, wie Menschen lernen. Aufbauend auf Howard Gardners &#8220;Multiplen Intelligenzen&#8221; beobachte ich meine Kunden, die Menschen in meiner Umgebung und nat\u00fcrlich mich selbst. Ich ziehe R\u00fcckschl\u00fcsse, bilde mich weiter und bringe dieses Wissen direkt in mein &hellip; <\/p>\n<p class=\"link-more\"><a href=\"https:\/\/bettina-bonkas.com\/en\/englisch-persoenlichkeitsgerechtes-lernen.html\" class=\"more-link\">Continue reading<span class=\"screen-reader-text\"> &#8220;(Deutsch) Englisch&#8221;<\/span><\/a><\/p>\n","protected":false},"author":5,"featured_media":0,"parent":0,"menu_order":0,"comment_status":"closed","ping_status":"closed","template":"","meta":{"footnotes":""},"class_list":["post-2426","page","type-page","status-publish","hentry"],"yoast_head":"<!-- This site is optimized with the Yoast SEO plugin v27.3 - https:\/\/yoast.com\/product\/yoast-seo-wordpress\/ -->\n<title><\/title>\n<meta name=\"description\" content=\"{:de}Englisch - pers\u00f6nlichkeitsgerechtes Lernen, ausgerichtet auf den Pers\u00f6nlichkeitstyp und mit Bezug zum (beruflichen) Alltag.{:}\" \/>\n<meta name=\"robots\" content=\"index, follow, max-snippet:-1, max-image-preview:large, max-video-preview:-1\" \/>\n<link rel=\"canonical\" href=\"https:\/\/bettina-bonkas.com\/englisch-persoenlichkeitsgerechtes-lernen.html\" \/>\n<meta property=\"og:locale\" content=\"en_US\" \/>\n<meta property=\"og:type\" content=\"article\" \/>\n<meta property=\"og:title\" content=\"[:de]Englisch[:] - Be Connected by Bettina Bonkas GmbH\" \/>\n<meta property=\"og:description\" content=\"{:de}Englisch - pers\u00f6nlichkeitsgerechtes Lernen, ausgerichtet auf den Pers\u00f6nlichkeitstyp und mit Bezug zum (beruflichen) Alltag.{:}\" \/>\n<meta property=\"og:url\" content=\"https:\/\/bettina-bonkas.com\/englisch-persoenlichkeitsgerechtes-lernen.html\" \/>\n<meta property=\"og:site_name\" content=\"Be Connected by Bettina Bonkas GmbH\" \/>\n<meta property=\"article:modified_time\" content=\"2026-03-13T11:14:05+00:00\" \/>\n<meta property=\"og:image\" content=\"https:\/\/bettina-bonkas.com\/wp-content\/uploads\/Englisch-persoenlichkeitsgerechtes-lernen-Cornwall-Bettina-Bonkas-Coaching-Consulting-Sprachen-sinnvoll-lernen..jpg\" \/>\n\t<meta property=\"og:image:width\" content=\"800\" \/>\n\t<meta property=\"og:image:height\" content=\"600\" \/>\n\t<meta property=\"og:image:type\" content=\"image\/jpeg\" \/>\n<meta name=\"twitter:card\" content=\"summary_large_image\" \/>\n<meta name=\"twitter:label1\" content=\"Est. reading time\" \/>\n\t<meta name=\"twitter:data1\" content=\"3 minutes\" \/>\n<script type=\"application\/ld+json\" class=\"yoast-schema-graph\">{\"@context\":\"https:\\\/\\\/schema.org\",\"@graph\":[{\"@type\":\"WebPage\",\"@id\":\"https:\\\/\\\/bettina-bonkas.com\\\/englisch-persoenlichkeitsgerechtes-lernen.html\",\"url\":\"https:\\\/\\\/bettina-bonkas.com\\\/englisch-persoenlichkeitsgerechtes-lernen.html\",\"name\":\"[:de]Englisch[:] - Be Connected by Bettina Bonkas GmbH\",\"isPartOf\":{\"@id\":\"https:\\\/\\\/bettina-bonkas.com\\\/#website\"},\"primaryImageOfPage\":{\"@id\":\"https:\\\/\\\/bettina-bonkas.com\\\/englisch-persoenlichkeitsgerechtes-lernen.html#primaryimage\"},\"image\":{\"@id\":\"https:\\\/\\\/bettina-bonkas.com\\\/englisch-persoenlichkeitsgerechtes-lernen.html#primaryimage\"},\"thumbnailUrl\":\"http:\\\/\\\/bebc-coaching.com\\\/wp-content\\\/uploads\\\/Englisch-persoenlichkeitsgerechtes-lernen-Cornwall-Bettina-Bonkas-Coaching-Consulting-Sprachen-sinnvoll-lernen.-300x225.jpg\",\"datePublished\":\"2021-01-01T14:44:15+00:00\",\"dateModified\":\"2026-03-13T11:14:05+00:00\",\"description\":\"{:de}Englisch - pers\u00f6nlichkeitsgerechtes Lernen, ausgerichtet auf den Pers\u00f6nlichkeitstyp und mit Bezug zum (beruflichen) Alltag.{:}\",\"inLanguage\":\"en-US\",\"potentialAction\":[{\"@type\":\"ReadAction\",\"target\":[\"https:\\\/\\\/bettina-bonkas.com\\\/englisch-persoenlichkeitsgerechtes-lernen.html\"]}]},{\"@type\":\"ImageObject\",\"inLanguage\":\"en-US\",\"@id\":\"https:\\\/\\\/bettina-bonkas.com\\\/englisch-persoenlichkeitsgerechtes-lernen.html#primaryimage\",\"url\":\"http:\\\/\\\/bebc-coaching.com\\\/wp-content\\\/uploads\\\/Englisch-persoenlichkeitsgerechtes-lernen-Cornwall-Bettina-Bonkas-Coaching-Consulting-Sprachen-sinnvoll-lernen.-300x225.jpg\",\"contentUrl\":\"http:\\\/\\\/bebc-coaching.com\\\/wp-content\\\/uploads\\\/Englisch-persoenlichkeitsgerechtes-lernen-Cornwall-Bettina-Bonkas-Coaching-Consulting-Sprachen-sinnvoll-lernen.-300x225.jpg\"},{\"@type\":\"WebSite\",\"@id\":\"https:\\\/\\\/bettina-bonkas.com\\\/#website\",\"url\":\"https:\\\/\\\/bettina-bonkas.com\\\/\",\"name\":\"Be Connected by Bettina Bonkas GmbH\",\"description\":\"Resilienz | Coaching | Englisch + Improvisation\",\"publisher\":{\"@id\":\"https:\\\/\\\/bettina-bonkas.com\\\/#organization\"},\"potentialAction\":[{\"@type\":\"SearchAction\",\"target\":{\"@type\":\"EntryPoint\",\"urlTemplate\":\"https:\\\/\\\/bettina-bonkas.com\\\/?s={search_term_string}\"},\"query-input\":{\"@type\":\"PropertyValueSpecification\",\"valueRequired\":true,\"valueName\":\"search_term_string\"}}],\"inLanguage\":\"en-US\"},{\"@type\":\"Organization\",\"@id\":\"https:\\\/\\\/bettina-bonkas.com\\\/#organization\",\"name\":\"Be Connected by Bettina Bonkas GmbH\",\"url\":\"https:\\\/\\\/bettina-bonkas.com\\\/\",\"logo\":{\"@type\":\"ImageObject\",\"inLanguage\":\"en-US\",\"@id\":\"https:\\\/\\\/bettina-bonkas.com\\\/#\\\/schema\\\/logo\\\/image\\\/\",\"url\":\"https:\\\/\\\/bettina-bonkas.com\\\/wp-content\\\/uploads\\\/Be_Connected_Logo_mit-Kaushan_Script.jpg\",\"contentUrl\":\"https:\\\/\\\/bettina-bonkas.com\\\/wp-content\\\/uploads\\\/Be_Connected_Logo_mit-Kaushan_Script.jpg\",\"width\":1126,\"height\":446,\"caption\":\"Be Connected by Bettina Bonkas GmbH\"},\"image\":{\"@id\":\"https:\\\/\\\/bettina-bonkas.com\\\/#\\\/schema\\\/logo\\\/image\\\/\"}}]}<\/script>\n<!-- \/ Yoast SEO plugin. -->","yoast_head_json":{"title":"[:de]Englisch[:] - Be Connected by Bettina Bonkas GmbH","description":"{:de}Englisch - pers\u00f6nlichkeitsgerechtes Lernen, ausgerichtet auf den Pers\u00f6nlichkeitstyp und mit Bezug zum (beruflichen) Alltag.{:}","robots":{"index":"index","follow":"follow","max-snippet":"max-snippet:-1","max-image-preview":"max-image-preview:large","max-video-preview":"max-video-preview:-1"},"canonical":"https:\/\/bettina-bonkas.com\/englisch-persoenlichkeitsgerechtes-lernen.html","og_locale":"en_US","og_type":"article","og_title":"[:de]Englisch[:] - Be Connected by Bettina Bonkas GmbH","og_description":"{:de}Englisch - pers\u00f6nlichkeitsgerechtes Lernen, ausgerichtet auf den Pers\u00f6nlichkeitstyp und mit Bezug zum (beruflichen) Alltag.{:}","og_url":"https:\/\/bettina-bonkas.com\/englisch-persoenlichkeitsgerechtes-lernen.html","og_site_name":"Be Connected by Bettina Bonkas GmbH","article_modified_time":"2026-03-13T11:14:05+00:00","og_image":[{"width":800,"height":600,"url":"https:\/\/bettina-bonkas.com\/wp-content\/uploads\/Englisch-persoenlichkeitsgerechtes-lernen-Cornwall-Bettina-Bonkas-Coaching-Consulting-Sprachen-sinnvoll-lernen..jpg","type":"image\/jpeg"}],"twitter_card":"summary_large_image","twitter_misc":{"Est. reading time":"3 minutes"},"schema":{"@context":"https:\/\/schema.org","@graph":[{"@type":"WebPage","@id":"https:\/\/bettina-bonkas.com\/englisch-persoenlichkeitsgerechtes-lernen.html","url":"https:\/\/bettina-bonkas.com\/englisch-persoenlichkeitsgerechtes-lernen.html","name":"[:de]Englisch[:] - Be Connected by Bettina Bonkas GmbH","isPartOf":{"@id":"https:\/\/bettina-bonkas.com\/#website"},"primaryImageOfPage":{"@id":"https:\/\/bettina-bonkas.com\/englisch-persoenlichkeitsgerechtes-lernen.html#primaryimage"},"image":{"@id":"https:\/\/bettina-bonkas.com\/englisch-persoenlichkeitsgerechtes-lernen.html#primaryimage"},"thumbnailUrl":"http:\/\/bebc-coaching.com\/wp-content\/uploads\/Englisch-persoenlichkeitsgerechtes-lernen-Cornwall-Bettina-Bonkas-Coaching-Consulting-Sprachen-sinnvoll-lernen.-300x225.jpg","datePublished":"2021-01-01T14:44:15+00:00","dateModified":"2026-03-13T11:14:05+00:00","description":"{:de}Englisch - pers\u00f6nlichkeitsgerechtes Lernen, ausgerichtet auf den Pers\u00f6nlichkeitstyp und mit Bezug zum (beruflichen) Alltag.{:}","inLanguage":"en-US","potentialAction":[{"@type":"ReadAction","target":["https:\/\/bettina-bonkas.com\/englisch-persoenlichkeitsgerechtes-lernen.html"]}]},{"@type":"ImageObject","inLanguage":"en-US","@id":"https:\/\/bettina-bonkas.com\/englisch-persoenlichkeitsgerechtes-lernen.html#primaryimage","url":"http:\/\/bebc-coaching.com\/wp-content\/uploads\/Englisch-persoenlichkeitsgerechtes-lernen-Cornwall-Bettina-Bonkas-Coaching-Consulting-Sprachen-sinnvoll-lernen.-300x225.jpg","contentUrl":"http:\/\/bebc-coaching.com\/wp-content\/uploads\/Englisch-persoenlichkeitsgerechtes-lernen-Cornwall-Bettina-Bonkas-Coaching-Consulting-Sprachen-sinnvoll-lernen.-300x225.jpg"},{"@type":"WebSite","@id":"https:\/\/bettina-bonkas.com\/#website","url":"https:\/\/bettina-bonkas.com\/","name":"Be Connected by Bettina Bonkas GmbH","description":"Resilienz | Coaching | Englisch + Improvisation","publisher":{"@id":"https:\/\/bettina-bonkas.com\/#organization"},"potentialAction":[{"@type":"SearchAction","target":{"@type":"EntryPoint","urlTemplate":"https:\/\/bettina-bonkas.com\/?s={search_term_string}"},"query-input":{"@type":"PropertyValueSpecification","valueRequired":true,"valueName":"search_term_string"}}],"inLanguage":"en-US"},{"@type":"Organization","@id":"https:\/\/bettina-bonkas.com\/#organization","name":"Be Connected by Bettina Bonkas GmbH","url":"https:\/\/bettina-bonkas.com\/","logo":{"@type":"ImageObject","inLanguage":"en-US","@id":"https:\/\/bettina-bonkas.com\/#\/schema\/logo\/image\/","url":"https:\/\/bettina-bonkas.com\/wp-content\/uploads\/Be_Connected_Logo_mit-Kaushan_Script.jpg","contentUrl":"https:\/\/bettina-bonkas.com\/wp-content\/uploads\/Be_Connected_Logo_mit-Kaushan_Script.jpg","width":1126,"height":446,"caption":"Be Connected by Bettina Bonkas GmbH"},"image":{"@id":"https:\/\/bettina-bonkas.com\/#\/schema\/logo\/image\/"}}]}},"_links":{"self":[{"href":"https:\/\/bettina-bonkas.com\/en\/wp-json\/wp\/v2\/pages\/2426","targetHints":{"allow":["GET"]}}],"collection":[{"href":"https:\/\/bettina-bonkas.com\/en\/wp-json\/wp\/v2\/pages"}],"about":[{"href":"https:\/\/bettina-bonkas.com\/en\/wp-json\/wp\/v2\/types\/page"}],"author":[{"embeddable":true,"href":"https:\/\/bettina-bonkas.com\/en\/wp-json\/wp\/v2\/users\/5"}],"replies":[{"embeddable":true,"href":"https:\/\/bettina-bonkas.com\/en\/wp-json\/wp\/v2\/comments?post=2426"}],"version-history":[{"count":3,"href":"https:\/\/bettina-bonkas.com\/en\/wp-json\/wp\/v2\/pages\/2426\/revisions"}],"predecessor-version":[{"id":8477,"href":"https:\/\/bettina-bonkas.com\/en\/wp-json\/wp\/v2\/pages\/2426\/revisions\/8477"}],"wp:attachment":[{"href":"https:\/\/bettina-bonkas.com\/en\/wp-json\/wp\/v2\/media?parent=2426"}],"curies":[{"name":"wp","href":"https:\/\/api.w.org\/{rel}","templated":true}]}}