{"id":2431,"date":"2021-01-03T12:14:19","date_gmt":"2021-01-03T11:14:19","guid":{"rendered":"http:\/\/relaunch.bebc-coaching.com\/?page_id=2431"},"modified":"2025-10-23T10:47:00","modified_gmt":"2025-10-23T08:47:00","slug":"vorstellungsgespraeche-auf-englisch","status":"publish","type":"page","link":"https:\/\/bettina-bonkas.com\/en\/vorstellungsgespraeche-auf-englisch.html","title":{"rendered":"(Deutsch) Vorstellungsgespr\u00e4che auf Englisch"},"content":{"rendered":"<p class=\"qtranxs-available-languages-message qtranxs-available-languages-message-en\">Sorry, this entry is only available in <a href=\"https:\/\/bettina-bonkas.com\/de\/wp-json\/wp\/v2\/pages\/2431\" class=\"qtranxs-available-language-link qtranxs-available-language-link-de\" title=\"Deutsch\">Deutsch<\/a>.<\/p><p><\/p>\n<h5><img loading=\"lazy\" decoding=\"async\" class=\"alignnone size-medium wp-image-2856\" src=\"http:\/\/bebc-coaching.com\/wp-content\/uploads\/Vorstellungsgespraech-auf-Englsich-Bettina-Bonkas-Coaching-Consulting-Sprachen-sinnvoll-lernen-Bad-Homburg-300x199.jpg\" alt=\"Vorstellungsgespr\u00e4che auf Englisch\" width=\"300\" height=\"199\" srcset=\"https:\/\/bettina-bonkas.com\/wp-content\/uploads\/Vorstellungsgespraech-auf-Englsich-Bettina-Bonkas-Coaching-Consulting-Sprachen-sinnvoll-lernen-Bad-Homburg-300x199.jpg 300w, https:\/\/bettina-bonkas.com\/wp-content\/uploads\/Vorstellungsgespraech-auf-Englsich-Bettina-Bonkas-Coaching-Consulting-Sprachen-sinnvoll-lernen-Bad-Homburg-1024x678.jpg 1024w, https:\/\/bettina-bonkas.com\/wp-content\/uploads\/Vorstellungsgespraech-auf-Englsich-Bettina-Bonkas-Coaching-Consulting-Sprachen-sinnvoll-lernen-Bad-Homburg-768x508.jpg 768w, https:\/\/bettina-bonkas.com\/wp-content\/uploads\/Vorstellungsgespraech-auf-Englsich-Bettina-Bonkas-Coaching-Consulting-Sprachen-sinnvoll-lernen-Bad-Homburg-1536x1017.jpg 1536w, https:\/\/bettina-bonkas.com\/wp-content\/uploads\/Vorstellungsgespraech-auf-Englsich-Bettina-Bonkas-Coaching-Consulting-Sprachen-sinnvoll-lernen-Bad-Homburg.jpg 1920w\" sizes=\"auto, (max-width: 300px) 100vw, 300px\" \/><\/h5>\n<h5>Vorstellungsgespr\u00e4che auf Englisch<\/h5>\n<h3><strong><span style=\"color: #aa1600;\"><span style=\"color: #28578f;\">Vorstellungsgespr\u00e4che auf Englisch<\/span><br \/>\n<\/span><\/strong><\/h3>\n<p>Vorstellungsgespr\u00e4che auf Englisch: Vorstellungsgespr\u00e4che, egal auf welcher Sprache, bed\u00fcrfen gr\u00fcndlicher Vorbereitung.<\/p>\n<p>Wie reagiere ich auf Fragen zu St\u00e4rken und Schw\u00e4chen? Wie pr\u00e4sentiere ich mich pers\u00f6nlich?<\/p>\n<p>Durch meine<span style=\"color: #28578f;\"><a style=\"color: #28578f;\" href=\"https:\/\/bettina-bonkas.com\/kurzportrait.html\"> langj\u00e4hrige T\u00e4tigkeit im Personalbereich<\/a><\/span> internationaler Unternehmen greife ich auf einen gro\u00dfen Erfahrungsschatz im Bereich Vorstellungsgespr\u00e4che und Assessment Center zur\u00fcck, die ich begleitet und geleitet habe. Dabei hat sich immer wieder herausgestellt, wie wichtig es f\u00fcr den Bewerber ist, authentisch zu sein, sich seiner St\u00e4rken bewusst zu sein und einen nat\u00fcrlichen Umgang mit seinen Potentialen zu haben.<\/p>\n<p>Diese Erfahrung gebe ich als Coach gerne weiter und biete die Vorbereitung von Vorstellungsgespr\u00e4chen auf Englisch und Deutsch an.<\/p>\n<p>Das \u00dcben von Vorstellungsgespr\u00e4chen findet im Pr\u00e4senzformat und auch online \u00fcber das Programm Zoom statt. Das gibt uns die M\u00f6glichkeit, uns zu sehen, miteinander zu chatten und die Whiteboard-Funktion zu nutzen. Und gerne auch bei einem Spaziergang.<\/p>","protected":false},"excerpt":{"rendered":"<p>Sorry, this entry is only available in Deutsch. Vorstellungsgespr\u00e4che auf Englisch Vorstellungsgespr\u00e4che auf Englisch Vorstellungsgespr\u00e4che auf Englisch: Vorstellungsgespr\u00e4che, egal auf welcher Sprache, bed\u00fcrfen gr\u00fcndlicher Vorbereitung. Wie reagiere ich auf Fragen zu St\u00e4rken und Schw\u00e4chen? Wie pr\u00e4sentiere ich mich pers\u00f6nlich? Durch meine langj\u00e4hrige T\u00e4tigkeit im Personalbereich internationaler Unternehmen greife ich auf einen gro\u00dfen Erfahrungsschatz im Bereich &hellip; <\/p>\n<p class=\"link-more\"><a href=\"https:\/\/bettina-bonkas.com\/en\/vorstellungsgespraeche-auf-englisch.html\" class=\"more-link\">Continue reading<span class=\"screen-reader-text\"> &#8220;(Deutsch) Vorstellungsgespr\u00e4che auf Englisch&#8221;<\/span><\/a><\/p>\n","protected":false},"author":5,"featured_media":0,"parent":0,"menu_order":0,"comment_status":"closed","ping_status":"closed","template":"","meta":{"footnotes":""},"class_list":["post-2431","page","type-page","status-publish","hentry"],"yoast_head":"<!-- This site is optimized with the Yoast SEO plugin v27.3 - https:\/\/yoast.com\/product\/yoast-seo-wordpress\/ -->\n<title><\/title>\n<meta name=\"description\" content=\"{:de}Vorstellungsgespr\u00e4che auf Englisch: Pr\u00e4sentation Deiner St\u00e4rken und deiner Potentiale auf Englisch. Wir \u00fcben freies Sprechen und Improvisieren.{:}\" \/>\n<meta name=\"robots\" content=\"index, follow, max-snippet:-1, max-image-preview:large, max-video-preview:-1\" \/>\n<link rel=\"canonical\" href=\"https:\/\/bettina-bonkas.com\/vorstellungsgespraeche-auf-englisch.html\" \/>\n<meta property=\"og:locale\" content=\"en_US\" \/>\n<meta property=\"og:type\" content=\"article\" \/>\n<meta property=\"og:title\" content=\"[:de]Vorstellungsgespr\u00e4che auf Englisch[:] - Be Connected by Bettina Bonkas GmbH\" \/>\n<meta property=\"og:description\" content=\"{:de}Vorstellungsgespr\u00e4che auf Englisch: Pr\u00e4sentation Deiner St\u00e4rken und deiner Potentiale auf Englisch. Wir \u00fcben freies Sprechen und Improvisieren.{:}\" \/>\n<meta property=\"og:url\" content=\"https:\/\/bettina-bonkas.com\/vorstellungsgespraeche-auf-englisch.html\" \/>\n<meta property=\"og:site_name\" content=\"Be Connected by Bettina Bonkas GmbH\" \/>\n<meta property=\"article:modified_time\" content=\"2025-10-23T08:47:00+00:00\" \/>\n<meta property=\"og:image\" content=\"https:\/\/bettina-bonkas.com\/wp-content\/uploads\/Vorstellungsgespraech-auf-Englsich-Bettina-Bonkas-Coaching-Consulting-Sprachen-sinnvoll-lernen-Bad-Homburg.jpg\" \/>\n\t<meta property=\"og:image:width\" content=\"1920\" \/>\n\t<meta property=\"og:image:height\" content=\"1271\" \/>\n\t<meta property=\"og:image:type\" content=\"image\/jpeg\" \/>\n<meta name=\"twitter:card\" content=\"summary_large_image\" \/>\n<meta name=\"twitter:label1\" content=\"Est. reading time\" \/>\n\t<meta name=\"twitter:data1\" content=\"2 minutes\" \/>\n<script type=\"application\/ld+json\" class=\"yoast-schema-graph\">{\"@context\":\"https:\\\/\\\/schema.org\",\"@graph\":[{\"@type\":\"WebPage\",\"@id\":\"https:\\\/\\\/bettina-bonkas.com\\\/vorstellungsgespraeche-auf-englisch.html\",\"url\":\"https:\\\/\\\/bettina-bonkas.com\\\/vorstellungsgespraeche-auf-englisch.html\",\"name\":\"[:de]Vorstellungsgespr\u00e4che auf Englisch[:] - Be Connected by Bettina Bonkas GmbH\",\"isPartOf\":{\"@id\":\"https:\\\/\\\/bettina-bonkas.com\\\/#website\"},\"primaryImageOfPage\":{\"@id\":\"https:\\\/\\\/bettina-bonkas.com\\\/vorstellungsgespraeche-auf-englisch.html#primaryimage\"},\"image\":{\"@id\":\"https:\\\/\\\/bettina-bonkas.com\\\/vorstellungsgespraeche-auf-englisch.html#primaryimage\"},\"thumbnailUrl\":\"http:\\\/\\\/bebc-coaching.com\\\/wp-content\\\/uploads\\\/Vorstellungsgespraech-auf-Englsich-Bettina-Bonkas-Coaching-Consulting-Sprachen-sinnvoll-lernen-Bad-Homburg-300x199.jpg\",\"datePublished\":\"2021-01-03T11:14:19+00:00\",\"dateModified\":\"2025-10-23T08:47:00+00:00\",\"description\":\"{:de}Vorstellungsgespr\u00e4che auf Englisch: Pr\u00e4sentation Deiner St\u00e4rken und deiner Potentiale auf Englisch. Wir \u00fcben freies Sprechen und Improvisieren.{:}\",\"inLanguage\":\"en-US\",\"potentialAction\":[{\"@type\":\"ReadAction\",\"target\":[\"https:\\\/\\\/bettina-bonkas.com\\\/vorstellungsgespraeche-auf-englisch.html\"]}]},{\"@type\":\"ImageObject\",\"inLanguage\":\"en-US\",\"@id\":\"https:\\\/\\\/bettina-bonkas.com\\\/vorstellungsgespraeche-auf-englisch.html#primaryimage\",\"url\":\"http:\\\/\\\/bebc-coaching.com\\\/wp-content\\\/uploads\\\/Vorstellungsgespraech-auf-Englsich-Bettina-Bonkas-Coaching-Consulting-Sprachen-sinnvoll-lernen-Bad-Homburg-300x199.jpg\",\"contentUrl\":\"http:\\\/\\\/bebc-coaching.com\\\/wp-content\\\/uploads\\\/Vorstellungsgespraech-auf-Englsich-Bettina-Bonkas-Coaching-Consulting-Sprachen-sinnvoll-lernen-Bad-Homburg-300x199.jpg\"},{\"@type\":\"WebSite\",\"@id\":\"https:\\\/\\\/bettina-bonkas.com\\\/#website\",\"url\":\"https:\\\/\\\/bettina-bonkas.com\\\/\",\"name\":\"Be Connected by Bettina Bonkas GmbH\",\"description\":\"Resilienz | Coaching | Englisch + Improvisation\",\"publisher\":{\"@id\":\"https:\\\/\\\/bettina-bonkas.com\\\/#organization\"},\"potentialAction\":[{\"@type\":\"SearchAction\",\"target\":{\"@type\":\"EntryPoint\",\"urlTemplate\":\"https:\\\/\\\/bettina-bonkas.com\\\/?s={search_term_string}\"},\"query-input\":{\"@type\":\"PropertyValueSpecification\",\"valueRequired\":true,\"valueName\":\"search_term_string\"}}],\"inLanguage\":\"en-US\"},{\"@type\":\"Organization\",\"@id\":\"https:\\\/\\\/bettina-bonkas.com\\\/#organization\",\"name\":\"Be Connected by Bettina Bonkas GmbH\",\"url\":\"https:\\\/\\\/bettina-bonkas.com\\\/\",\"logo\":{\"@type\":\"ImageObject\",\"inLanguage\":\"en-US\",\"@id\":\"https:\\\/\\\/bettina-bonkas.com\\\/#\\\/schema\\\/logo\\\/image\\\/\",\"url\":\"https:\\\/\\\/bettina-bonkas.com\\\/wp-content\\\/uploads\\\/Be_Connected_Logo_mit-Kaushan_Script.jpg\",\"contentUrl\":\"https:\\\/\\\/bettina-bonkas.com\\\/wp-content\\\/uploads\\\/Be_Connected_Logo_mit-Kaushan_Script.jpg\",\"width\":1126,\"height\":446,\"caption\":\"Be Connected by Bettina Bonkas GmbH\"},\"image\":{\"@id\":\"https:\\\/\\\/bettina-bonkas.com\\\/#\\\/schema\\\/logo\\\/image\\\/\"}}]}<\/script>\n<!-- \/ Yoast SEO plugin. -->","yoast_head_json":{"title":"[:de]Vorstellungsgespr\u00e4che auf Englisch[:] - Be Connected by Bettina Bonkas GmbH","description":"{:de}Vorstellungsgespr\u00e4che auf Englisch: Pr\u00e4sentation Deiner St\u00e4rken und deiner Potentiale auf Englisch. Wir \u00fcben freies Sprechen und Improvisieren.{:}","robots":{"index":"index","follow":"follow","max-snippet":"max-snippet:-1","max-image-preview":"max-image-preview:large","max-video-preview":"max-video-preview:-1"},"canonical":"https:\/\/bettina-bonkas.com\/vorstellungsgespraeche-auf-englisch.html","og_locale":"en_US","og_type":"article","og_title":"[:de]Vorstellungsgespr\u00e4che auf Englisch[:] - Be Connected by Bettina Bonkas GmbH","og_description":"{:de}Vorstellungsgespr\u00e4che auf Englisch: Pr\u00e4sentation Deiner St\u00e4rken und deiner Potentiale auf Englisch. Wir \u00fcben freies Sprechen und Improvisieren.{:}","og_url":"https:\/\/bettina-bonkas.com\/vorstellungsgespraeche-auf-englisch.html","og_site_name":"Be Connected by Bettina Bonkas GmbH","article_modified_time":"2025-10-23T08:47:00+00:00","og_image":[{"width":1920,"height":1271,"url":"https:\/\/bettina-bonkas.com\/wp-content\/uploads\/Vorstellungsgespraech-auf-Englsich-Bettina-Bonkas-Coaching-Consulting-Sprachen-sinnvoll-lernen-Bad-Homburg.jpg","type":"image\/jpeg"}],"twitter_card":"summary_large_image","twitter_misc":{"Est. reading time":"2 minutes"},"schema":{"@context":"https:\/\/schema.org","@graph":[{"@type":"WebPage","@id":"https:\/\/bettina-bonkas.com\/vorstellungsgespraeche-auf-englisch.html","url":"https:\/\/bettina-bonkas.com\/vorstellungsgespraeche-auf-englisch.html","name":"[:de]Vorstellungsgespr\u00e4che auf Englisch[:] - Be Connected by Bettina Bonkas GmbH","isPartOf":{"@id":"https:\/\/bettina-bonkas.com\/#website"},"primaryImageOfPage":{"@id":"https:\/\/bettina-bonkas.com\/vorstellungsgespraeche-auf-englisch.html#primaryimage"},"image":{"@id":"https:\/\/bettina-bonkas.com\/vorstellungsgespraeche-auf-englisch.html#primaryimage"},"thumbnailUrl":"http:\/\/bebc-coaching.com\/wp-content\/uploads\/Vorstellungsgespraech-auf-Englsich-Bettina-Bonkas-Coaching-Consulting-Sprachen-sinnvoll-lernen-Bad-Homburg-300x199.jpg","datePublished":"2021-01-03T11:14:19+00:00","dateModified":"2025-10-23T08:47:00+00:00","description":"{:de}Vorstellungsgespr\u00e4che auf Englisch: Pr\u00e4sentation Deiner St\u00e4rken und deiner Potentiale auf Englisch. Wir \u00fcben freies Sprechen und Improvisieren.{:}","inLanguage":"en-US","potentialAction":[{"@type":"ReadAction","target":["https:\/\/bettina-bonkas.com\/vorstellungsgespraeche-auf-englisch.html"]}]},{"@type":"ImageObject","inLanguage":"en-US","@id":"https:\/\/bettina-bonkas.com\/vorstellungsgespraeche-auf-englisch.html#primaryimage","url":"http:\/\/bebc-coaching.com\/wp-content\/uploads\/Vorstellungsgespraech-auf-Englsich-Bettina-Bonkas-Coaching-Consulting-Sprachen-sinnvoll-lernen-Bad-Homburg-300x199.jpg","contentUrl":"http:\/\/bebc-coaching.com\/wp-content\/uploads\/Vorstellungsgespraech-auf-Englsich-Bettina-Bonkas-Coaching-Consulting-Sprachen-sinnvoll-lernen-Bad-Homburg-300x199.jpg"},{"@type":"WebSite","@id":"https:\/\/bettina-bonkas.com\/#website","url":"https:\/\/bettina-bonkas.com\/","name":"Be Connected by Bettina Bonkas GmbH","description":"Resilienz | Coaching | Englisch + Improvisation","publisher":{"@id":"https:\/\/bettina-bonkas.com\/#organization"},"potentialAction":[{"@type":"SearchAction","target":{"@type":"EntryPoint","urlTemplate":"https:\/\/bettina-bonkas.com\/?s={search_term_string}"},"query-input":{"@type":"PropertyValueSpecification","valueRequired":true,"valueName":"search_term_string"}}],"inLanguage":"en-US"},{"@type":"Organization","@id":"https:\/\/bettina-bonkas.com\/#organization","name":"Be Connected by Bettina Bonkas GmbH","url":"https:\/\/bettina-bonkas.com\/","logo":{"@type":"ImageObject","inLanguage":"en-US","@id":"https:\/\/bettina-bonkas.com\/#\/schema\/logo\/image\/","url":"https:\/\/bettina-bonkas.com\/wp-content\/uploads\/Be_Connected_Logo_mit-Kaushan_Script.jpg","contentUrl":"https:\/\/bettina-bonkas.com\/wp-content\/uploads\/Be_Connected_Logo_mit-Kaushan_Script.jpg","width":1126,"height":446,"caption":"Be Connected by Bettina Bonkas GmbH"},"image":{"@id":"https:\/\/bettina-bonkas.com\/#\/schema\/logo\/image\/"}}]}},"_links":{"self":[{"href":"https:\/\/bettina-bonkas.com\/en\/wp-json\/wp\/v2\/pages\/2431","targetHints":{"allow":["GET"]}}],"collection":[{"href":"https:\/\/bettina-bonkas.com\/en\/wp-json\/wp\/v2\/pages"}],"about":[{"href":"https:\/\/bettina-bonkas.com\/en\/wp-json\/wp\/v2\/types\/page"}],"author":[{"embeddable":true,"href":"https:\/\/bettina-bonkas.com\/en\/wp-json\/wp\/v2\/users\/5"}],"replies":[{"embeddable":true,"href":"https:\/\/bettina-bonkas.com\/en\/wp-json\/wp\/v2\/comments?post=2431"}],"version-history":[{"count":3,"href":"https:\/\/bettina-bonkas.com\/en\/wp-json\/wp\/v2\/pages\/2431\/revisions"}],"predecessor-version":[{"id":7627,"href":"https:\/\/bettina-bonkas.com\/en\/wp-json\/wp\/v2\/pages\/2431\/revisions\/7627"}],"wp:attachment":[{"href":"https:\/\/bettina-bonkas.com\/en\/wp-json\/wp\/v2\/media?parent=2431"}],"curies":[{"name":"wp","href":"https:\/\/api.w.org\/{rel}","templated":true}]}}