{"id":2434,"date":"2021-01-03T12:25:31","date_gmt":"2021-01-03T11:25:31","guid":{"rendered":"http:\/\/relaunch.bebc-coaching.com\/?page_id=2434"},"modified":"2026-03-19T10:10:30","modified_gmt":"2026-03-19T09:10:30","slug":"englisch-training-individuell-und-mit-feel-good-factor","status":"publish","type":"page","link":"https:\/\/bettina-bonkas.com\/en\/englisch-training-individuell-und-mit-feel-good-factor.html","title":{"rendered":"(Deutsch) Angebot"},"content":{"rendered":"<p class=\"qtranxs-available-languages-message qtranxs-available-languages-message-en\">Sorry, this entry is only available in <a href=\"https:\/\/bettina-bonkas.com\/de\/wp-json\/wp\/v2\/pages\/2434\" class=\"qtranxs-available-language-link qtranxs-available-language-link-de\" title=\"Deutsch\">Deutsch<\/a>.<\/p><p><\/p>\n<h5><img loading=\"lazy\" decoding=\"async\" class=\"alignnone wp-image-2808\" src=\"http:\/\/bebc-coaching.com\/wp-content\/uploads\/Englisch-Trainings-individuell-und-mit-feel-good-factor-Bettina-Bonkas-Coaching-Consulting-Sprachen-sinnvoll-lernen-300x150.png\" alt=\"Englisch-Training: individuell &amp; mit feel-good-factor\" width=\"360\" height=\"180\" srcset=\"https:\/\/bettina-bonkas.com\/wp-content\/uploads\/Englisch-Trainings-individuell-und-mit-feel-good-factor-Bettina-Bonkas-Coaching-Consulting-Sprachen-sinnvoll-lernen-300x150.png 300w, https:\/\/bettina-bonkas.com\/wp-content\/uploads\/Englisch-Trainings-individuell-und-mit-feel-good-factor-Bettina-Bonkas-Coaching-Consulting-Sprachen-sinnvoll-lernen-1024x512.png 1024w, https:\/\/bettina-bonkas.com\/wp-content\/uploads\/Englisch-Trainings-individuell-und-mit-feel-good-factor-Bettina-Bonkas-Coaching-Consulting-Sprachen-sinnvoll-lernen-768x384.png 768w, https:\/\/bettina-bonkas.com\/wp-content\/uploads\/Englisch-Trainings-individuell-und-mit-feel-good-factor-Bettina-Bonkas-Coaching-Consulting-Sprachen-sinnvoll-lernen.png 1280w\" sizes=\"auto, (max-width: 360px) 100vw, 360px\" \/><br \/>\nEnglisch-Coaching: individuell &amp; mit feel-good-factor<\/h5>\n<h3><span style=\"color: #aa1600;\"><strong><span style=\"color: #28578f;\">Englisch-Coaching: praxisnah, individuell &amp; mit Feel-Good-Factor<\/span><br \/>\n<\/strong><\/span><\/h3>\n<p><span style=\"color: #333333;\">Englisch-Coaching: individuell &amp; mit Feel-Good-Factor &#8211; im <strong>Pr\u00e4senz<\/strong>&#8211; &amp; <strong>Online<\/strong>-Format und auch <strong>hybrid<\/strong>. F\u00fcr Privatpersonen und Firmen. In netten Gruppen oder gerne auch einzeln &#8211; your choice:-)<\/span><\/p>\n<p>Flexibilit\u00e4t ist uns wichtig. Du w\u00fcrdest gerne in einer Gruppe lernen, kannst aber nicht regelm\u00e4\u00dfig teilnehmen? Sprich mich an, gemeinsam finden wir eine L\u00f6sung.<\/p>\n<p>Du m\u00f6chtest vorab mehr erfahren? Gerne. \ud83d\ude42 Hier findest Du weitere Informationen: <a href=\"https:\/\/bettina-bonkas.com\/englisch-persoenlichkeitsgerechtes-lernen.html\"><span style=\"color: #28578f;\">Englisch &#8211; Pers\u00f6nlichkeitsgerechtes Lernen<\/span><\/a>.<\/p>\n<h4><span style=\"color: #28578f;\">Und <strong>Extras<\/strong> gibt es auch noch:<\/span><\/h4>\n<p>In unserem Angebot sind zus\u00e4tzliche Aktivit\u00e4ten enthalten &#8211; ohne Aufpreis. Einfach auf Link klicken, um mehr zu erfahren:\u00a0<a href=\"https:\/\/bettina-bonkas.com\/englisch-persoenlichkeitsgerechtes-lernen.html\"><strong><span style=\"color: #28578f;\">Extra-Aktivit\u00e4ten &#8211; for free<\/span><\/strong><\/a><\/p>\n<h4><span style=\"color: #28578f;\">Angebot &#8211; Zusammenfassung:<\/span><\/h4>\n<ul>\n<li>Gruppen-Coachings &#8211; verschiedene Niveaustufen<\/li>\n<li>&#8220;Yes, I can!&#8221; &#8211; Englisch frei sprechen (special training)<\/li>\n<li>Einzel-Coaching<\/li>\n<li>Vorstellungsgespr\u00e4che auf Englisch<\/li>\n<li>Sprachreisen + Bildungsurlaub in England<\/li>\n<li>Let&#8217;s Talk Over Lunch &#8211; Firmen-Coaching<\/li>\n<li>Inhouse-Coaching f\u00fcr Firmen<\/li>\n<\/ul>\n<h4><span style=\"color: #28578f;\">Und hier jetzt etwas detaillierter:<\/span><\/h4>\n<ul>\n<li>\n<h4><span style=\"color: #28578f;\"><strong>Gruppen-Coaching auf verschiedenen Niveaustufen<\/strong><\/span><\/h4>\n<\/li>\n<\/ul>\n<p>Einmal w\u00f6chentlich, 60 Minuten, kleine Gruppen<br \/>\n&#8211; Englisch, Business English &#8211;<br \/>\nInteresse? Sprich mich an, gemeinsam k\u00f6nnen wir schauen, was am besten f\u00fcr Dich passt.<\/p>\n<ul>\n<li>\n<h4><strong>\u00a0<span style=\"color: #28578f;\">&#8220;Yes, I can! light&#8221; (Gruppen-Coaching)<\/span><\/strong><\/h4>\n<\/li>\n<\/ul>\n<p>Eine Mischung aus freiem Sprechen, Improvisation &amp; Englisch Coaching. F\u00fcr mehr Leichtigkeit &amp; Selbstvertrauen beim Englischsprechen, lots of fun included. \ud83d\ude42<br \/>\n-&gt; Einmal monatlich. Freitags: 17:30 &#8211; 20 Uhr<br \/>\n<a href=\"https:\/\/bettina-bonkas.com\/yes-i-can-light.html\"><span style=\"color: #28578f;\">An impression<\/span><\/a><\/p>\n<p>-&gt; Keine Zeit? Kein Problem<\/p>\n<p>Wenn Du nicht teilnehmen kannst, hast Du beim Gruppen-Coaching die M\u00f6glichkeit,<strong> einfach in einer anderen Gruppe teilzunehmen.<\/strong><\/p>\n<ul>\n<li>\n<h4><span style=\"color: #28578f;\"><strong>\u00a0&#8220;Yes, I can!\u00a0 <span style=\"color: #28578f;\">Englisch <\/span>frei sprechen&#8221; (special training)<\/strong><\/span><\/h4>\n<\/li>\n<\/ul>\n<p>Unsicher beim Englischsprechen? &#8211; Englisch sprechen mal anders mit dem Impuls-Coaching <strong><span style=\"color: #28578f;\"><a style=\"color: #28578f;\" href=\"https:\/\/bettina-bonkas.com\/yes-i-can-englisch-frei-sprechen\">&#8220;Yes, I can! &#8211; Englisch frei sprechen&#8221;<\/a><\/span><\/strong><br \/>\n&#8211; Termine auf Nachfrage &#8211;<\/p>\n<ul>\n<li>\n<h4><span style=\"color: #28578f;\"><strong>Flexibles Einzel-Coaching<\/strong><\/span><\/h4>\n<\/li>\n<\/ul>\n<p><span style=\"color: #333333;\">Individuell, flexibel und zugeschnitten auf Deine Bed\u00fcrfnisse<\/span><\/p>\n<p>***<\/p>\n<p style=\"text-align: center;\">Mein Angebot ist einzeln oder im Mix buchbar. Gerne k\u00f6nnen wir in einem Gespr\u00e4ch herausfinden, <em>what is best for you.<\/em><\/p>\n<p>***<\/p>\n<ul>\n<li>\n<h4><span style=\"color: #28578f;\"><strong>Vorstellungsgespr\u00e4che auf Englisch<\/strong><\/span><\/h4>\n<\/li>\n<\/ul>\n<p>Der Schwerpunkt liegt darauf, dass Du Dich auf Englisch pr\u00e4sentieren kannst, Dir Deiner St\u00e4rken bewusst bist, mit Deinen Potentialen nat\u00fcrlich umgehen und auf unvorhergesehene Fragen eingehen kannst. &#8211; <a href=\"https:\/\/bettina-bonkas.com\/vorstellungsgespraeche-auf-englisch.html\"><span style=\"color: #28578f;\">Weitere Informationen<\/span><\/a><\/p>\n<ul>\n<li>\n<h4><span style=\"color: #28578f;\"><strong>Sprachreisen<\/strong> &amp; Bildungsurlaub in England<\/span><\/h4>\n<\/li>\n<\/ul>\n<p>Sprachreisen nach England: Ein vielseitiges und abwechslungsreiches Angebot f\u00fcr Privatpersonen und Gesch\u00e4ftsleute im Herzen von England. <a href=\"https:\/\/bettina-bonkas.com\/sprachreisen-nach-england-bildungsurlaub.html\"><span style=\"color: #28578f;\">Weitere Informationen<\/span><\/a><\/p>\n<ul>\n<li>\n<h4><span style=\"color: #28578f;\"><strong>Let&#8217;s Talk Over Lunch &#8211; Firmen-Coaching<\/strong><\/span><\/h4>\n<\/li>\n<\/ul>\n<p><span style=\"color: #333333;\">Wir sprechen \u00fcber Themen aus der Gesch\u00e4ftswelt, dem aktuellen Zeitgeschehen und machen Small Talk. Dabei \u00fcben wir immer wieder\u00a0 Improvisieren, um das freie Sprechen zu erleichtern und einen entspannteren\u00a0 Umgang mit der Sprache zu finden.<\/span><\/p>\n<p><span style=\"color: #333333;\">Mit &#8220;Let&#8217;s Talk Over Lunch&#8221; bieten wir die M\u00f6glichkeit, unkompliziert in der Sprache zu bleiben.<\/span><\/p>\n<ul>\n<li>\n<h4><span style=\"color: #28578f;\"><strong>Inhouse-Coaching f\u00fcr Firmen<\/strong><\/span><\/h4>\n<\/li>\n<\/ul>\n<p><span style=\"color: #333333;\">Individuelle Inhouse Englisch-Coachings f\u00fcr Firmen, zugeschnitten auf Ihre Bed\u00fcrfnisse.<\/span><\/p>\n<h4><span style=\"color: #28578f;\">Wir bieten unser Sprach-Coaching:<\/span><\/h4>\n<ul>\n<li><span style=\"color: #333333;\">F\u00fcr <strong>Privatpersonen<\/strong> und <strong>Firmen<\/strong> an<\/span><\/li>\n<li><span style=\"color: #333333;\">In Form von <strong>Gruppen- &amp; Einzelcoachings<\/strong><\/span><\/li>\n<li><span style=\"color: #333333;\">Auf verschiedenen Lernstufen<\/span><\/li>\n<li><span style=\"color: #333333;\"><strong>Tags\u00fcber<\/strong>, <strong>nachmittags <\/strong>und <strong>abends<\/strong><strong><br \/>\n<\/strong><\/span><\/li>\n<li><span style=\"color: #333333;\"><strong>Neue Gruppen<\/strong> entstehen immer wieder nach Bedarf<\/span><\/li>\n<\/ul>\n<h4>Du f\u00e4hlst Dich angesprochen &amp; hast noch Fragen?<\/h4>\n<p>Gerne kannst Du ein unverbindliches Kennenlerngespr\u00e4ch (20 Min.) buchen \u00fcber <span style=\"color: #28578f;\"><strong><a style=\"color: #28578f;\" href=\"https:\/\/bettina-bonkas.com\/kontakt.html\">Kontakt.<\/a><\/strong><\/span><\/p>\n<p><strong>Ich freue mich, von Dir zu h\u00f6ren.\u00a0\ud83d\ude42\u00a0<\/strong><\/p>\n<p><span style=\"color: #333333;\"><strong>Anmerkung zum \u201eDu\u201c<\/strong>: Mit dem Du \u00fcberbr\u00fccke ich die Distanz, die zwischen uns, die wir uns nicht pers\u00f6nlich kennen, besteht.<\/span><\/p>","protected":false},"excerpt":{"rendered":"<p>Sorry, this entry is only available in Deutsch. Englisch-Coaching: individuell &amp; mit feel-good-factor Englisch-Coaching: praxisnah, individuell &amp; mit Feel-Good-Factor Englisch-Coaching: individuell &amp; mit Feel-Good-Factor &#8211; im Pr\u00e4senz&#8211; &amp; Online-Format und auch hybrid. F\u00fcr Privatpersonen und Firmen. In netten Gruppen oder gerne auch einzeln &#8211; your choice:-) Flexibilit\u00e4t ist uns wichtig. Du w\u00fcrdest gerne in einer &hellip; <\/p>\n<p class=\"link-more\"><a href=\"https:\/\/bettina-bonkas.com\/en\/englisch-training-individuell-und-mit-feel-good-factor.html\" class=\"more-link\">Continue reading<span class=\"screen-reader-text\"> &#8220;(Deutsch) Angebot&#8221;<\/span><\/a><\/p>\n","protected":false},"author":5,"featured_media":0,"parent":0,"menu_order":0,"comment_status":"closed","ping_status":"closed","template":"","meta":{"footnotes":""},"class_list":["post-2434","page","type-page","status-publish","hentry"],"yoast_head":"<!-- This site is optimized with the Yoast SEO plugin v27.3 - https:\/\/yoast.com\/product\/yoast-seo-wordpress\/ -->\n<title><\/title>\n<meta name=\"description\" content=\"{:de}Englisch-Training: praxisnah, individuell &amp; mit feel-good-factor - in Form von Pr\u00e4senz- oder Online-Trainings, f\u00fcr Privatpersonen und Firmen. {:}\" \/>\n<meta name=\"robots\" content=\"index, follow, max-snippet:-1, max-image-preview:large, max-video-preview:-1\" \/>\n<link rel=\"canonical\" href=\"https:\/\/bettina-bonkas.com\/englisch-training-individuell-und-mit-feel-good-factor.html\" \/>\n<meta property=\"og:locale\" content=\"en_US\" \/>\n<meta property=\"og:type\" content=\"article\" \/>\n<meta property=\"og:title\" content=\"[:de]Angebot[:] - Be Connected by Bettina Bonkas GmbH\" \/>\n<meta property=\"og:description\" content=\"{:de}Englisch-Training: praxisnah, individuell &amp; mit feel-good-factor - in Form von Pr\u00e4senz- oder Online-Trainings, f\u00fcr Privatpersonen und Firmen. {:}\" \/>\n<meta property=\"og:url\" content=\"https:\/\/bettina-bonkas.com\/englisch-training-individuell-und-mit-feel-good-factor.html\" \/>\n<meta property=\"og:site_name\" content=\"Be Connected by Bettina Bonkas GmbH\" \/>\n<meta property=\"article:modified_time\" content=\"2026-03-19T09:10:30+00:00\" \/>\n<meta property=\"og:image\" content=\"https:\/\/bettina-bonkas.com\/wp-content\/uploads\/Englisch-Trainings-individuell-und-mit-feel-good-factor-Bettina-Bonkas-Coaching-Consulting-Sprachen-sinnvoll-lernen.png\" \/>\n\t<meta property=\"og:image:width\" content=\"1280\" \/>\n\t<meta property=\"og:image:height\" content=\"640\" \/>\n\t<meta property=\"og:image:type\" content=\"image\/png\" \/>\n<meta name=\"twitter:card\" content=\"summary_large_image\" \/>\n<meta name=\"twitter:label1\" content=\"Est. reading time\" \/>\n\t<meta name=\"twitter:data1\" content=\"3 minutes\" \/>\n<script type=\"application\/ld+json\" class=\"yoast-schema-graph\">{\"@context\":\"https:\\\/\\\/schema.org\",\"@graph\":[{\"@type\":\"WebPage\",\"@id\":\"https:\\\/\\\/bettina-bonkas.com\\\/englisch-training-individuell-und-mit-feel-good-factor.html\",\"url\":\"https:\\\/\\\/bettina-bonkas.com\\\/englisch-training-individuell-und-mit-feel-good-factor.html\",\"name\":\"[:de]Angebot[:] - Be Connected by Bettina Bonkas GmbH\",\"isPartOf\":{\"@id\":\"https:\\\/\\\/bettina-bonkas.com\\\/#website\"},\"primaryImageOfPage\":{\"@id\":\"https:\\\/\\\/bettina-bonkas.com\\\/englisch-training-individuell-und-mit-feel-good-factor.html#primaryimage\"},\"image\":{\"@id\":\"https:\\\/\\\/bettina-bonkas.com\\\/englisch-training-individuell-und-mit-feel-good-factor.html#primaryimage\"},\"thumbnailUrl\":\"http:\\\/\\\/bebc-coaching.com\\\/wp-content\\\/uploads\\\/Englisch-Trainings-individuell-und-mit-feel-good-factor-Bettina-Bonkas-Coaching-Consulting-Sprachen-sinnvoll-lernen-300x150.png\",\"datePublished\":\"2021-01-03T11:25:31+00:00\",\"dateModified\":\"2026-03-19T09:10:30+00:00\",\"description\":\"{:de}Englisch-Training: praxisnah, individuell & mit feel-good-factor - in Form von Pr\u00e4senz- oder Online-Trainings, f\u00fcr Privatpersonen und Firmen. {:}\",\"inLanguage\":\"en-US\",\"potentialAction\":[{\"@type\":\"ReadAction\",\"target\":[\"https:\\\/\\\/bettina-bonkas.com\\\/englisch-training-individuell-und-mit-feel-good-factor.html\"]}]},{\"@type\":\"ImageObject\",\"inLanguage\":\"en-US\",\"@id\":\"https:\\\/\\\/bettina-bonkas.com\\\/englisch-training-individuell-und-mit-feel-good-factor.html#primaryimage\",\"url\":\"http:\\\/\\\/bebc-coaching.com\\\/wp-content\\\/uploads\\\/Englisch-Trainings-individuell-und-mit-feel-good-factor-Bettina-Bonkas-Coaching-Consulting-Sprachen-sinnvoll-lernen-300x150.png\",\"contentUrl\":\"http:\\\/\\\/bebc-coaching.com\\\/wp-content\\\/uploads\\\/Englisch-Trainings-individuell-und-mit-feel-good-factor-Bettina-Bonkas-Coaching-Consulting-Sprachen-sinnvoll-lernen-300x150.png\"},{\"@type\":\"WebSite\",\"@id\":\"https:\\\/\\\/bettina-bonkas.com\\\/#website\",\"url\":\"https:\\\/\\\/bettina-bonkas.com\\\/\",\"name\":\"Be Connected by Bettina Bonkas GmbH\",\"description\":\"Resilienz | Coaching | Englisch + Improvisation\",\"publisher\":{\"@id\":\"https:\\\/\\\/bettina-bonkas.com\\\/#organization\"},\"potentialAction\":[{\"@type\":\"SearchAction\",\"target\":{\"@type\":\"EntryPoint\",\"urlTemplate\":\"https:\\\/\\\/bettina-bonkas.com\\\/?s={search_term_string}\"},\"query-input\":{\"@type\":\"PropertyValueSpecification\",\"valueRequired\":true,\"valueName\":\"search_term_string\"}}],\"inLanguage\":\"en-US\"},{\"@type\":\"Organization\",\"@id\":\"https:\\\/\\\/bettina-bonkas.com\\\/#organization\",\"name\":\"Be Connected by Bettina Bonkas GmbH\",\"url\":\"https:\\\/\\\/bettina-bonkas.com\\\/\",\"logo\":{\"@type\":\"ImageObject\",\"inLanguage\":\"en-US\",\"@id\":\"https:\\\/\\\/bettina-bonkas.com\\\/#\\\/schema\\\/logo\\\/image\\\/\",\"url\":\"https:\\\/\\\/bettina-bonkas.com\\\/wp-content\\\/uploads\\\/Be_Connected_Logo_mit-Kaushan_Script.jpg\",\"contentUrl\":\"https:\\\/\\\/bettina-bonkas.com\\\/wp-content\\\/uploads\\\/Be_Connected_Logo_mit-Kaushan_Script.jpg\",\"width\":1126,\"height\":446,\"caption\":\"Be Connected by Bettina Bonkas GmbH\"},\"image\":{\"@id\":\"https:\\\/\\\/bettina-bonkas.com\\\/#\\\/schema\\\/logo\\\/image\\\/\"}}]}<\/script>\n<!-- \/ Yoast SEO plugin. -->","yoast_head_json":{"title":"[:de]Angebot[:] - Be Connected by Bettina Bonkas GmbH","description":"{:de}Englisch-Training: praxisnah, individuell & mit feel-good-factor - in Form von Pr\u00e4senz- oder Online-Trainings, f\u00fcr Privatpersonen und Firmen. {:}","robots":{"index":"index","follow":"follow","max-snippet":"max-snippet:-1","max-image-preview":"max-image-preview:large","max-video-preview":"max-video-preview:-1"},"canonical":"https:\/\/bettina-bonkas.com\/englisch-training-individuell-und-mit-feel-good-factor.html","og_locale":"en_US","og_type":"article","og_title":"[:de]Angebot[:] - Be Connected by Bettina Bonkas GmbH","og_description":"{:de}Englisch-Training: praxisnah, individuell & mit feel-good-factor - in Form von Pr\u00e4senz- oder Online-Trainings, f\u00fcr Privatpersonen und Firmen. {:}","og_url":"https:\/\/bettina-bonkas.com\/englisch-training-individuell-und-mit-feel-good-factor.html","og_site_name":"Be Connected by Bettina Bonkas GmbH","article_modified_time":"2026-03-19T09:10:30+00:00","og_image":[{"width":1280,"height":640,"url":"https:\/\/bettina-bonkas.com\/wp-content\/uploads\/Englisch-Trainings-individuell-und-mit-feel-good-factor-Bettina-Bonkas-Coaching-Consulting-Sprachen-sinnvoll-lernen.png","type":"image\/png"}],"twitter_card":"summary_large_image","twitter_misc":{"Est. reading time":"3 minutes"},"schema":{"@context":"https:\/\/schema.org","@graph":[{"@type":"WebPage","@id":"https:\/\/bettina-bonkas.com\/englisch-training-individuell-und-mit-feel-good-factor.html","url":"https:\/\/bettina-bonkas.com\/englisch-training-individuell-und-mit-feel-good-factor.html","name":"[:de]Angebot[:] - Be Connected by Bettina Bonkas GmbH","isPartOf":{"@id":"https:\/\/bettina-bonkas.com\/#website"},"primaryImageOfPage":{"@id":"https:\/\/bettina-bonkas.com\/englisch-training-individuell-und-mit-feel-good-factor.html#primaryimage"},"image":{"@id":"https:\/\/bettina-bonkas.com\/englisch-training-individuell-und-mit-feel-good-factor.html#primaryimage"},"thumbnailUrl":"http:\/\/bebc-coaching.com\/wp-content\/uploads\/Englisch-Trainings-individuell-und-mit-feel-good-factor-Bettina-Bonkas-Coaching-Consulting-Sprachen-sinnvoll-lernen-300x150.png","datePublished":"2021-01-03T11:25:31+00:00","dateModified":"2026-03-19T09:10:30+00:00","description":"{:de}Englisch-Training: praxisnah, individuell & mit feel-good-factor - in Form von Pr\u00e4senz- oder Online-Trainings, f\u00fcr Privatpersonen und Firmen. {:}","inLanguage":"en-US","potentialAction":[{"@type":"ReadAction","target":["https:\/\/bettina-bonkas.com\/englisch-training-individuell-und-mit-feel-good-factor.html"]}]},{"@type":"ImageObject","inLanguage":"en-US","@id":"https:\/\/bettina-bonkas.com\/englisch-training-individuell-und-mit-feel-good-factor.html#primaryimage","url":"http:\/\/bebc-coaching.com\/wp-content\/uploads\/Englisch-Trainings-individuell-und-mit-feel-good-factor-Bettina-Bonkas-Coaching-Consulting-Sprachen-sinnvoll-lernen-300x150.png","contentUrl":"http:\/\/bebc-coaching.com\/wp-content\/uploads\/Englisch-Trainings-individuell-und-mit-feel-good-factor-Bettina-Bonkas-Coaching-Consulting-Sprachen-sinnvoll-lernen-300x150.png"},{"@type":"WebSite","@id":"https:\/\/bettina-bonkas.com\/#website","url":"https:\/\/bettina-bonkas.com\/","name":"Be Connected by Bettina Bonkas GmbH","description":"Resilienz | Coaching | Englisch + Improvisation","publisher":{"@id":"https:\/\/bettina-bonkas.com\/#organization"},"potentialAction":[{"@type":"SearchAction","target":{"@type":"EntryPoint","urlTemplate":"https:\/\/bettina-bonkas.com\/?s={search_term_string}"},"query-input":{"@type":"PropertyValueSpecification","valueRequired":true,"valueName":"search_term_string"}}],"inLanguage":"en-US"},{"@type":"Organization","@id":"https:\/\/bettina-bonkas.com\/#organization","name":"Be Connected by Bettina Bonkas GmbH","url":"https:\/\/bettina-bonkas.com\/","logo":{"@type":"ImageObject","inLanguage":"en-US","@id":"https:\/\/bettina-bonkas.com\/#\/schema\/logo\/image\/","url":"https:\/\/bettina-bonkas.com\/wp-content\/uploads\/Be_Connected_Logo_mit-Kaushan_Script.jpg","contentUrl":"https:\/\/bettina-bonkas.com\/wp-content\/uploads\/Be_Connected_Logo_mit-Kaushan_Script.jpg","width":1126,"height":446,"caption":"Be Connected by Bettina Bonkas GmbH"},"image":{"@id":"https:\/\/bettina-bonkas.com\/#\/schema\/logo\/image\/"}}]}},"_links":{"self":[{"href":"https:\/\/bettina-bonkas.com\/en\/wp-json\/wp\/v2\/pages\/2434","targetHints":{"allow":["GET"]}}],"collection":[{"href":"https:\/\/bettina-bonkas.com\/en\/wp-json\/wp\/v2\/pages"}],"about":[{"href":"https:\/\/bettina-bonkas.com\/en\/wp-json\/wp\/v2\/types\/page"}],"author":[{"embeddable":true,"href":"https:\/\/bettina-bonkas.com\/en\/wp-json\/wp\/v2\/users\/5"}],"replies":[{"embeddable":true,"href":"https:\/\/bettina-bonkas.com\/en\/wp-json\/wp\/v2\/comments?post=2434"}],"version-history":[{"count":3,"href":"https:\/\/bettina-bonkas.com\/en\/wp-json\/wp\/v2\/pages\/2434\/revisions"}],"predecessor-version":[{"id":8552,"href":"https:\/\/bettina-bonkas.com\/en\/wp-json\/wp\/v2\/pages\/2434\/revisions\/8552"}],"wp:attachment":[{"href":"https:\/\/bettina-bonkas.com\/en\/wp-json\/wp\/v2\/media?parent=2434"}],"curies":[{"name":"wp","href":"https:\/\/api.w.org\/{rel}","templated":true}]}}