{"id":2437,"date":"2021-01-03T12:35:45","date_gmt":"2021-01-03T11:35:45","guid":{"rendered":"http:\/\/relaunch.bebc-coaching.com\/?page_id=2437"},"modified":"2026-02-12T12:18:30","modified_gmt":"2026-02-12T11:18:30","slug":"englisch-frei-sprechen-coaching","status":"publish","type":"page","link":"https:\/\/bettina-bonkas.com\/en\/englisch-frei-sprechen-coaching.html","title":{"rendered":"(Deutsch) Englisch frei sprechen &#8211; Coaching"},"content":{"rendered":"<p class=\"qtranxs-available-languages-message qtranxs-available-languages-message-en\">Sorry, this entry is only available in <a href=\"https:\/\/bettina-bonkas.com\/de\/wp-json\/wp\/v2\/pages\/2437\" class=\"qtranxs-available-language-link qtranxs-available-language-link-de\" title=\"Deutsch\">Deutsch<\/a>.<\/p><p><\/p>\n<h5><img loading=\"lazy\" decoding=\"async\" class=\"alignnone size-medium wp-image-2910\" src=\"https:\/\/bettina-bonkas.com\/wp-content\/uploads\/Coaching-fuer-Sicherheit-beim-Englisch-sprechen-Bettina-Bonkas-Coaching-Consulting-Sprachen-sinnvoll-lernen-300x135.jpg\" alt=\"\" width=\"300\" height=\"135\" srcset=\"https:\/\/bettina-bonkas.com\/wp-content\/uploads\/Coaching-fuer-Sicherheit-beim-Englisch-sprechen-Bettina-Bonkas-Coaching-Consulting-Sprachen-sinnvoll-lernen-300x135.jpg 300w, https:\/\/bettina-bonkas.com\/wp-content\/uploads\/Coaching-fuer-Sicherheit-beim-Englisch-sprechen-Bettina-Bonkas-Coaching-Consulting-Sprachen-sinnvoll-lernen-1024x460.jpg 1024w, https:\/\/bettina-bonkas.com\/wp-content\/uploads\/Coaching-fuer-Sicherheit-beim-Englisch-sprechen-Bettina-Bonkas-Coaching-Consulting-Sprachen-sinnvoll-lernen-768x345.jpg 768w, https:\/\/bettina-bonkas.com\/wp-content\/uploads\/Coaching-fuer-Sicherheit-beim-Englisch-sprechen-Bettina-Bonkas-Coaching-Consulting-Sprachen-sinnvoll-lernen-1536x690.jpg 1536w, https:\/\/bettina-bonkas.com\/wp-content\/uploads\/Coaching-fuer-Sicherheit-beim-Englisch-sprechen-Bettina-Bonkas-Coaching-Consulting-Sprachen-sinnvoll-lernen.jpg 1920w\" sizes=\"auto, (max-width: 300px) 100vw, 300px\" \/><\/h5>\n<h5>Englisch frei sprechen &#8211; coaching<\/h5>\n<h3><span style=\"color: #28578f;\"><strong>Englisch frei sprechen &#8211; Coaching<\/strong><\/span><\/h3>\n<p><span style=\"color: #333333;\">Coaching &#8211; Englisch frei sprechen: Beim Gruppen-Coaching stelle ich immer wieder fest, dass Teilnehmer Hemmungen haben beim Englischsprechen aus Angst, Fehler zu machen. <\/span><\/p>\n<p><span style=\"color: #333333;\">Ihre Kenntnisse sind meistens v\u00f6llig ausreichend, aber sie haben h\u00e4ufig hinderliche Glaubenss\u00e4tze verinnerlicht, wie &#8220;Mein Englisch ist nicht gut. Meine Kollegen sprechen viel besser.&#8221; &#8211; <\/span>Oftmals sind sie sich ihrer vorhandenen Ressourcen nicht bewusst, der Weg zu ihnen ist verstellt. Als Konsequenz fehlt es ihnen an Sicherheit beim Englischsprechen.<\/p>\n<p><span style=\"color: #333333;\">Wenn Du Dich angesprochen f\u00fchlst, befindest Du Dich in bester Gesellschaft. Nicht wenige Menschen haben Unsicherheiten beim Englischsprechen. Einzel-Coaching eignet sich sehr gut zum Abbau von Unsicherheiten beim freien Sprechen. Ich helfe Dir dabei, dass Du Dich auf das eigentliche Thema konzentrieren kannst: z.B. <\/span><\/p>\n<ul>\n<li><span style=\"color: #333333;\">Meetings<\/span><\/li>\n<li><span style=\"color: #333333;\">Pr\u00e4sentationen <\/span><\/li>\n<li><span style=\"color: #333333;\">Mitarbeiter- und <span style=\"color: #28578f;\"><a style=\"color: #28578f;\" href=\"https:\/\/bettina-bonkas.com\/vorstellungsgespraeche-auf-englisch.html\">Vorstellungsgespr\u00e4che<\/a><\/span><br \/>\n<\/span><\/li>\n<\/ul>\n<p>Hast Du Lust, eine Methode kennenzulernen, wie Du Deinen Umgang mit der Sprache sinnvoll steuern und die Du dar\u00fcber hinaus auch im Umgang mit Alltagsproblemen nutzen kannst?<\/p>\n<p>Mit integrierten praktischen, spielerischen \u00dcbungen soll die F\u00e4higkeit, frei zu sprechen sowie das genaue Zuh\u00f6ren verbessert werden. Mit Hilfe des <span style=\"color: #28578f;\"><a style=\"color: #28578f;\" href=\"https:\/\/bettina-bonkas.com\/gelebte-resilienz.html\">Resilienz<\/a><\/span>*-Zirkel-Trainings werden sowohl hinderliche Glaubenss\u00e4tze (z.B. \u201eMein Englisch ist nicht gut genug!&#8221;) bewusst, als auch die\u00a0 F\u00e4higkeit, Herausforderungen zu meistern.<\/p>\n<p>Es geht um ein entspanntes Verh\u00e4ltnis zur Sprache. Wenn ich diesen Schalter im Kopf umlegen kann, hilft das wiederum beim freien Sprechen.<\/p>\n<p><em>*Resilienz = F\u00e4higkeit, Herausforderungen zu meistern und an ihnen zu wachsen.<\/em><\/p>\n<p><span style=\"color: #333333;\"><strong>-&gt;<\/strong> Unter<span style=\"color: #037c8c;\"> <a style=\"color: #037c8c;\" href=\"https:\/\/bettina-bonkas.com\/coaching-consulting.html\">&#8220;<span style=\"color: #28578f;\"><strong>Wie coache ich?<\/strong>&#8220;<\/span><\/a><\/span> erf\u00e4hrst Du, in welcher Form ich Coaching anbiete.<\/span><\/p>\n<p><span style=\"color: #333333;\"><strong>-&gt;<\/strong> Ich biete auch <strong>Gruppen-Coaching <\/strong>an, wie z.B.:<\/span><\/p>\n<p><span style=\"color: #333333;\"><a style=\"color: #333333;\" href=\"https:\/\/bettina-bonkas.com\/englisch-frei-sprechen.html\"><strong><span style=\"color: #037c8c;\"><span style=\"color: #28578f;\">&#8220;Yes, I can &#8211; Englisch frei sprechen&#8221;<\/span><\/span><\/strong><\/a><\/span><\/p>\n<p>&nbsp;<\/p>\n<p><span style=\"color: #333333;\"><strong>Anmerkung zum \u201eDu\u201c<\/strong>: Mit dem Du \u00fcberbr\u00fccke ich die Distanz, die zwischen uns, die wir uns nicht pers\u00f6nlich kennen, besteht.<\/span><\/p>","protected":false},"excerpt":{"rendered":"<p>Sorry, this entry is only available in Deutsch. Englisch frei sprechen &#8211; coaching Englisch frei sprechen &#8211; Coaching Coaching &#8211; Englisch frei sprechen: Beim Gruppen-Coaching stelle ich immer wieder fest, dass Teilnehmer Hemmungen haben beim Englischsprechen aus Angst, Fehler zu machen. Ihre Kenntnisse sind meistens v\u00f6llig ausreichend, aber sie haben h\u00e4ufig hinderliche Glaubenss\u00e4tze verinnerlicht, wie &hellip; <\/p>\n<p class=\"link-more\"><a href=\"https:\/\/bettina-bonkas.com\/en\/englisch-frei-sprechen-coaching.html\" class=\"more-link\">Continue reading<span class=\"screen-reader-text\"> &#8220;(Deutsch) Englisch frei sprechen &#8211; Coaching&#8221;<\/span><\/a><\/p>\n","protected":false},"author":5,"featured_media":0,"parent":0,"menu_order":0,"comment_status":"closed","ping_status":"closed","template":"","meta":{"footnotes":""},"class_list":["post-2437","page","type-page","status-publish","hentry"],"yoast_head":"<!-- This site is optimized with the Yoast SEO plugin v27.4 - https:\/\/yoast.com\/product\/yoast-seo-wordpress\/ -->\n<title><\/title>\n<meta name=\"description\" content=\"{:de}Englisch frei sprechen - Coaching: F\u00fcr mehr Sicherheit beim Englisch sprechen: Es geht um einen entspannteren Umgang mit der Sprache.{:}\" \/>\n<meta name=\"robots\" content=\"index, follow, max-snippet:-1, max-image-preview:large, max-video-preview:-1\" \/>\n<link rel=\"canonical\" href=\"https:\/\/bettina-bonkas.com\/englisch-frei-sprechen-coaching.html\" \/>\n<meta property=\"og:locale\" content=\"en_US\" \/>\n<meta property=\"og:type\" content=\"article\" \/>\n<meta property=\"og:title\" content=\"[:de]Englisch frei sprechen - Coaching[:] - Be Connected by Bettina Bonkas GmbH\" \/>\n<meta property=\"og:description\" content=\"{:de}Englisch frei sprechen - Coaching: F\u00fcr mehr Sicherheit beim Englisch sprechen: Es geht um einen entspannteren Umgang mit der Sprache.{:}\" \/>\n<meta property=\"og:url\" content=\"https:\/\/bettina-bonkas.com\/englisch-frei-sprechen-coaching.html\" \/>\n<meta property=\"og:site_name\" content=\"Be Connected by Bettina Bonkas GmbH\" \/>\n<meta property=\"article:modified_time\" content=\"2026-02-12T11:18:30+00:00\" \/>\n<meta property=\"og:image\" content=\"https:\/\/bettina-bonkas.com\/wp-content\/uploads\/Coaching-fuer-Sicherheit-beim-Englisch-sprechen-Bettina-Bonkas-Coaching-Consulting-Sprachen-sinnvoll-lernen.jpg\" \/>\n\t<meta property=\"og:image:width\" content=\"1920\" \/>\n\t<meta property=\"og:image:height\" content=\"862\" \/>\n\t<meta property=\"og:image:type\" content=\"image\/jpeg\" \/>\n<meta name=\"twitter:card\" content=\"summary_large_image\" \/>\n<meta name=\"twitter:label1\" content=\"Est. reading time\" \/>\n\t<meta name=\"twitter:data1\" content=\"2 minutes\" \/>\n<script type=\"application\/ld+json\" class=\"yoast-schema-graph\">{\"@context\":\"https:\\\/\\\/schema.org\",\"@graph\":[{\"@type\":\"WebPage\",\"@id\":\"https:\\\/\\\/bettina-bonkas.com\\\/englisch-frei-sprechen-coaching.html\",\"url\":\"https:\\\/\\\/bettina-bonkas.com\\\/englisch-frei-sprechen-coaching.html\",\"name\":\"[:de]Englisch frei sprechen - Coaching[:] - Be Connected by Bettina Bonkas GmbH\",\"isPartOf\":{\"@id\":\"https:\\\/\\\/bettina-bonkas.com\\\/#website\"},\"primaryImageOfPage\":{\"@id\":\"https:\\\/\\\/bettina-bonkas.com\\\/englisch-frei-sprechen-coaching.html#primaryimage\"},\"image\":{\"@id\":\"https:\\\/\\\/bettina-bonkas.com\\\/englisch-frei-sprechen-coaching.html#primaryimage\"},\"thumbnailUrl\":\"https:\\\/\\\/bettina-bonkas.com\\\/wp-content\\\/uploads\\\/Coaching-fuer-Sicherheit-beim-Englisch-sprechen-Bettina-Bonkas-Coaching-Consulting-Sprachen-sinnvoll-lernen-300x135.jpg\",\"datePublished\":\"2021-01-03T11:35:45+00:00\",\"dateModified\":\"2026-02-12T11:18:30+00:00\",\"description\":\"{:de}Englisch frei sprechen - Coaching: F\u00fcr mehr Sicherheit beim Englisch sprechen: Es geht um einen entspannteren Umgang mit der Sprache.{:}\",\"inLanguage\":\"en-US\",\"potentialAction\":[{\"@type\":\"ReadAction\",\"target\":[\"https:\\\/\\\/bettina-bonkas.com\\\/englisch-frei-sprechen-coaching.html\"]}]},{\"@type\":\"ImageObject\",\"inLanguage\":\"en-US\",\"@id\":\"https:\\\/\\\/bettina-bonkas.com\\\/englisch-frei-sprechen-coaching.html#primaryimage\",\"url\":\"https:\\\/\\\/bettina-bonkas.com\\\/wp-content\\\/uploads\\\/Coaching-fuer-Sicherheit-beim-Englisch-sprechen-Bettina-Bonkas-Coaching-Consulting-Sprachen-sinnvoll-lernen-300x135.jpg\",\"contentUrl\":\"https:\\\/\\\/bettina-bonkas.com\\\/wp-content\\\/uploads\\\/Coaching-fuer-Sicherheit-beim-Englisch-sprechen-Bettina-Bonkas-Coaching-Consulting-Sprachen-sinnvoll-lernen-300x135.jpg\"},{\"@type\":\"WebSite\",\"@id\":\"https:\\\/\\\/bettina-bonkas.com\\\/#website\",\"url\":\"https:\\\/\\\/bettina-bonkas.com\\\/\",\"name\":\"Be Connected by Bettina Bonkas GmbH\",\"description\":\"Resilienz | Coaching | Englisch + Improvisation\",\"publisher\":{\"@id\":\"https:\\\/\\\/bettina-bonkas.com\\\/#organization\"},\"potentialAction\":[{\"@type\":\"SearchAction\",\"target\":{\"@type\":\"EntryPoint\",\"urlTemplate\":\"https:\\\/\\\/bettina-bonkas.com\\\/?s={search_term_string}\"},\"query-input\":{\"@type\":\"PropertyValueSpecification\",\"valueRequired\":true,\"valueName\":\"search_term_string\"}}],\"inLanguage\":\"en-US\"},{\"@type\":\"Organization\",\"@id\":\"https:\\\/\\\/bettina-bonkas.com\\\/#organization\",\"name\":\"Be Connected by Bettina Bonkas GmbH\",\"url\":\"https:\\\/\\\/bettina-bonkas.com\\\/\",\"logo\":{\"@type\":\"ImageObject\",\"inLanguage\":\"en-US\",\"@id\":\"https:\\\/\\\/bettina-bonkas.com\\\/#\\\/schema\\\/logo\\\/image\\\/\",\"url\":\"https:\\\/\\\/bettina-bonkas.com\\\/wp-content\\\/uploads\\\/Be_Connected_Logo_mit-Kaushan_Script.jpg\",\"contentUrl\":\"https:\\\/\\\/bettina-bonkas.com\\\/wp-content\\\/uploads\\\/Be_Connected_Logo_mit-Kaushan_Script.jpg\",\"width\":1126,\"height\":446,\"caption\":\"Be Connected by Bettina Bonkas GmbH\"},\"image\":{\"@id\":\"https:\\\/\\\/bettina-bonkas.com\\\/#\\\/schema\\\/logo\\\/image\\\/\"}}]}<\/script>\n<!-- \/ Yoast SEO plugin. -->","yoast_head_json":{"title":"[:de]Englisch frei sprechen - Coaching[:] - Be Connected by Bettina Bonkas GmbH","description":"{:de}Englisch frei sprechen - Coaching: F\u00fcr mehr Sicherheit beim Englisch sprechen: Es geht um einen entspannteren Umgang mit der Sprache.{:}","robots":{"index":"index","follow":"follow","max-snippet":"max-snippet:-1","max-image-preview":"max-image-preview:large","max-video-preview":"max-video-preview:-1"},"canonical":"https:\/\/bettina-bonkas.com\/englisch-frei-sprechen-coaching.html","og_locale":"en_US","og_type":"article","og_title":"[:de]Englisch frei sprechen - Coaching[:] - Be Connected by Bettina Bonkas GmbH","og_description":"{:de}Englisch frei sprechen - Coaching: F\u00fcr mehr Sicherheit beim Englisch sprechen: Es geht um einen entspannteren Umgang mit der Sprache.{:}","og_url":"https:\/\/bettina-bonkas.com\/englisch-frei-sprechen-coaching.html","og_site_name":"Be Connected by Bettina Bonkas GmbH","article_modified_time":"2026-02-12T11:18:30+00:00","og_image":[{"width":1920,"height":862,"url":"https:\/\/bettina-bonkas.com\/wp-content\/uploads\/Coaching-fuer-Sicherheit-beim-Englisch-sprechen-Bettina-Bonkas-Coaching-Consulting-Sprachen-sinnvoll-lernen.jpg","type":"image\/jpeg"}],"twitter_card":"summary_large_image","twitter_misc":{"Est. reading time":"2 minutes"},"schema":{"@context":"https:\/\/schema.org","@graph":[{"@type":"WebPage","@id":"https:\/\/bettina-bonkas.com\/englisch-frei-sprechen-coaching.html","url":"https:\/\/bettina-bonkas.com\/englisch-frei-sprechen-coaching.html","name":"[:de]Englisch frei sprechen - Coaching[:] - Be Connected by Bettina Bonkas GmbH","isPartOf":{"@id":"https:\/\/bettina-bonkas.com\/#website"},"primaryImageOfPage":{"@id":"https:\/\/bettina-bonkas.com\/englisch-frei-sprechen-coaching.html#primaryimage"},"image":{"@id":"https:\/\/bettina-bonkas.com\/englisch-frei-sprechen-coaching.html#primaryimage"},"thumbnailUrl":"https:\/\/bettina-bonkas.com\/wp-content\/uploads\/Coaching-fuer-Sicherheit-beim-Englisch-sprechen-Bettina-Bonkas-Coaching-Consulting-Sprachen-sinnvoll-lernen-300x135.jpg","datePublished":"2021-01-03T11:35:45+00:00","dateModified":"2026-02-12T11:18:30+00:00","description":"{:de}Englisch frei sprechen - Coaching: F\u00fcr mehr Sicherheit beim Englisch sprechen: Es geht um einen entspannteren Umgang mit der Sprache.{:}","inLanguage":"en-US","potentialAction":[{"@type":"ReadAction","target":["https:\/\/bettina-bonkas.com\/englisch-frei-sprechen-coaching.html"]}]},{"@type":"ImageObject","inLanguage":"en-US","@id":"https:\/\/bettina-bonkas.com\/englisch-frei-sprechen-coaching.html#primaryimage","url":"https:\/\/bettina-bonkas.com\/wp-content\/uploads\/Coaching-fuer-Sicherheit-beim-Englisch-sprechen-Bettina-Bonkas-Coaching-Consulting-Sprachen-sinnvoll-lernen-300x135.jpg","contentUrl":"https:\/\/bettina-bonkas.com\/wp-content\/uploads\/Coaching-fuer-Sicherheit-beim-Englisch-sprechen-Bettina-Bonkas-Coaching-Consulting-Sprachen-sinnvoll-lernen-300x135.jpg"},{"@type":"WebSite","@id":"https:\/\/bettina-bonkas.com\/#website","url":"https:\/\/bettina-bonkas.com\/","name":"Be Connected by Bettina Bonkas GmbH","description":"Resilienz | Coaching | Englisch + Improvisation","publisher":{"@id":"https:\/\/bettina-bonkas.com\/#organization"},"potentialAction":[{"@type":"SearchAction","target":{"@type":"EntryPoint","urlTemplate":"https:\/\/bettina-bonkas.com\/?s={search_term_string}"},"query-input":{"@type":"PropertyValueSpecification","valueRequired":true,"valueName":"search_term_string"}}],"inLanguage":"en-US"},{"@type":"Organization","@id":"https:\/\/bettina-bonkas.com\/#organization","name":"Be Connected by Bettina Bonkas GmbH","url":"https:\/\/bettina-bonkas.com\/","logo":{"@type":"ImageObject","inLanguage":"en-US","@id":"https:\/\/bettina-bonkas.com\/#\/schema\/logo\/image\/","url":"https:\/\/bettina-bonkas.com\/wp-content\/uploads\/Be_Connected_Logo_mit-Kaushan_Script.jpg","contentUrl":"https:\/\/bettina-bonkas.com\/wp-content\/uploads\/Be_Connected_Logo_mit-Kaushan_Script.jpg","width":1126,"height":446,"caption":"Be Connected by Bettina Bonkas GmbH"},"image":{"@id":"https:\/\/bettina-bonkas.com\/#\/schema\/logo\/image\/"}}]}},"_links":{"self":[{"href":"https:\/\/bettina-bonkas.com\/en\/wp-json\/wp\/v2\/pages\/2437","targetHints":{"allow":["GET"]}}],"collection":[{"href":"https:\/\/bettina-bonkas.com\/en\/wp-json\/wp\/v2\/pages"}],"about":[{"href":"https:\/\/bettina-bonkas.com\/en\/wp-json\/wp\/v2\/types\/page"}],"author":[{"embeddable":true,"href":"https:\/\/bettina-bonkas.com\/en\/wp-json\/wp\/v2\/users\/5"}],"replies":[{"embeddable":true,"href":"https:\/\/bettina-bonkas.com\/en\/wp-json\/wp\/v2\/comments?post=2437"}],"version-history":[{"count":4,"href":"https:\/\/bettina-bonkas.com\/en\/wp-json\/wp\/v2\/pages\/2437\/revisions"}],"predecessor-version":[{"id":8164,"href":"https:\/\/bettina-bonkas.com\/en\/wp-json\/wp\/v2\/pages\/2437\/revisions\/8164"}],"wp:attachment":[{"href":"https:\/\/bettina-bonkas.com\/en\/wp-json\/wp\/v2\/media?parent=2437"}],"curies":[{"name":"wp","href":"https:\/\/api.w.org\/{rel}","templated":true}]}}