{"id":2440,"date":"2021-01-03T12:43:10","date_gmt":"2021-01-03T11:43:10","guid":{"rendered":"http:\/\/relaunch.bebc-coaching.com\/?page_id=2440"},"modified":"2026-02-12T12:14:11","modified_gmt":"2026-02-12T11:14:11","slug":"sprachreisen-nach-england-bildungsurlaub","status":"publish","type":"page","link":"https:\/\/bettina-bonkas.com\/en\/sprachreisen-nach-england-bildungsurlaub.html","title":{"rendered":"(Deutsch) Sprachreisen und Bildungsurlaub"},"content":{"rendered":"<p class=\"qtranxs-available-languages-message qtranxs-available-languages-message-en\">Sorry, this entry is only available in <a href=\"https:\/\/bettina-bonkas.com\/de\/wp-json\/wp\/v2\/pages\/2440\" class=\"qtranxs-available-language-link qtranxs-available-language-link-de\" title=\"Deutsch\">Deutsch<\/a>.<\/p><p><\/p>\n<h5><img loading=\"lazy\" decoding=\"async\" class=\"alignnone size-medium wp-image-2848\" src=\"http:\/\/bebc-coaching.com\/wp-content\/uploads\/Sprachreisen-nach-England-Bildungsurlaub-Cotswolds-Bettina-Bonkas-Coaching-Consulting-Sprachen-sinnvoll-lernen.-300x200.jpg\" alt=\"Sprachreisen nach England + Bildungsurlaub\" width=\"300\" height=\"200\" srcset=\"https:\/\/bettina-bonkas.com\/wp-content\/uploads\/Sprachreisen-nach-England-Bildungsurlaub-Cotswolds-Bettina-Bonkas-Coaching-Consulting-Sprachen-sinnvoll-lernen.-300x200.jpg 300w, https:\/\/bettina-bonkas.com\/wp-content\/uploads\/Sprachreisen-nach-England-Bildungsurlaub-Cotswolds-Bettina-Bonkas-Coaching-Consulting-Sprachen-sinnvoll-lernen.-1024x683.jpg 1024w, https:\/\/bettina-bonkas.com\/wp-content\/uploads\/Sprachreisen-nach-England-Bildungsurlaub-Cotswolds-Bettina-Bonkas-Coaching-Consulting-Sprachen-sinnvoll-lernen.-768x512.jpg 768w, https:\/\/bettina-bonkas.com\/wp-content\/uploads\/Sprachreisen-nach-England-Bildungsurlaub-Cotswolds-Bettina-Bonkas-Coaching-Consulting-Sprachen-sinnvoll-lernen.-1536x1024.jpg 1536w, https:\/\/bettina-bonkas.com\/wp-content\/uploads\/Sprachreisen-nach-England-Bildungsurlaub-Cotswolds-Bettina-Bonkas-Coaching-Consulting-Sprachen-sinnvoll-lernen..jpg 1920w\" sizes=\"auto, (max-width: 300px) 100vw, 300px\" \/><\/h5>\n<h5>Sprachreisen nach England<\/h5>\n<h3><span style=\"color: #aa1600;\"><strong><span style=\"color: #28578f;\">Sprachreisen und Bildungsurlaub in England<\/span><br \/>\n<\/strong><\/span><\/h3>\n<h4><span style=\"color: #28578f;\">Was erwartet Dich?<\/span><\/h4>\n<p><span style=\"color: #333333;\">Sprachreisen &amp; Bildungsurlaub in England: Ein vielseitiges und abwechslungsreiches Angebot f\u00fcr Privatpersonen und Gesch\u00e4ftsleute im Herzen von England.<br \/>\n<\/span><\/p>\n<p><span style=\"color: #333333;\">Wenn man die Gelegenheit hat, lernt man eine Sprache am besten im Land. Wir haben eine charmante Stadt im Herzen von England ausgesucht mit guter Infrastruktur und Einkaufsm\u00f6glichkeiten, pers\u00f6nlich &amp; individuell. Die Sprachschule befindet sich in der N\u00e4he der idyllischen <span style=\"color: #28578f;\"><a style=\"color: #28578f;\" href=\"https:\/\/www.cotswolds.com\/\">Cotswolds<\/a><\/span>, die durch die Fernsehserie Downtown Abbey internationale Bekanntheit erlangten.<\/span><\/p>\n<p><span style=\"color: #333333;\">Ein Kriterium bei der Auswahl unseres Anbieters war ein pers\u00f6nliches, invididuelles &amp; professionelles Sprachtraining. Den Sprachtrainern liegt das Wohl ihrer Teilnehmer am Herzen. S<\/span><span style=\"color: #333333;\">ie wissen, dass es f\u00fcr manche nicht ganz einfach ist, ins Land zu fahren. <\/span><\/p>\n<p><span style=\"color: #333333;\">Beim Englisch-Training werden Grundlagen und Strukturen vermittelt, es wird aber auch gen\u00fcgend Zeit gegeben, das Erlernte aktiv anzuwenden und umzusetzen; dazu gibt es vielerlei M\u00f6glichkeiten. Die Atmosph\u00e4re ist entspannt und locker, was sich positiv auf die Teilnehmer \u00fcbertr\u00e4gt. Dar\u00fcber hinaus verf\u00fcgt die Sprachschule \u00fcber einen separaten Bereich f\u00fcr <strong>Business English<\/strong> (<strong>Gesch\u00e4ftskunden<\/strong>).<br \/>\n<\/span><\/p>\n<h4><span style=\"color: #28578f;\"><strong>Angebot:<\/strong><\/span><\/h4>\n<ul>\n<li>Business English<br \/>\nUnd: English + Volunteering<\/li>\n<li>General English<\/li>\n<li>Bildungsurlaub<\/li>\n<li>Sprachreisen mit Aktiv\u00e4ten: Gardens and Culture, Castles and Cathedrals<br \/>\n<em>(Mehr dazu weiter unten.)<\/em><\/li>\n<li>Summer School for 14+<\/li>\n<li>Mit der deutschen Englischgruppe nach England fahren.<\/li>\n<\/ul>\n<h4><span style=\"color: #28578f;\">Modalit\u00e4ten:<\/span><\/h4>\n<ul>\n<li>Einzel- oder Gruppentraining &#8211; oder im Mix<\/li>\n<li>Unterkunft bei einer ausgesuchten Gastfamilie, in einem B&amp;B oder in einem Hotel.<em> (S. Unterkunft)<\/em><\/li>\n<\/ul>\n<h4><span style=\"color: #28578f;\"><strong>F\u00fcr <span style=\"color: #28578f;\">Gesch\u00e4ftsleute<\/span>, Privatpersonen &amp; Familien<\/strong><\/span><\/h4>\n<p><span style=\"color: #333333;\">Dar\u00fcber hinaus bietet dieselbe Sprachschule auch Englisch-Trainings f\u00fcr Einzelpersonen, Familien oder f\u00fcr die ganze Englischgruppe an. Interessenten an Business English haben die M\u00f6glichkeit, ihr Englisch und ihre Pr\u00e4sentationsf\u00e4higkeiten professionell zu \u00fcben. <\/span><\/p>\n<p><span style=\"color: #333333;\">Die Sprachschule hat einen separaten Bereich f\u00fcr Gesch\u00e4ftskunden und arbeitet mit vielen Firmen aus dem Ausland erfolgreich zusammen. Ein Computerraum bietet die M\u00f6glichkeit, sich neben dem Unterricht mit der Sprache zu besch\u00e4ftigen.<\/span><\/p>\n<h4><span style=\"color: #28578f;\">Bildungsurlaub<\/span><\/h4>\n<p>Die Sprachschule hat auch eine Akkreditierung f\u00fcr Bildungsurlaub &#8211; eine gro\u00dfartige Gelegenheit, die Sprache direkt vor Ort zu lernen und in die Kultur einzutauchen.<\/p>\n<h4><span style=\"color: #28578f;\"><strong>Sprachreisen mit Aktivit\u00e4ten<\/strong><\/span><\/h4>\n<p><span style=\"color: #333333;\">Die Sprachschule bietet auch besondere Programme f\u00fcr \u00fcber 50-J\u00e4hrige an in Kombination mit Aktivit\u00e4ten, z.B. mit Ausfl\u00fcgen zu G\u00e4rten und Schl\u00f6ssern. Oder eine Sprachreise, bei der Sie in die Gewohnheiten, Br\u00e4uche und Kultur von Gro\u00dfbritannien eintauchen. Man muss nicht 50 sein, um z.B. an der Sprachreise &#8220;Englisch + Lifestyle und Wellbeing&#8221; teilzunehmen. Weitere Informationen finden Sie auf unserem Blog, Link s. unten.<\/span><\/p>\n<h4><span style=\"color: #28578f;\"><strong>F\u00fcr<\/strong> <strong>Sch\u00fcler<\/strong><\/span><\/h4>\n<p>F\u00fcr Sch\u00fcler bietet die Sprachschule eine attraktive Mischung aus Englisch-Training mit abwechslungsreichen, betreuten Freizeitaktivit\u00e4ten und Ausfl\u00fcgen. Die Unterbringung ist bei ausgesuchten Gastfamilien in Einzel- oder Zweierzimmern. Bei der Belegung von Zweierzimmern wird nach M\u00f6glichkeit auf unterschiedliche Nationalit\u00e4ten geachtet.<\/p>\n<h4><span style=\"color: #28578f;\">Unterkunft<\/span><\/h4>\n<p>Eingebunden in eine Gastfamilie lernt man die Sprache am besten: gemeinsames Fr\u00fchst\u00fcck und bei &#8220;half board&#8221; auch ein Abendessen. Du hast die M\u00f6glichkeit, ein sog. &#8220;executive homestay&#8221;, also mit eigenem Badezimmer, zu buchen.<\/p>\n<p>Manchen ist das jedoch zu eng. Hier bieten sich als Alternative Hotels und B&amp;Bs an. Du siehst, f\u00fcr jeden Geschmack ist etwas mit dabei. \ud83d\ude42<\/p>\n<p>***<\/p>\n<p><span style=\"color: #333333;\">Sprachreisen nach England: Du kannst ausw\u00e4hlen, was am besten zu Deinen oder den Bed\u00fcrnissen Deines\u00a0 Kindes passt. Wir beraten Dich gerne und geben auch Tipps f\u00fcr die Anreise sowie f\u00fcr Ausfl\u00fcge in die n\u00e4here Umgebung.<\/span><\/p>\n<p>Dieser Kundin hat ihre Sprachreise nach England so gut gefallen, dass sie eine sehr ausf\u00fchrliche und, wie ich finde, aussagekr\u00e4ftige R\u00fcckmeldung gegeben hat: <a href=\"https:\/\/bettina-bonkas.com\/kundenstimmensprachreise\"><span style=\"color: #28578f;\">Kundenstimmen &#8211; Sprachreise<\/span><\/a><\/p>\n<p><span style=\"color: #333333;\">Weitere Informationen auf unserem <span style=\"color: #037c8c;\"><a style=\"color: #037c8c;\" href=\"https:\/\/bettina-bonkas.com\/sprachen-sinnvoll-lernen\/sprachreisen\"><span style=\"color: #28578f;\">Blog<\/span><\/a><\/span>.<\/span><br \/>\n<span style=\"color: #333333;\">(Stichpunkt: September 2016 oder Sprachreisen)<\/span><\/p>\n<p><span style=\"color: #333333;\">Das Bild ganz oben wurde \u00fcbrigens in den Cotswolds aufgenommen.<\/span><\/p>\n<p><span style=\"color: #333333;\"><strong>Anmerkung zum \u201eDu\u201c<\/strong>: Mit dem Du \u00fcberbr\u00fccke ich die Distanz, die zwischen uns, die wir uns nicht pers\u00f6nlich kennen, besteht.<\/span><\/p>","protected":false},"excerpt":{"rendered":"<p>Sorry, this entry is only available in Deutsch. Sprachreisen nach England Sprachreisen und Bildungsurlaub in England Was erwartet Dich? Sprachreisen &amp; Bildungsurlaub in England: Ein vielseitiges und abwechslungsreiches Angebot f\u00fcr Privatpersonen und Gesch\u00e4ftsleute im Herzen von England. Wenn man die Gelegenheit hat, lernt man eine Sprache am besten im Land. Wir haben eine charmante Stadt &hellip; <\/p>\n<p class=\"link-more\"><a href=\"https:\/\/bettina-bonkas.com\/en\/sprachreisen-nach-england-bildungsurlaub.html\" class=\"more-link\">Continue reading<span class=\"screen-reader-text\"> &#8220;(Deutsch) Sprachreisen und Bildungsurlaub&#8221;<\/span><\/a><\/p>\n","protected":false},"author":5,"featured_media":0,"parent":0,"menu_order":0,"comment_status":"closed","ping_status":"closed","template":"","meta":{"footnotes":""},"class_list":["post-2440","page","type-page","status-publish","hentry"],"yoast_head":"<!-- This site is optimized with the Yoast SEO plugin v27.5 - https:\/\/yoast.com\/product\/yoast-seo-wordpress\/ -->\n<title><\/title>\n<meta name=\"description\" content=\"{:de}Sprachreisen und Bildungurlaub in England: Vielseitiges &amp; abwechslungsreiches Angebot f\u00fcr Privatpersonen &amp; Gesch\u00e4ftsleute im Herzen von England.{:}\" \/>\n<meta name=\"robots\" content=\"index, follow, max-snippet:-1, max-image-preview:large, max-video-preview:-1\" \/>\n<link rel=\"canonical\" href=\"https:\/\/bettina-bonkas.com\/sprachreisen-nach-england-bildungsurlaub.html\" \/>\n<meta property=\"og:locale\" content=\"en_US\" \/>\n<meta property=\"og:type\" content=\"article\" \/>\n<meta property=\"og:title\" content=\"[:de]Sprachreisen und Bildungsurlaub[:] - Be Connected by Bettina Bonkas GmbH\" \/>\n<meta property=\"og:description\" content=\"{:de}Sprachreisen und Bildungurlaub in England: Vielseitiges &amp; abwechslungsreiches Angebot f\u00fcr Privatpersonen &amp; Gesch\u00e4ftsleute im Herzen von England.{:}\" \/>\n<meta property=\"og:url\" content=\"https:\/\/bettina-bonkas.com\/sprachreisen-nach-england-bildungsurlaub.html\" \/>\n<meta property=\"og:site_name\" content=\"Be Connected by Bettina Bonkas GmbH\" \/>\n<meta property=\"article:modified_time\" content=\"2026-02-12T11:14:11+00:00\" \/>\n<meta property=\"og:image\" content=\"https:\/\/bettina-bonkas.com\/wp-content\/uploads\/Sprachreisen-nach-England-Bildungsurlaub-Cotswolds-Bettina-Bonkas-Coaching-Consulting-Sprachen-sinnvoll-lernen..jpg\" \/>\n\t<meta property=\"og:image:width\" content=\"1920\" \/>\n\t<meta property=\"og:image:height\" content=\"1280\" \/>\n\t<meta property=\"og:image:type\" content=\"image\/jpeg\" \/>\n<meta name=\"twitter:card\" content=\"summary_large_image\" \/>\n<meta name=\"twitter:label1\" content=\"Est. reading time\" \/>\n\t<meta name=\"twitter:data1\" content=\"4 minutes\" \/>\n<script type=\"application\/ld+json\" class=\"yoast-schema-graph\">{\"@context\":\"https:\\\/\\\/schema.org\",\"@graph\":[{\"@type\":\"WebPage\",\"@id\":\"https:\\\/\\\/bettina-bonkas.com\\\/sprachreisen-nach-england-bildungsurlaub.html\",\"url\":\"https:\\\/\\\/bettina-bonkas.com\\\/sprachreisen-nach-england-bildungsurlaub.html\",\"name\":\"[:de]Sprachreisen und Bildungsurlaub[:] - Be Connected by Bettina Bonkas GmbH\",\"isPartOf\":{\"@id\":\"https:\\\/\\\/bettina-bonkas.com\\\/#website\"},\"primaryImageOfPage\":{\"@id\":\"https:\\\/\\\/bettina-bonkas.com\\\/sprachreisen-nach-england-bildungsurlaub.html#primaryimage\"},\"image\":{\"@id\":\"https:\\\/\\\/bettina-bonkas.com\\\/sprachreisen-nach-england-bildungsurlaub.html#primaryimage\"},\"thumbnailUrl\":\"http:\\\/\\\/bebc-coaching.com\\\/wp-content\\\/uploads\\\/Sprachreisen-nach-England-Bildungsurlaub-Cotswolds-Bettina-Bonkas-Coaching-Consulting-Sprachen-sinnvoll-lernen.-300x200.jpg\",\"datePublished\":\"2021-01-03T11:43:10+00:00\",\"dateModified\":\"2026-02-12T11:14:11+00:00\",\"description\":\"{:de}Sprachreisen und Bildungurlaub in England: Vielseitiges & abwechslungsreiches Angebot f\u00fcr Privatpersonen & Gesch\u00e4ftsleute im Herzen von England.{:}\",\"inLanguage\":\"en-US\",\"potentialAction\":[{\"@type\":\"ReadAction\",\"target\":[\"https:\\\/\\\/bettina-bonkas.com\\\/sprachreisen-nach-england-bildungsurlaub.html\"]}]},{\"@type\":\"ImageObject\",\"inLanguage\":\"en-US\",\"@id\":\"https:\\\/\\\/bettina-bonkas.com\\\/sprachreisen-nach-england-bildungsurlaub.html#primaryimage\",\"url\":\"http:\\\/\\\/bebc-coaching.com\\\/wp-content\\\/uploads\\\/Sprachreisen-nach-England-Bildungsurlaub-Cotswolds-Bettina-Bonkas-Coaching-Consulting-Sprachen-sinnvoll-lernen.-300x200.jpg\",\"contentUrl\":\"http:\\\/\\\/bebc-coaching.com\\\/wp-content\\\/uploads\\\/Sprachreisen-nach-England-Bildungsurlaub-Cotswolds-Bettina-Bonkas-Coaching-Consulting-Sprachen-sinnvoll-lernen.-300x200.jpg\"},{\"@type\":\"WebSite\",\"@id\":\"https:\\\/\\\/bettina-bonkas.com\\\/#website\",\"url\":\"https:\\\/\\\/bettina-bonkas.com\\\/\",\"name\":\"Be Connected by Bettina Bonkas GmbH\",\"description\":\"Resilienz | Coaching | Englisch + Improvisation\",\"publisher\":{\"@id\":\"https:\\\/\\\/bettina-bonkas.com\\\/#organization\"},\"potentialAction\":[{\"@type\":\"SearchAction\",\"target\":{\"@type\":\"EntryPoint\",\"urlTemplate\":\"https:\\\/\\\/bettina-bonkas.com\\\/?s={search_term_string}\"},\"query-input\":{\"@type\":\"PropertyValueSpecification\",\"valueRequired\":true,\"valueName\":\"search_term_string\"}}],\"inLanguage\":\"en-US\"},{\"@type\":\"Organization\",\"@id\":\"https:\\\/\\\/bettina-bonkas.com\\\/#organization\",\"name\":\"Be Connected by Bettina Bonkas GmbH\",\"url\":\"https:\\\/\\\/bettina-bonkas.com\\\/\",\"logo\":{\"@type\":\"ImageObject\",\"inLanguage\":\"en-US\",\"@id\":\"https:\\\/\\\/bettina-bonkas.com\\\/#\\\/schema\\\/logo\\\/image\\\/\",\"url\":\"https:\\\/\\\/bettina-bonkas.com\\\/wp-content\\\/uploads\\\/Be_Connected_Logo_mit-Kaushan_Script.jpg\",\"contentUrl\":\"https:\\\/\\\/bettina-bonkas.com\\\/wp-content\\\/uploads\\\/Be_Connected_Logo_mit-Kaushan_Script.jpg\",\"width\":1126,\"height\":446,\"caption\":\"Be Connected by Bettina Bonkas GmbH\"},\"image\":{\"@id\":\"https:\\\/\\\/bettina-bonkas.com\\\/#\\\/schema\\\/logo\\\/image\\\/\"}}]}<\/script>\n<!-- \/ Yoast SEO plugin. -->","yoast_head_json":{"title":"[:de]Sprachreisen und Bildungsurlaub[:] - Be Connected by Bettina Bonkas GmbH","description":"{:de}Sprachreisen und Bildungurlaub in England: Vielseitiges & abwechslungsreiches Angebot f\u00fcr Privatpersonen & Gesch\u00e4ftsleute im Herzen von England.{:}","robots":{"index":"index","follow":"follow","max-snippet":"max-snippet:-1","max-image-preview":"max-image-preview:large","max-video-preview":"max-video-preview:-1"},"canonical":"https:\/\/bettina-bonkas.com\/sprachreisen-nach-england-bildungsurlaub.html","og_locale":"en_US","og_type":"article","og_title":"[:de]Sprachreisen und Bildungsurlaub[:] - Be Connected by Bettina Bonkas GmbH","og_description":"{:de}Sprachreisen und Bildungurlaub in England: Vielseitiges & abwechslungsreiches Angebot f\u00fcr Privatpersonen & Gesch\u00e4ftsleute im Herzen von England.{:}","og_url":"https:\/\/bettina-bonkas.com\/sprachreisen-nach-england-bildungsurlaub.html","og_site_name":"Be Connected by Bettina Bonkas GmbH","article_modified_time":"2026-02-12T11:14:11+00:00","og_image":[{"width":1920,"height":1280,"url":"https:\/\/bettina-bonkas.com\/wp-content\/uploads\/Sprachreisen-nach-England-Bildungsurlaub-Cotswolds-Bettina-Bonkas-Coaching-Consulting-Sprachen-sinnvoll-lernen..jpg","type":"image\/jpeg"}],"twitter_card":"summary_large_image","twitter_misc":{"Est. reading time":"4 minutes"},"schema":{"@context":"https:\/\/schema.org","@graph":[{"@type":"WebPage","@id":"https:\/\/bettina-bonkas.com\/sprachreisen-nach-england-bildungsurlaub.html","url":"https:\/\/bettina-bonkas.com\/sprachreisen-nach-england-bildungsurlaub.html","name":"[:de]Sprachreisen und Bildungsurlaub[:] - Be Connected by Bettina Bonkas GmbH","isPartOf":{"@id":"https:\/\/bettina-bonkas.com\/#website"},"primaryImageOfPage":{"@id":"https:\/\/bettina-bonkas.com\/sprachreisen-nach-england-bildungsurlaub.html#primaryimage"},"image":{"@id":"https:\/\/bettina-bonkas.com\/sprachreisen-nach-england-bildungsurlaub.html#primaryimage"},"thumbnailUrl":"http:\/\/bebc-coaching.com\/wp-content\/uploads\/Sprachreisen-nach-England-Bildungsurlaub-Cotswolds-Bettina-Bonkas-Coaching-Consulting-Sprachen-sinnvoll-lernen.-300x200.jpg","datePublished":"2021-01-03T11:43:10+00:00","dateModified":"2026-02-12T11:14:11+00:00","description":"{:de}Sprachreisen und Bildungurlaub in England: Vielseitiges & abwechslungsreiches Angebot f\u00fcr Privatpersonen & Gesch\u00e4ftsleute im Herzen von England.{:}","inLanguage":"en-US","potentialAction":[{"@type":"ReadAction","target":["https:\/\/bettina-bonkas.com\/sprachreisen-nach-england-bildungsurlaub.html"]}]},{"@type":"ImageObject","inLanguage":"en-US","@id":"https:\/\/bettina-bonkas.com\/sprachreisen-nach-england-bildungsurlaub.html#primaryimage","url":"http:\/\/bebc-coaching.com\/wp-content\/uploads\/Sprachreisen-nach-England-Bildungsurlaub-Cotswolds-Bettina-Bonkas-Coaching-Consulting-Sprachen-sinnvoll-lernen.-300x200.jpg","contentUrl":"http:\/\/bebc-coaching.com\/wp-content\/uploads\/Sprachreisen-nach-England-Bildungsurlaub-Cotswolds-Bettina-Bonkas-Coaching-Consulting-Sprachen-sinnvoll-lernen.-300x200.jpg"},{"@type":"WebSite","@id":"https:\/\/bettina-bonkas.com\/#website","url":"https:\/\/bettina-bonkas.com\/","name":"Be Connected by Bettina Bonkas GmbH","description":"Resilienz | Coaching | Englisch + Improvisation","publisher":{"@id":"https:\/\/bettina-bonkas.com\/#organization"},"potentialAction":[{"@type":"SearchAction","target":{"@type":"EntryPoint","urlTemplate":"https:\/\/bettina-bonkas.com\/?s={search_term_string}"},"query-input":{"@type":"PropertyValueSpecification","valueRequired":true,"valueName":"search_term_string"}}],"inLanguage":"en-US"},{"@type":"Organization","@id":"https:\/\/bettina-bonkas.com\/#organization","name":"Be Connected by Bettina Bonkas GmbH","url":"https:\/\/bettina-bonkas.com\/","logo":{"@type":"ImageObject","inLanguage":"en-US","@id":"https:\/\/bettina-bonkas.com\/#\/schema\/logo\/image\/","url":"https:\/\/bettina-bonkas.com\/wp-content\/uploads\/Be_Connected_Logo_mit-Kaushan_Script.jpg","contentUrl":"https:\/\/bettina-bonkas.com\/wp-content\/uploads\/Be_Connected_Logo_mit-Kaushan_Script.jpg","width":1126,"height":446,"caption":"Be Connected by Bettina Bonkas GmbH"},"image":{"@id":"https:\/\/bettina-bonkas.com\/#\/schema\/logo\/image\/"}}]}},"_links":{"self":[{"href":"https:\/\/bettina-bonkas.com\/en\/wp-json\/wp\/v2\/pages\/2440","targetHints":{"allow":["GET"]}}],"collection":[{"href":"https:\/\/bettina-bonkas.com\/en\/wp-json\/wp\/v2\/pages"}],"about":[{"href":"https:\/\/bettina-bonkas.com\/en\/wp-json\/wp\/v2\/types\/page"}],"author":[{"embeddable":true,"href":"https:\/\/bettina-bonkas.com\/en\/wp-json\/wp\/v2\/users\/5"}],"replies":[{"embeddable":true,"href":"https:\/\/bettina-bonkas.com\/en\/wp-json\/wp\/v2\/comments?post=2440"}],"version-history":[{"count":4,"href":"https:\/\/bettina-bonkas.com\/en\/wp-json\/wp\/v2\/pages\/2440\/revisions"}],"predecessor-version":[{"id":8163,"href":"https:\/\/bettina-bonkas.com\/en\/wp-json\/wp\/v2\/pages\/2440\/revisions\/8163"}],"wp:attachment":[{"href":"https:\/\/bettina-bonkas.com\/en\/wp-json\/wp\/v2\/media?parent=2440"}],"curies":[{"name":"wp","href":"https:\/\/api.w.org\/{rel}","templated":true}]}}