{"id":2456,"date":"2021-01-03T13:49:24","date_gmt":"2021-01-03T12:49:24","guid":{"rendered":"http:\/\/relaunch.bebc-coaching.com\/?page_id=2456"},"modified":"2025-10-23T11:08:36","modified_gmt":"2025-10-23T09:08:36","slug":"fotogalerie","status":"publish","type":"page","link":"https:\/\/bettina-bonkas.com\/en\/fotogalerie.html","title":{"rendered":"(Deutsch) Fotogalerie"},"content":{"rendered":"<p class=\"qtranxs-available-languages-message qtranxs-available-languages-message-en\">Sorry, this entry is only available in <a href=\"https:\/\/bettina-bonkas.com\/de\/wp-json\/wp\/v2\/pages\/2456\" class=\"qtranxs-available-language-link qtranxs-available-language-link-de\" title=\"Deutsch\">Deutsch<\/a>.<\/p><p><\/p>\n<h3><span style=\"color: #28578f;\"><strong>Die Schulungsr\u00e4ume<\/strong><\/span><\/h3>\n<p>Der Treppenaufgang<\/p>\n<p><img loading=\"lazy\" decoding=\"async\" class=\"alignnone size-full wp-image-2454\" src=\"http:\/\/relaunch.bebc-coaching.com\/wp-content\/uploads\/wsb_645x483_MusiTreppenhaus.jpg\" alt=\"Der Treppenaufgang\" width=\"645\" height=\"484\" srcset=\"https:\/\/bettina-bonkas.com\/wp-content\/uploads\/wsb_645x483_MusiTreppenhaus.jpg 645w, https:\/\/bettina-bonkas.com\/wp-content\/uploads\/wsb_645x483_MusiTreppenhaus-300x225.jpg 300w\" sizes=\"auto, (max-width: 645px) 100vw, 645px\" \/><\/p>\n<p>Der K\u00fcchen- und Flurbereich<\/p>\n<p><img loading=\"lazy\" decoding=\"async\" class=\"alignnone size-full wp-image-2451\" src=\"http:\/\/relaunch.bebc-coaching.com\/wp-content\/uploads\/wsb_645x483_MusiKC3BCche.jpg\" alt=\"Der K\u00fcchen- und Flurbereich\" width=\"645\" height=\"484\" srcset=\"https:\/\/bettina-bonkas.com\/wp-content\/uploads\/wsb_645x483_MusiKC3BCche.jpg 645w, https:\/\/bettina-bonkas.com\/wp-content\/uploads\/wsb_645x483_MusiKC3BCche-300x225.jpg 300w\" sizes=\"auto, (max-width: 645px) 100vw, 645px\" \/><\/p>\n<p>Der kleine Schulungsraum<\/p>\n<p><img loading=\"lazy\" decoding=\"async\" class=\"alignnone size-full wp-image-2452\" src=\"http:\/\/relaunch.bebc-coaching.com\/wp-content\/uploads\/wsb_645x483_MusiKleinerRaumRichtungSideboard.jpg\" alt=\"Der kleine Schulungsraum\" width=\"645\" height=\"484\" srcset=\"https:\/\/bettina-bonkas.com\/wp-content\/uploads\/wsb_645x483_MusiKleinerRaumRichtungSideboard.jpg 645w, https:\/\/bettina-bonkas.com\/wp-content\/uploads\/wsb_645x483_MusiKleinerRaumRichtungSideboard-300x225.jpg 300w\" sizes=\"auto, (max-width: 645px) 100vw, 645px\" \/><\/p>\n<p><img loading=\"lazy\" decoding=\"async\" class=\"alignnone size-full wp-image-2453\" src=\"http:\/\/relaunch.bebc-coaching.com\/wp-content\/uploads\/wsb_645x483_MusiKleinerRaumRichtungTafel.jpg\" alt=\"Der kleine Schulungsraum rechteSeite\" width=\"645\" height=\"484\" srcset=\"https:\/\/bettina-bonkas.com\/wp-content\/uploads\/wsb_645x483_MusiKleinerRaumRichtungTafel.jpg 645w, https:\/\/bettina-bonkas.com\/wp-content\/uploads\/wsb_645x483_MusiKleinerRaumRichtungTafel-300x225.jpg 300w\" sizes=\"auto, (max-width: 645px) 100vw, 645px\" \/><\/p>\n<p>Und der gro\u00dfe Schulungsraum, in dem auch weitere Aktivit\u00e4ten stattfinden<\/p>\n<p><img loading=\"lazy\" decoding=\"async\" class=\"alignnone size-full wp-image-2455\" src=\"http:\/\/relaunch.bebc-coaching.com\/wp-content\/uploads\/wsb_645x859_MusiGroC39FerRaumRichtungKC3BCche.jpg\" alt=\"Und der gro\u00dfe Schulungsraum, in dem auch weitere Aktivit\u00e4ten stattfinden\" width=\"645\" height=\"860\" srcset=\"https:\/\/bettina-bonkas.com\/wp-content\/uploads\/wsb_645x859_MusiGroC39FerRaumRichtungKC3BCche.jpg 645w, https:\/\/bettina-bonkas.com\/wp-content\/uploads\/wsb_645x859_MusiGroC39FerRaumRichtungKC3BCche-225x300.jpg 225w\" sizes=\"auto, (max-width: 645px) 100vw, 645px\" \/><\/p>\n<p><img loading=\"lazy\" decoding=\"async\" class=\"alignnone size-full wp-image-2448\" src=\"http:\/\/relaunch.bebc-coaching.com\/wp-content\/uploads\/wsb_645x483_MusiGroC39FerRaumRichtungFenster.jpg\" alt=\"\" width=\"645\" height=\"484\" srcset=\"https:\/\/bettina-bonkas.com\/wp-content\/uploads\/wsb_645x483_MusiGroC39FerRaumRichtungFenster.jpg 645w, https:\/\/bettina-bonkas.com\/wp-content\/uploads\/wsb_645x483_MusiGroC39FerRaumRichtungFenster-300x225.jpg 300w\" sizes=\"auto, (max-width: 645px) 100vw, 645px\" \/><\/p>\n<p><img loading=\"lazy\" decoding=\"async\" class=\"alignnone size-full wp-image-2450\" src=\"http:\/\/relaunch.bebc-coaching.com\/wp-content\/uploads\/wsb_645x483_MusiGroC39FerRaumRichtungTafel.jpg\" alt=\"\" width=\"645\" height=\"484\" srcset=\"https:\/\/bettina-bonkas.com\/wp-content\/uploads\/wsb_645x483_MusiGroC39FerRaumRichtungTafel.jpg 645w, https:\/\/bettina-bonkas.com\/wp-content\/uploads\/wsb_645x483_MusiGroC39FerRaumRichtungTafel-300x225.jpg 300w\" sizes=\"auto, (max-width: 645px) 100vw, 645px\" \/><\/p>\n<p><img loading=\"lazy\" decoding=\"async\" class=\"alignnone size-full wp-image-2449\" src=\"http:\/\/relaunch.bebc-coaching.com\/wp-content\/uploads\/wsb_645x483_MusiGroC39FerRaumRichtungHighboard.jpg\" alt=\"\" width=\"645\" height=\"484\" srcset=\"https:\/\/bettina-bonkas.com\/wp-content\/uploads\/wsb_645x483_MusiGroC39FerRaumRichtungHighboard.jpg 645w, https:\/\/bettina-bonkas.com\/wp-content\/uploads\/wsb_645x483_MusiGroC39FerRaumRichtungHighboard-300x225.jpg 300w\" sizes=\"auto, (max-width: 645px) 100vw, 645px\" \/><\/p>\n<p>Weiterer Schulungsraum<\/p>\n<p><img loading=\"lazy\" decoding=\"async\" class=\"alignnone size-full wp-image-2447\" src=\"http:\/\/relaunch.bebc-coaching.com\/wp-content\/uploads\/wsb_645x483_IMG_5922TischFrC3BChling.jpg\" alt=\"Weiterer Schulungsraum\" width=\"645\" height=\"484\" srcset=\"https:\/\/bettina-bonkas.com\/wp-content\/uploads\/wsb_645x483_IMG_5922TischFrC3BChling.jpg 645w, https:\/\/bettina-bonkas.com\/wp-content\/uploads\/wsb_645x483_IMG_5922TischFrC3BChling-300x225.jpg 300w\" sizes=\"auto, (max-width: 645px) 100vw, 645px\" \/><\/p>\n<p><img loading=\"lazy\" decoding=\"async\" class=\"alignnone size-full wp-image-2446\" src=\"http:\/\/relaunch.bebc-coaching.com\/wp-content\/uploads\/wsb_645x483_IMG_4535SChulungsraumTafel.jpg\" alt=\"Weiterer Schulungsraum\" width=\"645\" height=\"484\" srcset=\"https:\/\/bettina-bonkas.com\/wp-content\/uploads\/wsb_645x483_IMG_4535SChulungsraumTafel.jpg 645w, https:\/\/bettina-bonkas.com\/wp-content\/uploads\/wsb_645x483_IMG_4535SChulungsraumTafel-300x225.jpg 300w\" sizes=\"auto, (max-width: 645px) 100vw, 645px\" \/><\/p>","protected":false},"excerpt":{"rendered":"<p>Sorry, this entry is only available in Deutsch. Die Schulungsr\u00e4ume Der Treppenaufgang Der K\u00fcchen- und Flurbereich Der kleine Schulungsraum Und der gro\u00dfe Schulungsraum, in dem auch weitere Aktivit\u00e4ten stattfinden Weiterer Schulungsraum<\/p>\n","protected":false},"author":5,"featured_media":0,"parent":0,"menu_order":0,"comment_status":"closed","ping_status":"closed","template":"","meta":{"footnotes":""},"class_list":["post-2456","page","type-page","status-publish","hentry"],"yoast_head":"<!-- This site is optimized with the Yoast SEO plugin v27.3 - https:\/\/yoast.com\/product\/yoast-seo-wordpress\/ -->\n<title><\/title>\n<meta name=\"robots\" content=\"index, follow, max-snippet:-1, max-image-preview:large, max-video-preview:-1\" \/>\n<link rel=\"canonical\" href=\"https:\/\/bettina-bonkas.com\/fotogalerie.html\" \/>\n<meta property=\"og:locale\" content=\"en_US\" \/>\n<meta property=\"og:type\" content=\"article\" \/>\n<meta property=\"og:title\" content=\"[:de]Fotogalerie[:] - Be Connected by Bettina Bonkas GmbH\" \/>\n<meta property=\"og:description\" content=\"Sorry, this entry is only available in Deutsch. Die Schulungsr\u00e4ume Der Treppenaufgang Der K\u00fcchen- und Flurbereich Der kleine Schulungsraum Und der gro\u00dfe Schulungsraum, in dem auch weitere Aktivit\u00e4ten stattfinden Weiterer Schulungsraum\" \/>\n<meta property=\"og:url\" content=\"https:\/\/bettina-bonkas.com\/fotogalerie.html\" \/>\n<meta property=\"og:site_name\" content=\"Be Connected by Bettina Bonkas GmbH\" \/>\n<meta property=\"article:modified_time\" content=\"2025-10-23T09:08:36+00:00\" \/>\n<meta property=\"og:image\" content=\"https:\/\/bettina-bonkas.com\/wp-content\/uploads\/wsb_645x483_MusiTreppenhaus.jpg\" \/>\n\t<meta property=\"og:image:width\" content=\"645\" \/>\n\t<meta property=\"og:image:height\" content=\"484\" \/>\n\t<meta property=\"og:image:type\" content=\"image\/jpeg\" \/>\n<meta name=\"twitter:card\" content=\"summary_large_image\" \/>\n<meta name=\"twitter:label1\" content=\"Est. reading time\" \/>\n\t<meta name=\"twitter:data1\" content=\"3 minutes\" \/>\n<script type=\"application\/ld+json\" class=\"yoast-schema-graph\">{\"@context\":\"https:\\\/\\\/schema.org\",\"@graph\":[{\"@type\":\"WebPage\",\"@id\":\"https:\\\/\\\/bettina-bonkas.com\\\/fotogalerie.html\",\"url\":\"https:\\\/\\\/bettina-bonkas.com\\\/fotogalerie.html\",\"name\":\"[:de]Fotogalerie[:] - Be Connected by Bettina Bonkas GmbH\",\"isPartOf\":{\"@id\":\"https:\\\/\\\/bettina-bonkas.com\\\/#website\"},\"primaryImageOfPage\":{\"@id\":\"https:\\\/\\\/bettina-bonkas.com\\\/fotogalerie.html#primaryimage\"},\"image\":{\"@id\":\"https:\\\/\\\/bettina-bonkas.com\\\/fotogalerie.html#primaryimage\"},\"thumbnailUrl\":\"http:\\\/\\\/relaunch.bebc-coaching.com\\\/wp-content\\\/uploads\\\/wsb_645x483_MusiTreppenhaus.jpg\",\"datePublished\":\"2021-01-03T12:49:24+00:00\",\"dateModified\":\"2025-10-23T09:08:36+00:00\",\"inLanguage\":\"en-US\",\"potentialAction\":[{\"@type\":\"ReadAction\",\"target\":[\"https:\\\/\\\/bettina-bonkas.com\\\/fotogalerie.html\"]}]},{\"@type\":\"ImageObject\",\"inLanguage\":\"en-US\",\"@id\":\"https:\\\/\\\/bettina-bonkas.com\\\/fotogalerie.html#primaryimage\",\"url\":\"http:\\\/\\\/relaunch.bebc-coaching.com\\\/wp-content\\\/uploads\\\/wsb_645x483_MusiTreppenhaus.jpg\",\"contentUrl\":\"http:\\\/\\\/relaunch.bebc-coaching.com\\\/wp-content\\\/uploads\\\/wsb_645x483_MusiTreppenhaus.jpg\"},{\"@type\":\"WebSite\",\"@id\":\"https:\\\/\\\/bettina-bonkas.com\\\/#website\",\"url\":\"https:\\\/\\\/bettina-bonkas.com\\\/\",\"name\":\"Be Connected by Bettina Bonkas GmbH\",\"description\":\"Resilienz | Coaching | Englisch + Improvisation\",\"publisher\":{\"@id\":\"https:\\\/\\\/bettina-bonkas.com\\\/#organization\"},\"potentialAction\":[{\"@type\":\"SearchAction\",\"target\":{\"@type\":\"EntryPoint\",\"urlTemplate\":\"https:\\\/\\\/bettina-bonkas.com\\\/?s={search_term_string}\"},\"query-input\":{\"@type\":\"PropertyValueSpecification\",\"valueRequired\":true,\"valueName\":\"search_term_string\"}}],\"inLanguage\":\"en-US\"},{\"@type\":\"Organization\",\"@id\":\"https:\\\/\\\/bettina-bonkas.com\\\/#organization\",\"name\":\"Be Connected by Bettina Bonkas GmbH\",\"url\":\"https:\\\/\\\/bettina-bonkas.com\\\/\",\"logo\":{\"@type\":\"ImageObject\",\"inLanguage\":\"en-US\",\"@id\":\"https:\\\/\\\/bettina-bonkas.com\\\/#\\\/schema\\\/logo\\\/image\\\/\",\"url\":\"https:\\\/\\\/bettina-bonkas.com\\\/wp-content\\\/uploads\\\/Be_Connected_Logo_mit-Kaushan_Script.jpg\",\"contentUrl\":\"https:\\\/\\\/bettina-bonkas.com\\\/wp-content\\\/uploads\\\/Be_Connected_Logo_mit-Kaushan_Script.jpg\",\"width\":1126,\"height\":446,\"caption\":\"Be Connected by Bettina Bonkas GmbH\"},\"image\":{\"@id\":\"https:\\\/\\\/bettina-bonkas.com\\\/#\\\/schema\\\/logo\\\/image\\\/\"}}]}<\/script>\n<!-- \/ Yoast SEO plugin. -->","yoast_head_json":{"title":"[:de]Fotogalerie[:] - Be Connected by Bettina Bonkas GmbH","robots":{"index":"index","follow":"follow","max-snippet":"max-snippet:-1","max-image-preview":"max-image-preview:large","max-video-preview":"max-video-preview:-1"},"canonical":"https:\/\/bettina-bonkas.com\/fotogalerie.html","og_locale":"en_US","og_type":"article","og_title":"[:de]Fotogalerie[:] - Be Connected by Bettina Bonkas GmbH","og_description":"Sorry, this entry is only available in Deutsch. Die Schulungsr\u00e4ume Der Treppenaufgang Der K\u00fcchen- und Flurbereich Der kleine Schulungsraum Und der gro\u00dfe Schulungsraum, in dem auch weitere Aktivit\u00e4ten stattfinden Weiterer Schulungsraum","og_url":"https:\/\/bettina-bonkas.com\/fotogalerie.html","og_site_name":"Be Connected by Bettina Bonkas GmbH","article_modified_time":"2025-10-23T09:08:36+00:00","og_image":[{"width":645,"height":484,"url":"https:\/\/bettina-bonkas.com\/wp-content\/uploads\/wsb_645x483_MusiTreppenhaus.jpg","type":"image\/jpeg"}],"twitter_card":"summary_large_image","twitter_misc":{"Est. reading time":"3 minutes"},"schema":{"@context":"https:\/\/schema.org","@graph":[{"@type":"WebPage","@id":"https:\/\/bettina-bonkas.com\/fotogalerie.html","url":"https:\/\/bettina-bonkas.com\/fotogalerie.html","name":"[:de]Fotogalerie[:] - Be Connected by Bettina Bonkas GmbH","isPartOf":{"@id":"https:\/\/bettina-bonkas.com\/#website"},"primaryImageOfPage":{"@id":"https:\/\/bettina-bonkas.com\/fotogalerie.html#primaryimage"},"image":{"@id":"https:\/\/bettina-bonkas.com\/fotogalerie.html#primaryimage"},"thumbnailUrl":"http:\/\/relaunch.bebc-coaching.com\/wp-content\/uploads\/wsb_645x483_MusiTreppenhaus.jpg","datePublished":"2021-01-03T12:49:24+00:00","dateModified":"2025-10-23T09:08:36+00:00","inLanguage":"en-US","potentialAction":[{"@type":"ReadAction","target":["https:\/\/bettina-bonkas.com\/fotogalerie.html"]}]},{"@type":"ImageObject","inLanguage":"en-US","@id":"https:\/\/bettina-bonkas.com\/fotogalerie.html#primaryimage","url":"http:\/\/relaunch.bebc-coaching.com\/wp-content\/uploads\/wsb_645x483_MusiTreppenhaus.jpg","contentUrl":"http:\/\/relaunch.bebc-coaching.com\/wp-content\/uploads\/wsb_645x483_MusiTreppenhaus.jpg"},{"@type":"WebSite","@id":"https:\/\/bettina-bonkas.com\/#website","url":"https:\/\/bettina-bonkas.com\/","name":"Be Connected by Bettina Bonkas GmbH","description":"Resilienz | Coaching | Englisch + Improvisation","publisher":{"@id":"https:\/\/bettina-bonkas.com\/#organization"},"potentialAction":[{"@type":"SearchAction","target":{"@type":"EntryPoint","urlTemplate":"https:\/\/bettina-bonkas.com\/?s={search_term_string}"},"query-input":{"@type":"PropertyValueSpecification","valueRequired":true,"valueName":"search_term_string"}}],"inLanguage":"en-US"},{"@type":"Organization","@id":"https:\/\/bettina-bonkas.com\/#organization","name":"Be Connected by Bettina Bonkas GmbH","url":"https:\/\/bettina-bonkas.com\/","logo":{"@type":"ImageObject","inLanguage":"en-US","@id":"https:\/\/bettina-bonkas.com\/#\/schema\/logo\/image\/","url":"https:\/\/bettina-bonkas.com\/wp-content\/uploads\/Be_Connected_Logo_mit-Kaushan_Script.jpg","contentUrl":"https:\/\/bettina-bonkas.com\/wp-content\/uploads\/Be_Connected_Logo_mit-Kaushan_Script.jpg","width":1126,"height":446,"caption":"Be Connected by Bettina Bonkas GmbH"},"image":{"@id":"https:\/\/bettina-bonkas.com\/#\/schema\/logo\/image\/"}}]}},"_links":{"self":[{"href":"https:\/\/bettina-bonkas.com\/en\/wp-json\/wp\/v2\/pages\/2456","targetHints":{"allow":["GET"]}}],"collection":[{"href":"https:\/\/bettina-bonkas.com\/en\/wp-json\/wp\/v2\/pages"}],"about":[{"href":"https:\/\/bettina-bonkas.com\/en\/wp-json\/wp\/v2\/types\/page"}],"author":[{"embeddable":true,"href":"https:\/\/bettina-bonkas.com\/en\/wp-json\/wp\/v2\/users\/5"}],"replies":[{"embeddable":true,"href":"https:\/\/bettina-bonkas.com\/en\/wp-json\/wp\/v2\/comments?post=2456"}],"version-history":[{"count":3,"href":"https:\/\/bettina-bonkas.com\/en\/wp-json\/wp\/v2\/pages\/2456\/revisions"}],"predecessor-version":[{"id":7637,"href":"https:\/\/bettina-bonkas.com\/en\/wp-json\/wp\/v2\/pages\/2456\/revisions\/7637"}],"wp:attachment":[{"href":"https:\/\/bettina-bonkas.com\/en\/wp-json\/wp\/v2\/media?parent=2456"}],"curies":[{"name":"wp","href":"https:\/\/api.w.org\/{rel}","templated":true}]}}