{"id":37,"date":"2014-01-04T07:04:40","date_gmt":"2014-01-04T07:04:40","guid":{"rendered":"http:\/\/blog.sprachen-sinnvoll-lernen.de\/?page_id=37"},"modified":"2025-10-23T10:17:02","modified_gmt":"2025-10-23T08:17:02","slug":"konzept-englisch-training","status":"publish","type":"page","link":"https:\/\/bettina-bonkas.com\/en\/konzept-englisch-training.html","title":{"rendered":"Konzept"},"content":{"rendered":"<p class=\"qtranxs-available-languages-message qtranxs-available-languages-message-en\">Sorry, this entry is only available in <a href=\"https:\/\/bettina-bonkas.com\/de\/wp-json\/wp\/v2\/pages\/37\" class=\"qtranxs-available-language-link qtranxs-available-language-link-de\" title=\"Deutsch\">Deutsch<\/a>.<\/p><p><\/p>\n<h2><img loading=\"lazy\" decoding=\"async\" class=\"alignnone wp-image-2938\" src=\"https:\/\/bettina-bonkas.com\/wp-content\/uploads\/Konzept-Englisch-Training-Bettina-Bonkas-Coaching-Consulting-Sprachen-sinnvoll-lernen.-300x200.jpg\" alt=\"Konzept - Englisch-Training\" width=\"273\" height=\"182\" srcset=\"https:\/\/bettina-bonkas.com\/wp-content\/uploads\/Konzept-Englisch-Training-Bettina-Bonkas-Coaching-Consulting-Sprachen-sinnvoll-lernen.-300x200.jpg 300w, https:\/\/bettina-bonkas.com\/wp-content\/uploads\/Konzept-Englisch-Training-Bettina-Bonkas-Coaching-Consulting-Sprachen-sinnvoll-lernen.-1024x684.jpg 1024w, https:\/\/bettina-bonkas.com\/wp-content\/uploads\/Konzept-Englisch-Training-Bettina-Bonkas-Coaching-Consulting-Sprachen-sinnvoll-lernen.-768x513.jpg 768w, https:\/\/bettina-bonkas.com\/wp-content\/uploads\/Konzept-Englisch-Training-Bettina-Bonkas-Coaching-Consulting-Sprachen-sinnvoll-lernen.-1536x1026.jpg 1536w, https:\/\/bettina-bonkas.com\/wp-content\/uploads\/Konzept-Englisch-Training-Bettina-Bonkas-Coaching-Consulting-Sprachen-sinnvoll-lernen..jpg 1920w\" sizes=\"auto, (max-width: 273px) 100vw, 273px\" \/><\/h2>\n<h5>Konzept &#8211; Englisch-coaching<\/h5>\n<h3><span style=\"color: #aa1600;\"><strong><span style=\"color: #28578f;\">Konzept &#8211; Englisch-Coaching<\/span><br \/>\n<span style=\"color: #28578f;\">Was hei\u00dft &#8220;Sinn-voll&#8221; lernen?<\/span><br \/>\n<\/strong><\/span><\/h3>\n<p><span style=\"color: #333333;\">Konzept: <\/span>Warum Englisch-Coaching? Bei uns geht es nicht um eine generelle Wissensvermittlung, sondern um Individualit\u00e4t. Wir schauen uns Dein Anliegen an und arbeiten gemeinsam an Deinen Handlungsm\u00f6glichkeiten mit Bezug auf Deine Situation und Bed\u00fcrfnisse. Das gilt f\u00fcr Englisch-Coaching auf Einzel- als auch auf Gruppenbasis. Letzteres geht nat\u00fcrlich nur in kleinen Gruppen.<\/p>\n<h4><span style=\"color: #28578f;\">Pers\u00f6nlichkeitsgerechtes Lernen<\/span><\/h4>\n<p><span style=\"color: #333333;\">Mich fasziniert, wie Menschen lernen. Aufbauend auf den &#8220;<span style=\"color: #037c8c;\"><a style=\"color: #037c8c;\" href=\"https:\/\/de.wikipedia.org\/wiki\/Theorie_der_multiplen_Intelligenzen\"><span style=\"color: #28578f;\">Multiplen Intelligenzen<\/span><\/a><\/span>&#8221; nach Howard Gardner beobachte ich meine Kunden, die Menschen in meiner Umgebung und nat\u00fcrlich mich selbst, analysiere, ziehe R\u00fcckschl\u00fcsse und ich bilde mich regelm\u00e4\u00dfig weiter.<\/span><\/p>\n<p><span style=\"color: #333333;\">Wir Coaches sind im engen Kontakt und tauschen unsere Erfahrungen aus. Das zeigt sich in unserem Coaching: Uns interessiert die Pers\u00f6nlichkeit unserer Kunden. Dabei ber\u00fccksichtigen wir die individuellen Interessen sowie Arten und Weisen zu lernen.<\/span><\/p>\n<p>Letztendlich ist Englischlernen auch eine Form der pers\u00f6nlichen Weiterentwicklung. Wie sagte ein Kunde zu mir: Dein Coaching\/Beratung ist eine<\/p>\n<p style=\"text-align: center;\"><em>&#8220;Pers\u00f6nlichkeitsberatung hin zu einer Sprache.&#8221; <\/em><\/p>\n<p>Mit unserem Englisch-Coaching sollst Du Dich in der Lage sehen, auch in herausfordernden Situationen Englisch erfolgreich anwenden zu k\u00f6nnen. Wir geben Dir die Tools und die Strategien dazu mit an die Hand.<em><br \/>\n<\/em><\/p>\n<h4><span style=\"color: #28578f;\"><strong>Lernen mit allen Sinnen<\/strong><\/span><\/h4>\n<p><span style=\"color: #333333;\">In unserem Englisch-Coaching sprechen wir alle Sinne und damit beide Gehirn<\/span><span style=\"color: #333333;\">h\u00e4lften gleicherma\u00dfen an. In unserem Coaching ber\u00fccksichtigen wir die ver<\/span><span style=\"color: #333333;\">schiedenen Lerntypen und unsere Kunden lernen die Sprache in realit\u00e4ts<\/span><span style=\"color: #333333;\">nahen Situationen, abgestimmt auf ihre Bed\u00fcrfnisse. <\/span><\/p>\n<p><span style=\"color: #333333;\">Im Mittelpunkt steht vor allem das freie Sprechen. Dabei <\/span><span style=\"color: #333333;\">treten wir nicht als \u00dcbersetzer auf, sondern helfen Dir, L\u00fccken mit Deinen eigenen Worten zu schlie\u00dfen und vermitteln Dir Sicherheit, durch die F\u00e4higkeit zu improvisieren. <\/span><\/p>\n<p>Es geht darum, Dir Deine Handlungsm\u00f6glichkeiten aufzuzeigen. <span style=\"color: #333333;\">Dabei gehen wir individuell auf Deine Belange ein. Wir geben Dir praktische Tipps zur Integration der Sprache in Deinen Alltag: Bezug herstellen zu Deinem Leben.<\/span><\/p>\n<h4><span style=\"color: #ff0000;\"><strong>Lernen in der Gruppe<\/strong><\/span><\/h4>\n<p><span style=\"color: #333333;\">Wir legen gro\u00dfen Wert auf eine gute Dynamik in unseren Gruppen. Das Englisch-Coaching erfolgt in kleinen Gruppen .<\/span><\/p>\n<h4><span style=\"color: #52660a;\"><strong>Einzelcoaching<\/strong><br \/>\n<\/span><\/h4>\n<p><span style=\"color: #333333;\">Keine Zeit f\u00fcr regelm\u00e4\u00dfiger Gruppencoaching? Unser Einzelcoaching ist flexibel und kann individuell arrangiert werden.<\/span><\/p>\n<h4><strong><span style=\"color: #993300;\">Lernen im eigenen Rhythmus<\/span><\/strong><\/h4>\n<p><span style=\"color: #333333;\">Unser Coaching folgt unserem nat\u00fcrlichen Rhythmus. Es wechselt zwischen ruhigen und aktiven Phasen. Das hilft, fit und engagiert zu bleiben.<\/span><\/p>\n<h4><span style=\"color: #333399;\"><strong>Lernen in einer Wohlf\u00fchlatmosph\u00e4re<\/strong><\/span><\/h4>\n<p>Das Englisch-Coaching findet in freundlichen R\u00e4umen mit Getr\u00e4nken und kleinen Leckereien statt.<\/p>\n<p>Siehe auch:<span style=\"color: #28578f;\"> <a style=\"color: #28578f;\" href=\"https:\/\/bettina-bonkas.com\/englisch-persoenlichkeitsgerechtes-lernen.html\">Pers\u00f6nlichkeitsgerechtes Lernen &#8211; Integration von\u00a0 Sprache in unseren Alltag<\/a><\/span><\/p>","protected":false},"excerpt":{"rendered":"<p>Sorry, this entry is only available in Deutsch. Konzept &#8211; Englisch-coaching Konzept &#8211; Englisch-Coaching Was hei\u00dft &#8220;Sinn-voll&#8221; lernen? Konzept: Warum Englisch-Coaching? Bei uns geht es nicht um eine generelle Wissensvermittlung, sondern um Individualit\u00e4t. Wir schauen uns Dein Anliegen an und arbeiten gemeinsam an Deinen Handlungsm\u00f6glichkeiten mit Bezug auf Deine Situation und Bed\u00fcrfnisse. Das gilt f\u00fcr &hellip; <\/p>\n<p class=\"link-more\"><a href=\"https:\/\/bettina-bonkas.com\/en\/konzept-englisch-training.html\" class=\"more-link\">Continue reading<span class=\"screen-reader-text\"> &#8220;Konzept&#8221;<\/span><\/a><\/p>\n","protected":false},"author":5,"featured_media":0,"parent":0,"menu_order":0,"comment_status":"closed","ping_status":"closed","template":"","meta":{"footnotes":""},"class_list":["post-37","page","type-page","status-publish","hentry"],"yoast_head":"<!-- This site is optimized with the Yoast SEO plugin v27.3 - https:\/\/yoast.com\/product\/yoast-seo-wordpress\/ -->\n<title>Konzept - Be Connected by Bettina Bonkas GmbH<\/title>\n<meta name=\"description\" content=\"{:de}Konzept - Englisch-Training: aufbauend auf den Multiplen Intelligenzen (Lernerpers\u00f6nlichkeiten) von Howard Gardner in einer entspannten Lernatmosph\u00e4re.{:}\" \/>\n<meta name=\"robots\" content=\"index, follow, max-snippet:-1, max-image-preview:large, max-video-preview:-1\" \/>\n<link rel=\"canonical\" href=\"https:\/\/bettina-bonkas.com\/konzept-englisch-training.html\" \/>\n<meta property=\"og:locale\" content=\"en_US\" \/>\n<meta property=\"og:type\" content=\"article\" \/>\n<meta property=\"og:title\" content=\"[:de]Konzept - Englisch-Coaching[:en]Konzept[:] - Be Connected by Bettina Bonkas GmbH\" \/>\n<meta property=\"og:description\" content=\"{:de}Konzept - Englisch-Training: aufbauend auf den Multiplen Intelligenzen (Lernerpers\u00f6nlichkeiten) von Howard Gardner in einer entspannten Lernatmosph\u00e4re.{:}\" \/>\n<meta property=\"og:url\" content=\"https:\/\/bettina-bonkas.com\/konzept-englisch-training.html\" \/>\n<meta property=\"og:site_name\" content=\"Be Connected by Bettina Bonkas GmbH\" \/>\n<meta property=\"article:modified_time\" content=\"2025-10-23T08:17:02+00:00\" \/>\n<meta property=\"og:image\" content=\"https:\/\/bettina-bonkas.com\/wp-content\/uploads\/Konzept-Englisch-Training-Bettina-Bonkas-Coaching-Consulting-Sprachen-sinnvoll-lernen..jpg\" \/>\n\t<meta property=\"og:image:width\" content=\"1920\" \/>\n\t<meta property=\"og:image:height\" content=\"1283\" \/>\n\t<meta property=\"og:image:type\" content=\"image\/jpeg\" \/>\n<meta name=\"twitter:card\" content=\"summary_large_image\" \/>\n<meta name=\"twitter:label1\" content=\"Est. reading time\" \/>\n\t<meta name=\"twitter:data1\" content=\"3 minutes\" \/>\n<script type=\"application\/ld+json\" class=\"yoast-schema-graph\">{\"@context\":\"https:\\\/\\\/schema.org\",\"@graph\":[{\"@type\":\"WebPage\",\"@id\":\"https:\\\/\\\/bettina-bonkas.com\\\/konzept-englisch-training.html\",\"url\":\"https:\\\/\\\/bettina-bonkas.com\\\/konzept-englisch-training.html\",\"name\":\"[:de]Konzept - Englisch-Coaching[:en]Konzept[:] - Be Connected by Bettina Bonkas GmbH\",\"isPartOf\":{\"@id\":\"https:\\\/\\\/bettina-bonkas.com\\\/#website\"},\"primaryImageOfPage\":{\"@id\":\"https:\\\/\\\/bettina-bonkas.com\\\/konzept-englisch-training.html#primaryimage\"},\"image\":{\"@id\":\"https:\\\/\\\/bettina-bonkas.com\\\/konzept-englisch-training.html#primaryimage\"},\"thumbnailUrl\":\"https:\\\/\\\/bettina-bonkas.com\\\/wp-content\\\/uploads\\\/Konzept-Englisch-Training-Bettina-Bonkas-Coaching-Consulting-Sprachen-sinnvoll-lernen.-300x200.jpg\",\"datePublished\":\"2014-01-04T07:04:40+00:00\",\"dateModified\":\"2025-10-23T08:17:02+00:00\",\"description\":\"{:de}Konzept - Englisch-Training: aufbauend auf den Multiplen Intelligenzen (Lernerpers\u00f6nlichkeiten) von Howard Gardner in einer entspannten Lernatmosph\u00e4re.{:}\",\"inLanguage\":\"en-US\",\"potentialAction\":[{\"@type\":\"ReadAction\",\"target\":[\"https:\\\/\\\/bettina-bonkas.com\\\/konzept-englisch-training.html\"]}]},{\"@type\":\"ImageObject\",\"inLanguage\":\"en-US\",\"@id\":\"https:\\\/\\\/bettina-bonkas.com\\\/konzept-englisch-training.html#primaryimage\",\"url\":\"https:\\\/\\\/bettina-bonkas.com\\\/wp-content\\\/uploads\\\/Konzept-Englisch-Training-Bettina-Bonkas-Coaching-Consulting-Sprachen-sinnvoll-lernen.-300x200.jpg\",\"contentUrl\":\"https:\\\/\\\/bettina-bonkas.com\\\/wp-content\\\/uploads\\\/Konzept-Englisch-Training-Bettina-Bonkas-Coaching-Consulting-Sprachen-sinnvoll-lernen.-300x200.jpg\"},{\"@type\":\"WebSite\",\"@id\":\"https:\\\/\\\/bettina-bonkas.com\\\/#website\",\"url\":\"https:\\\/\\\/bettina-bonkas.com\\\/\",\"name\":\"Be Connected by Bettina Bonkas GmbH\",\"description\":\"Resilienz | Coaching | Englisch + Improvisation\",\"publisher\":{\"@id\":\"https:\\\/\\\/bettina-bonkas.com\\\/#organization\"},\"potentialAction\":[{\"@type\":\"SearchAction\",\"target\":{\"@type\":\"EntryPoint\",\"urlTemplate\":\"https:\\\/\\\/bettina-bonkas.com\\\/?s={search_term_string}\"},\"query-input\":{\"@type\":\"PropertyValueSpecification\",\"valueRequired\":true,\"valueName\":\"search_term_string\"}}],\"inLanguage\":\"en-US\"},{\"@type\":\"Organization\",\"@id\":\"https:\\\/\\\/bettina-bonkas.com\\\/#organization\",\"name\":\"Be Connected by Bettina Bonkas GmbH\",\"url\":\"https:\\\/\\\/bettina-bonkas.com\\\/\",\"logo\":{\"@type\":\"ImageObject\",\"inLanguage\":\"en-US\",\"@id\":\"https:\\\/\\\/bettina-bonkas.com\\\/#\\\/schema\\\/logo\\\/image\\\/\",\"url\":\"https:\\\/\\\/bettina-bonkas.com\\\/wp-content\\\/uploads\\\/Be_Connected_Logo_mit-Kaushan_Script.jpg\",\"contentUrl\":\"https:\\\/\\\/bettina-bonkas.com\\\/wp-content\\\/uploads\\\/Be_Connected_Logo_mit-Kaushan_Script.jpg\",\"width\":1126,\"height\":446,\"caption\":\"Be Connected by Bettina Bonkas GmbH\"},\"image\":{\"@id\":\"https:\\\/\\\/bettina-bonkas.com\\\/#\\\/schema\\\/logo\\\/image\\\/\"}}]}<\/script>\n<!-- \/ Yoast SEO plugin. -->","yoast_head_json":{"title":"[:de]Konzept - Englisch-Coaching[:en]Konzept[:] - Be Connected by Bettina Bonkas GmbH","description":"{:de}Konzept - Englisch-Training: aufbauend auf den Multiplen Intelligenzen (Lernerpers\u00f6nlichkeiten) von Howard Gardner in einer entspannten Lernatmosph\u00e4re.{:}","robots":{"index":"index","follow":"follow","max-snippet":"max-snippet:-1","max-image-preview":"max-image-preview:large","max-video-preview":"max-video-preview:-1"},"canonical":"https:\/\/bettina-bonkas.com\/konzept-englisch-training.html","og_locale":"en_US","og_type":"article","og_title":"[:de]Konzept - Englisch-Coaching[:en]Konzept[:] - Be Connected by Bettina Bonkas GmbH","og_description":"{:de}Konzept - Englisch-Training: aufbauend auf den Multiplen Intelligenzen (Lernerpers\u00f6nlichkeiten) von Howard Gardner in einer entspannten Lernatmosph\u00e4re.{:}","og_url":"https:\/\/bettina-bonkas.com\/konzept-englisch-training.html","og_site_name":"Be Connected by Bettina Bonkas GmbH","article_modified_time":"2025-10-23T08:17:02+00:00","og_image":[{"width":1920,"height":1283,"url":"https:\/\/bettina-bonkas.com\/wp-content\/uploads\/Konzept-Englisch-Training-Bettina-Bonkas-Coaching-Consulting-Sprachen-sinnvoll-lernen..jpg","type":"image\/jpeg"}],"twitter_card":"summary_large_image","twitter_misc":{"Est. reading time":"3 minutes"},"schema":{"@context":"https:\/\/schema.org","@graph":[{"@type":"WebPage","@id":"https:\/\/bettina-bonkas.com\/konzept-englisch-training.html","url":"https:\/\/bettina-bonkas.com\/konzept-englisch-training.html","name":"[:de]Konzept - Englisch-Coaching[:en]Konzept[:] - Be Connected by Bettina Bonkas GmbH","isPartOf":{"@id":"https:\/\/bettina-bonkas.com\/#website"},"primaryImageOfPage":{"@id":"https:\/\/bettina-bonkas.com\/konzept-englisch-training.html#primaryimage"},"image":{"@id":"https:\/\/bettina-bonkas.com\/konzept-englisch-training.html#primaryimage"},"thumbnailUrl":"https:\/\/bettina-bonkas.com\/wp-content\/uploads\/Konzept-Englisch-Training-Bettina-Bonkas-Coaching-Consulting-Sprachen-sinnvoll-lernen.-300x200.jpg","datePublished":"2014-01-04T07:04:40+00:00","dateModified":"2025-10-23T08:17:02+00:00","description":"{:de}Konzept - Englisch-Training: aufbauend auf den Multiplen Intelligenzen (Lernerpers\u00f6nlichkeiten) von Howard Gardner in einer entspannten Lernatmosph\u00e4re.{:}","inLanguage":"en-US","potentialAction":[{"@type":"ReadAction","target":["https:\/\/bettina-bonkas.com\/konzept-englisch-training.html"]}]},{"@type":"ImageObject","inLanguage":"en-US","@id":"https:\/\/bettina-bonkas.com\/konzept-englisch-training.html#primaryimage","url":"https:\/\/bettina-bonkas.com\/wp-content\/uploads\/Konzept-Englisch-Training-Bettina-Bonkas-Coaching-Consulting-Sprachen-sinnvoll-lernen.-300x200.jpg","contentUrl":"https:\/\/bettina-bonkas.com\/wp-content\/uploads\/Konzept-Englisch-Training-Bettina-Bonkas-Coaching-Consulting-Sprachen-sinnvoll-lernen.-300x200.jpg"},{"@type":"WebSite","@id":"https:\/\/bettina-bonkas.com\/#website","url":"https:\/\/bettina-bonkas.com\/","name":"Be Connected by Bettina Bonkas GmbH","description":"Resilienz | Coaching | Englisch + Improvisation","publisher":{"@id":"https:\/\/bettina-bonkas.com\/#organization"},"potentialAction":[{"@type":"SearchAction","target":{"@type":"EntryPoint","urlTemplate":"https:\/\/bettina-bonkas.com\/?s={search_term_string}"},"query-input":{"@type":"PropertyValueSpecification","valueRequired":true,"valueName":"search_term_string"}}],"inLanguage":"en-US"},{"@type":"Organization","@id":"https:\/\/bettina-bonkas.com\/#organization","name":"Be Connected by Bettina Bonkas GmbH","url":"https:\/\/bettina-bonkas.com\/","logo":{"@type":"ImageObject","inLanguage":"en-US","@id":"https:\/\/bettina-bonkas.com\/#\/schema\/logo\/image\/","url":"https:\/\/bettina-bonkas.com\/wp-content\/uploads\/Be_Connected_Logo_mit-Kaushan_Script.jpg","contentUrl":"https:\/\/bettina-bonkas.com\/wp-content\/uploads\/Be_Connected_Logo_mit-Kaushan_Script.jpg","width":1126,"height":446,"caption":"Be Connected by Bettina Bonkas GmbH"},"image":{"@id":"https:\/\/bettina-bonkas.com\/#\/schema\/logo\/image\/"}}]}},"_links":{"self":[{"href":"https:\/\/bettina-bonkas.com\/en\/wp-json\/wp\/v2\/pages\/37","targetHints":{"allow":["GET"]}}],"collection":[{"href":"https:\/\/bettina-bonkas.com\/en\/wp-json\/wp\/v2\/pages"}],"about":[{"href":"https:\/\/bettina-bonkas.com\/en\/wp-json\/wp\/v2\/types\/page"}],"author":[{"embeddable":true,"href":"https:\/\/bettina-bonkas.com\/en\/wp-json\/wp\/v2\/users\/5"}],"replies":[{"embeddable":true,"href":"https:\/\/bettina-bonkas.com\/en\/wp-json\/wp\/v2\/comments?post=37"}],"version-history":[{"count":3,"href":"https:\/\/bettina-bonkas.com\/en\/wp-json\/wp\/v2\/pages\/37\/revisions"}],"predecessor-version":[{"id":7617,"href":"https:\/\/bettina-bonkas.com\/en\/wp-json\/wp\/v2\/pages\/37\/revisions\/7617"}],"wp:attachment":[{"href":"https:\/\/bettina-bonkas.com\/en\/wp-json\/wp\/v2\/media?parent=37"}],"curies":[{"name":"wp","href":"https:\/\/api.w.org\/{rel}","templated":true}]}}