{"id":7941,"date":"2026-02-12T10:45:37","date_gmt":"2026-02-12T09:45:37","guid":{"rendered":"https:\/\/bettina-bonkas.com\/?page_id=7941"},"modified":"2026-03-13T11:25:28","modified_gmt":"2026-03-13T10:25:28","slug":"englisch-coaching-fuer-unternehmen","status":"publish","type":"page","link":"https:\/\/bettina-bonkas.com\/en\/englisch-coaching-fuer-unternehmen.html","title":{"rendered":"(Deutsch) Englisch Coaching f\u00fcr Unternehmen"},"content":{"rendered":"<p class=\"qtranxs-available-languages-message qtranxs-available-languages-message-en\">Sorry, this entry is only available in <a href=\"https:\/\/bettina-bonkas.com\/de\/wp-json\/wp\/v2\/pages\/7941\" class=\"qtranxs-available-language-link qtranxs-available-language-link-de\" title=\"Deutsch\">Deutsch<\/a>.<\/p><p><img loading=\"lazy\" decoding=\"async\" class=\"alignnone size-medium wp-image-7967\" src=\"https:\/\/bettina-bonkas.com\/wp-content\/uploads\/English-Bettina-Bonkas-Be-Connected-Coaching-Consulting-Sprachen-sinnvoll-lernen-300x142.jpg\" alt=\"Eine Tafel mit einem durchgestrichenen &quot;Can't&quot; und dem Wort CAN darunter stehend.\" width=\"300\" height=\"142\" srcset=\"https:\/\/bettina-bonkas.com\/wp-content\/uploads\/English-Bettina-Bonkas-Be-Connected-Coaching-Consulting-Sprachen-sinnvoll-lernen-300x142.jpg 300w, https:\/\/bettina-bonkas.com\/wp-content\/uploads\/English-Bettina-Bonkas-Be-Connected-Coaching-Consulting-Sprachen-sinnvoll-lernen-1024x484.jpg 1024w, https:\/\/bettina-bonkas.com\/wp-content\/uploads\/English-Bettina-Bonkas-Be-Connected-Coaching-Consulting-Sprachen-sinnvoll-lernen-768x363.jpg 768w, https:\/\/bettina-bonkas.com\/wp-content\/uploads\/English-Bettina-Bonkas-Be-Connected-Coaching-Consulting-Sprachen-sinnvoll-lernen-1536x726.jpg 1536w, https:\/\/bettina-bonkas.com\/wp-content\/uploads\/English-Bettina-Bonkas-Be-Connected-Coaching-Consulting-Sprachen-sinnvoll-lernen.jpg 1920w\" sizes=\"auto, (max-width: 300px) 100vw, 300px\" \/><\/p>\n<h5>Englisch Coaching &amp; improvisation<\/h5>\n<h4><strong><span style=\"color: #28578f;\">Be Connected by Bettina Bonkas &#8211; Englisch Coaching<\/span><br \/>\n<span style=\"color: #28578f;\">Souver\u00e4n auf Englisch \u2013 \u00fcberzeugend, kompetent, verbindend<\/span><\/strong><\/h4>\n<article class=\"text-token-text-primary w-full focus:outline-none [--shadow-height:45px] has-data-writing-block:pointer-events-none has-data-writing-block:-mt-(--shadow-height) has-data-writing-block:pt-(--shadow-height) [&amp;:has([data-writing-block])&gt;*]:pointer-events-auto scroll-mt-[calc(var(--header-height)+min(200px,max(70px,20svh)))]\" dir=\"auto\" tabindex=\"-1\" data-turn-id=\"request-WEB:d9f9f6cc-3eb7-44d2-8b3e-d5fb693d9304-14\" data-testid=\"conversation-turn-6\" data-scroll-anchor=\"false\" data-turn=\"assistant\">\n<div class=\"text-base my-auto mx-auto [--thread-content-margin:--spacing(4)] @w-sm\/main:[--thread-content-margin:--spacing(6)] @w-lg\/main:[--thread-content-margin:--spacing(16)] px-(--thread-content-margin)\">\n<div class=\"[--thread-content-max-width:40rem] @w-lg\/main:[--thread-content-max-width:48rem] mx-auto max-w-(--thread-content-max-width) flex-1 group\/turn-messages focus-visible:outline-hidden relative flex w-full min-w-0 flex-col agent-turn\" tabindex=\"-1\">\n<div class=\"flex max-w-full flex-col grow\">\n<div class=\"min-h-8 text-message relative flex w-full flex-col items-end gap-2 text-start break-words whitespace-normal [.text-message+&amp;]:mt-1\" dir=\"auto\" data-message-author-role=\"assistant\" data-message-id=\"a9f4dc29-ff54-4d08-bdc4-ead4c79e5af7\" data-message-model-slug=\"gpt-5-mini\">\n<div class=\"flex w-full flex-col gap-1 empty:hidden first:pt-[1px]\">\n<div class=\"markdown prose dark:prose-invert w-full wrap-break-word light markdown-new-styling\">\n<p data-start=\"436\" data-end=\"758\">Viele Fach- und F\u00fchrungskr\u00e4fte haben eine solide Grundlage in Englisch &#8211; trotzdem blockiert sie oft der eigene Perfektionsanspruch.<\/p>\n<p data-start=\"436\" data-end=\"758\">Andere verf\u00fcgen \u00fcber gute Englischkenntnisse, z\u00f6gern aber, frei zu sprechen. Der Vergleich mit Kolleg*innen oder der vermeintliche Druck, perfekt sein zu m\u00fcssen, hemmt das Ausprobieren und verlangsamt Fortschritte.<\/p>\n<p data-start=\"436\" data-end=\"758\"><strong>Die gute Nachricht<\/strong>: Eine gute Basis ist meistens l\u00e4ngst da. Es geht darum, sie aktiv zu nutzen.<\/p>\n<hr data-start=\"851\" data-end=\"854\" \/>\n<h4><span style=\"color: #28578f;\"><strong data-start=\"1220\" data-end=\"1238\">Meine Kunden &#8230;<\/strong><\/span><\/h4>\n<p>&#8230; entwickeln ein <em>&#8220;Nobody is perfect&#8221;<\/em> und <em>&#8220;Yes, I can!&#8221;<\/em>-Mindset<\/p>\n<p>&#8230; st\u00e4rken ihr Improvisationsverm\u00f6gen &#8211; f\u00fcr lebendiges Englisch<\/p>\n<p>&#8230; bringen ihre Pers\u00f6nlichkeit ein &#8211; auch auf Englisch<\/p>\n<hr data-start=\"1433\" data-end=\"1436\" \/>\n<h4><span style=\"color: #28578f;\"><strong data-start=\"1443\" data-end=\"1471\">So arbeite ich mit Ihnen<\/strong><\/span><\/h4>\n<ul>\n<li data-start=\"1474\" data-end=\"1559\"><strong data-start=\"1474\" data-end=\"1514\">Englisch locker und souver\u00e4n nutzen<\/strong>: Sprache wird zum Werkzeug, nicht zur H\u00fcrde<\/li>\n<li data-start=\"1562\" data-end=\"1644\"><strong data-start=\"1562\" data-end=\"1596\">Nat\u00fcrlich improvisieren<\/strong>: Wir machen Ihr Vokabular nutzbar<\/li>\n<li data-start=\"1647\" data-end=\"1705\"><strong data-start=\"1647\" data-end=\"1673\">Kompetenz klar zeigen<\/strong>: Fokus auf Wirkung und Pr\u00e4senz<\/li>\n<li data-start=\"1708\" data-end=\"1769\"><strong data-start=\"1708\" data-end=\"1732\">Beziehungen st\u00e4rken<\/strong>: Englisch, das Beziehungen f\u00f6rdert<\/li>\n<li data-start=\"1772\" data-end=\"1844\"><strong data-start=\"1772\" data-end=\"1793\">Gelassen bleiben<\/strong>: Ruhe und \u00dcbersicht auch in spontanten Situationen<\/li>\n<\/ul>\n<h4><span class=\"ab6fd0e1 _081a3118\" tabindex=\"-1\" data-testid=\"expandable-text-box\"><span style=\"color: #28578f;\">Warum Englisch, Coaching &amp; Resilienz zusammengeh\u00f6ren<\/span> <\/span><\/h4>\n<p><span class=\"ab6fd0e1 _081a3118\" tabindex=\"-1\" data-testid=\"expandable-text-box\">Sprachliche Unsicherheit erzeugt Stress. Stress blockiert Denken, Pr\u00e4senz und Potential. Ein fehlendes &#8220;Yes, I can!&#8221;-Mindset verst\u00e4rkt diesen Kreislauf Wir schauen hin: Wo hakt es wirklich &#8211; Sprache, Leistungsdruck, Angst vor Fehlern? Und arbeiten an der Ursache.<\/span><\/p>\n<hr data-start=\"1846\" data-end=\"1849\" \/>\n<h4><span style=\"color: #28578f;\"><strong data-start=\"1856\" data-end=\"1872\">Mein Angebot<\/strong><\/span><\/h4>\n<ul>\n<li class=\"TyagGW_tableContainer\">\n<div class=\"group TyagGW_tableWrapper flex flex-col-reverse w-fit\" tabindex=\"-1\">\n<table class=\"w-fit min-w-(--thread-content-width)\" data-start=\"1873\" data-end=\"2272\">\n<thead data-start=\"1873\" data-end=\"1899\">\n<tr data-start=\"1873\" data-end=\"1899\">\n<th class=\"\" data-start=\"1873\" data-end=\"1883\" data-col-size=\"sm\">Angebot<\/th>\n<th class=\"\" data-start=\"1883\" data-end=\"1892\" data-col-size=\"sm\">Format<\/th>\n<th class=\"\" data-start=\"1892\" data-end=\"1899\" data-col-size=\"sm\">Ort<\/th>\n<\/tr>\n<\/thead>\n<tbody data-start=\"1927\" data-end=\"2272\">\n<tr data-start=\"1927\" data-end=\"1986\">\n<td data-start=\"1927\" data-end=\"1961\" data-col-size=\"sm\">W\u00f6chentliches Englisch-Coaching<\/td>\n<td data-col-size=\"sm\" data-start=\"1961\" data-end=\"1976\">Kleingruppen<\/td>\n<td data-col-size=\"sm\" data-start=\"1976\" data-end=\"1986\">Online<\/td>\n<\/tr>\n<tr data-start=\"1987\" data-end=\"2039\">\n<td data-start=\"1987\" data-end=\"2023\" data-col-size=\"sm\">Englisch-Coaching<\/td>\n<td data-col-size=\"sm\" data-start=\"2023\" data-end=\"2029\">1:1<\/td>\n<td data-col-size=\"sm\" data-start=\"2029\" data-end=\"2039\">Online<\/td>\n<\/tr>\n<tr data-start=\"2040\" data-end=\"2088\">\n<td data-start=\"2040\" data-end=\"2066\" data-col-size=\"sm\">Bei Unsicherheiten:<br \/>\nSpecial English-Coaching<\/td>\n<td data-col-size=\"sm\" data-start=\"2066\" data-end=\"2078\">1:1<\/td>\n<td data-col-size=\"sm\" data-start=\"2078\" data-end=\"2088\">Online, pers\u00f6nlich<\/td>\n<\/tr>\n<tr data-start=\"2089\" data-end=\"2164\">\n<td data-start=\"2089\" data-end=\"2130\" data-col-size=\"sm\"><em data-start=\"2042\" data-end=\"2065\">Let&#8217;s Talk Over Lunch<\/em><\/td>\n<td data-col-size=\"sm\" data-start=\"2130\" data-end=\"2137\">Monatlich<\/td>\n<td data-col-size=\"sm\" data-start=\"2137\" data-end=\"2164\">Online<\/td>\n<\/tr>\n<tr data-start=\"2165\" data-end=\"2211\">\n<td data-start=\"2165\" data-end=\"2182\" data-col-size=\"sm\"><em data-start=\"2091\" data-end=\"2104\">Yes, I can!<\/em> \u2013 Englisch frei sprechen<\/td>\n<td data-col-size=\"sm\" data-start=\"2182\" data-end=\"2193\">Tagestraining<\/td>\n<td data-col-size=\"sm\" data-start=\"2193\" data-end=\"2211\">Rhein-Main-Gebiet, DACH<\/td>\n<\/tr>\n<tr data-start=\"2212\" data-end=\"2272\">\n<td data-start=\"2212\" data-end=\"2236\" data-col-size=\"sm\">Individuelles Angebot<\/td>\n<td data-col-size=\"sm\" data-start=\"2236\" data-end=\"2254\">Ma\u00dfgeschneidert<\/td>\n<td data-col-size=\"sm\" data-start=\"2254\" data-end=\"2272\">nach Absprache<\/td>\n<\/tr>\n<\/tbody>\n<\/table>\n<\/div>\n<\/li>\n<\/ul>\n<h4><span style=\"color: #28578f;\">Yes, I can! &#8211; Englisch frei sprechen<\/span><\/h4>\n<p>Ein besonderes <strong>Tagestraining<\/strong> mit einer wirkungsvollen Mischung aus<\/p>\n<ul>\n<li>freiem Sprechen auf Englisch<\/li>\n<li>Resilienz &#8211; Yes, I can!-Mindset<\/li>\n<li>Applied Improvisation &#8211; st\u00e4rkt l\u00f6sungsorientiertes Denken, Gestaltungskraft, Gelassenheit und ein unterst\u00fctzendes Miteinander.<\/li>\n<\/ul>\n<hr data-start=\"2274\" data-end=\"2277\" \/>\n<h4><span style=\"color: #28578f;\"><strong data-start=\"2284\" data-end=\"2296\">Referenzen<\/strong><\/span><\/h4>\n<p style=\"text-align: center;\"><strong><em data-start=\"2297\" data-end=\"2392\">&#8220;Einzigartige Kombination aus Resilienzf\u00f6rderung und der Vermittlung der englischen Sprache&#8221;<\/em><\/strong><br data-start=\"2392\" data-end=\"2395\" \/>Hajran Muric, Global Head of Procurement &amp; Fulfillment, MVC Videra<\/p>\n<p style=\"text-align: center;\"><em><strong>&#8220;Wer nicht nur Englisch, sondern auch sich kennenlernen m\u00f6chte, muss zu Bettina!\u201c<\/strong> &#8211;\u00a0 <\/em>Simona, Bad Homburg<\/p>\n<p style=\"text-align: center;\"><strong><em>&#8220;Pers\u00f6nlichkeitsberatung hin zu einer Sprache.&#8221;<\/em> <\/strong>&#8211; TK, Gesch\u00e4ftsf\u00fchrer<\/p>\n<hr data-start=\"2265\" data-end=\"2268\" \/>\n<h4><img loading=\"lazy\" decoding=\"async\" class=\"alignnone  wp-image-8469\" src=\"https:\/\/bettina-bonkas.com\/wp-content\/uploads\/Bettina-Bonkas-300x300.png\" alt=\"Bettina Bonkas\" width=\"184\" height=\"184\" srcset=\"https:\/\/bettina-bonkas.com\/wp-content\/uploads\/Bettina-Bonkas-300x300.png 300w, https:\/\/bettina-bonkas.com\/wp-content\/uploads\/Bettina-Bonkas-150x150.png 150w, https:\/\/bettina-bonkas.com\/wp-content\/uploads\/Bettina-Bonkas-100x100.png 100w, https:\/\/bettina-bonkas.com\/wp-content\/uploads\/Bettina-Bonkas.png 497w\" sizes=\"auto, (max-width: 184px) 100vw, 184px\" \/><\/h4>\n<h4><span style=\"color: #28578f;\">Und wer bin ich?<\/span><\/h4>\n<p>Erfahren Sie mehr \u00fcber mich:<\/p>\n<p><span style=\"color: #28578f;\"><strong><a style=\"color: #28578f;\" href=\"https:\/\/bettina-bonkas.com\/kurzportrait.html\">Kurzportrait<\/a><\/strong><\/span><\/p>\n<p>Englisch lernen &amp; mehr \u2013 mehr erfahren oder meinen Newsletter abonnieren, um regelm\u00e4\u00dfig praxisnahe Impulse zu erhalten:<\/p>\n<ul>\n<li><a href=\"https:\/\/bettina-bonkas.com\/small-talk-auf-englisch-im-geschaefts-und-privatleben.html\"><span style=\"color: #28578f;\">Small Talk auf Englisch &#8211; im Gesch\u00e4fts- und Privatleben<\/span><\/a><\/li>\n<li><span style=\"color: #28578f;\"><a href=\"https:\/\/bettina-bonkas.com\/vokabeln-nachhaltig-lernen.html\"><span style=\"color: #28578f;\">Vokabeln nachhaltig lernen<\/span><\/a><\/span><\/li>\n<li><a href=\"https:\/\/bettina-bonkas.com\/buecher-und-hoerbuecher-auf-englisch.html\"><span style=\"color: #28578f;\">B\u00fccher und H\u00f6rb\u00fccher auf Englisch<\/span><\/a><\/li>\n<\/ul>\n<p>Und viele mehr: <a href=\"https:\/\/bettina-bonkas.com\/blog\/sprachen-sinnvoll-lernen\"><span style=\"color: #28578f;\">Blog \u2013 Englisch lernen &amp; mehr<\/span><\/a><\/p>\n<hr data-start=\"2466\" data-end=\"2469\" \/>\n<p><span style=\"color: #28578f;\"><strong data-start=\"2475\" data-end=\"2504\">Jetzt ins <span style=\"color: #28578f;\">Gespr\u00e4ch kommen<\/span><\/strong><\/span><\/p>\n<p>Gerne mit einem unverbindlichen Kennenlerngespr\u00e4ch: (<a href=\"https:\/\/bettina-bonkas.com\/kontakt.html\"><span style=\"color: #28578f;\">Kontakt<\/span><\/a>)<\/p>\n<hr data-start=\"2572\" data-end=\"2575\" \/>\n<\/div>\n<\/div>\n<\/div>\n<\/div>\n<\/div>\n<\/div>\n<\/article>\n<p>Bettina Bonkas<strong><br \/>\n<\/strong>Be Connected by Bettina Bonkas GmbH<br \/>\nEnglisch | Coaching | Resilienz + Improvisation<\/p>\n<p><\/p>","protected":false},"excerpt":{"rendered":"<p>Sorry, this entry is only available in Deutsch. Englisch Coaching &amp; improvisation Be Connected by Bettina Bonkas &#8211; Englisch Coaching Souver\u00e4n auf Englisch \u2013 \u00fcberzeugend, kompetent, verbindend Viele Fach- und F\u00fchrungskr\u00e4fte haben eine solide Grundlage in Englisch &#8211; trotzdem blockiert sie oft der eigene Perfektionsanspruch. Andere verf\u00fcgen \u00fcber gute Englischkenntnisse, z\u00f6gern aber, frei zu sprechen. &hellip; <\/p>\n<p class=\"link-more\"><a href=\"https:\/\/bettina-bonkas.com\/en\/englisch-coaching-fuer-unternehmen.html\" class=\"more-link\">Continue reading<span class=\"screen-reader-text\"> &#8220;(Deutsch) Englisch Coaching f\u00fcr Unternehmen&#8221;<\/span><\/a><\/p>\n","protected":false},"author":5,"featured_media":0,"parent":0,"menu_order":0,"comment_status":"closed","ping_status":"closed","template":"","meta":{"footnotes":""},"class_list":["post-7941","page","type-page","status-publish","hentry"],"yoast_head":"<!-- This site is optimized with the Yoast SEO plugin v27.4 - https:\/\/yoast.com\/product\/yoast-seo-wordpress\/ -->\n<title><\/title>\n<meta name=\"description\" content=\"Englisch-Coaching f\u00fcr Unternehmen: Englisch frei sprechen und souver\u00e4n im internationalen Business-Alltag kommunizieren.\" \/>\n<meta name=\"robots\" content=\"index, follow, max-snippet:-1, max-image-preview:large, max-video-preview:-1\" \/>\n<link rel=\"canonical\" href=\"https:\/\/bettina-bonkas.com\/englisch-coaching-fuer-unternehmen.html\" \/>\n<meta property=\"og:locale\" content=\"en_US\" \/>\n<meta property=\"og:type\" content=\"article\" \/>\n<meta property=\"og:title\" content=\"[:de]Englisch Coaching f\u00fcr Unternehmen[:] - Be Connected by Bettina Bonkas GmbH\" \/>\n<meta property=\"og:description\" content=\"Englisch-Coaching f\u00fcr Unternehmen: Englisch frei sprechen und souver\u00e4n im internationalen Business-Alltag kommunizieren.\" \/>\n<meta property=\"og:url\" content=\"https:\/\/bettina-bonkas.com\/englisch-coaching-fuer-unternehmen.html\" \/>\n<meta property=\"og:site_name\" content=\"Be Connected by Bettina Bonkas GmbH\" \/>\n<meta property=\"article:modified_time\" content=\"2026-03-13T10:25:28+00:00\" \/>\n<meta property=\"og:image\" content=\"https:\/\/bettina-bonkas.com\/wp-content\/uploads\/English-Bettina-Bonkas-Be-Connected-Coaching-Consulting-Sprachen-sinnvoll-lernen.jpg\" \/>\n\t<meta property=\"og:image:width\" content=\"1920\" \/>\n\t<meta property=\"og:image:height\" content=\"908\" \/>\n\t<meta property=\"og:image:type\" content=\"image\/jpeg\" \/>\n<meta name=\"twitter:card\" content=\"summary_large_image\" \/>\n<meta name=\"twitter:label1\" content=\"Est. reading time\" \/>\n\t<meta name=\"twitter:data1\" content=\"3 minutes\" \/>\n<script type=\"application\/ld+json\" class=\"yoast-schema-graph\">{\"@context\":\"https:\\\/\\\/schema.org\",\"@graph\":[{\"@type\":\"WebPage\",\"@id\":\"https:\\\/\\\/bettina-bonkas.com\\\/englisch-coaching-fuer-unternehmen.html\",\"url\":\"https:\\\/\\\/bettina-bonkas.com\\\/englisch-coaching-fuer-unternehmen.html\",\"name\":\"[:de]Englisch Coaching f\u00fcr Unternehmen[:] - Be Connected by Bettina Bonkas GmbH\",\"isPartOf\":{\"@id\":\"https:\\\/\\\/bettina-bonkas.com\\\/#website\"},\"primaryImageOfPage\":{\"@id\":\"https:\\\/\\\/bettina-bonkas.com\\\/englisch-coaching-fuer-unternehmen.html#primaryimage\"},\"image\":{\"@id\":\"https:\\\/\\\/bettina-bonkas.com\\\/englisch-coaching-fuer-unternehmen.html#primaryimage\"},\"thumbnailUrl\":\"https:\\\/\\\/bettina-bonkas.com\\\/wp-content\\\/uploads\\\/English-Bettina-Bonkas-Be-Connected-Coaching-Consulting-Sprachen-sinnvoll-lernen-300x142.jpg\",\"datePublished\":\"2026-02-12T09:45:37+00:00\",\"dateModified\":\"2026-03-13T10:25:28+00:00\",\"description\":\"Englisch-Coaching f\u00fcr Unternehmen: Englisch frei sprechen und souver\u00e4n im internationalen Business-Alltag kommunizieren.\",\"inLanguage\":\"en-US\",\"potentialAction\":[{\"@type\":\"ReadAction\",\"target\":[\"https:\\\/\\\/bettina-bonkas.com\\\/englisch-coaching-fuer-unternehmen.html\"]}]},{\"@type\":\"ImageObject\",\"inLanguage\":\"en-US\",\"@id\":\"https:\\\/\\\/bettina-bonkas.com\\\/englisch-coaching-fuer-unternehmen.html#primaryimage\",\"url\":\"https:\\\/\\\/bettina-bonkas.com\\\/wp-content\\\/uploads\\\/English-Bettina-Bonkas-Be-Connected-Coaching-Consulting-Sprachen-sinnvoll-lernen-300x142.jpg\",\"contentUrl\":\"https:\\\/\\\/bettina-bonkas.com\\\/wp-content\\\/uploads\\\/English-Bettina-Bonkas-Be-Connected-Coaching-Consulting-Sprachen-sinnvoll-lernen-300x142.jpg\"},{\"@type\":\"WebSite\",\"@id\":\"https:\\\/\\\/bettina-bonkas.com\\\/#website\",\"url\":\"https:\\\/\\\/bettina-bonkas.com\\\/\",\"name\":\"Be Connected by Bettina Bonkas GmbH\",\"description\":\"Resilienz | Coaching | Englisch + Improvisation\",\"publisher\":{\"@id\":\"https:\\\/\\\/bettina-bonkas.com\\\/#organization\"},\"potentialAction\":[{\"@type\":\"SearchAction\",\"target\":{\"@type\":\"EntryPoint\",\"urlTemplate\":\"https:\\\/\\\/bettina-bonkas.com\\\/?s={search_term_string}\"},\"query-input\":{\"@type\":\"PropertyValueSpecification\",\"valueRequired\":true,\"valueName\":\"search_term_string\"}}],\"inLanguage\":\"en-US\"},{\"@type\":\"Organization\",\"@id\":\"https:\\\/\\\/bettina-bonkas.com\\\/#organization\",\"name\":\"Be Connected by Bettina Bonkas GmbH\",\"url\":\"https:\\\/\\\/bettina-bonkas.com\\\/\",\"logo\":{\"@type\":\"ImageObject\",\"inLanguage\":\"en-US\",\"@id\":\"https:\\\/\\\/bettina-bonkas.com\\\/#\\\/schema\\\/logo\\\/image\\\/\",\"url\":\"https:\\\/\\\/bettina-bonkas.com\\\/wp-content\\\/uploads\\\/Be_Connected_Logo_mit-Kaushan_Script.jpg\",\"contentUrl\":\"https:\\\/\\\/bettina-bonkas.com\\\/wp-content\\\/uploads\\\/Be_Connected_Logo_mit-Kaushan_Script.jpg\",\"width\":1126,\"height\":446,\"caption\":\"Be Connected by Bettina Bonkas GmbH\"},\"image\":{\"@id\":\"https:\\\/\\\/bettina-bonkas.com\\\/#\\\/schema\\\/logo\\\/image\\\/\"}}]}<\/script>\n<!-- \/ Yoast SEO plugin. -->","yoast_head_json":{"title":"[:de]Englisch Coaching f\u00fcr Unternehmen[:] - Be Connected by Bettina Bonkas GmbH","description":"Englisch-Coaching f\u00fcr Unternehmen: Englisch frei sprechen und souver\u00e4n im internationalen Business-Alltag kommunizieren.","robots":{"index":"index","follow":"follow","max-snippet":"max-snippet:-1","max-image-preview":"max-image-preview:large","max-video-preview":"max-video-preview:-1"},"canonical":"https:\/\/bettina-bonkas.com\/englisch-coaching-fuer-unternehmen.html","og_locale":"en_US","og_type":"article","og_title":"[:de]Englisch Coaching f\u00fcr Unternehmen[:] - Be Connected by Bettina Bonkas GmbH","og_description":"Englisch-Coaching f\u00fcr Unternehmen: Englisch frei sprechen und souver\u00e4n im internationalen Business-Alltag kommunizieren.","og_url":"https:\/\/bettina-bonkas.com\/englisch-coaching-fuer-unternehmen.html","og_site_name":"Be Connected by Bettina Bonkas GmbH","article_modified_time":"2026-03-13T10:25:28+00:00","og_image":[{"width":1920,"height":908,"url":"https:\/\/bettina-bonkas.com\/wp-content\/uploads\/English-Bettina-Bonkas-Be-Connected-Coaching-Consulting-Sprachen-sinnvoll-lernen.jpg","type":"image\/jpeg"}],"twitter_card":"summary_large_image","twitter_misc":{"Est. reading time":"3 minutes"},"schema":{"@context":"https:\/\/schema.org","@graph":[{"@type":"WebPage","@id":"https:\/\/bettina-bonkas.com\/englisch-coaching-fuer-unternehmen.html","url":"https:\/\/bettina-bonkas.com\/englisch-coaching-fuer-unternehmen.html","name":"[:de]Englisch Coaching f\u00fcr Unternehmen[:] - Be Connected by Bettina Bonkas GmbH","isPartOf":{"@id":"https:\/\/bettina-bonkas.com\/#website"},"primaryImageOfPage":{"@id":"https:\/\/bettina-bonkas.com\/englisch-coaching-fuer-unternehmen.html#primaryimage"},"image":{"@id":"https:\/\/bettina-bonkas.com\/englisch-coaching-fuer-unternehmen.html#primaryimage"},"thumbnailUrl":"https:\/\/bettina-bonkas.com\/wp-content\/uploads\/English-Bettina-Bonkas-Be-Connected-Coaching-Consulting-Sprachen-sinnvoll-lernen-300x142.jpg","datePublished":"2026-02-12T09:45:37+00:00","dateModified":"2026-03-13T10:25:28+00:00","description":"Englisch-Coaching f\u00fcr Unternehmen: Englisch frei sprechen und souver\u00e4n im internationalen Business-Alltag kommunizieren.","inLanguage":"en-US","potentialAction":[{"@type":"ReadAction","target":["https:\/\/bettina-bonkas.com\/englisch-coaching-fuer-unternehmen.html"]}]},{"@type":"ImageObject","inLanguage":"en-US","@id":"https:\/\/bettina-bonkas.com\/englisch-coaching-fuer-unternehmen.html#primaryimage","url":"https:\/\/bettina-bonkas.com\/wp-content\/uploads\/English-Bettina-Bonkas-Be-Connected-Coaching-Consulting-Sprachen-sinnvoll-lernen-300x142.jpg","contentUrl":"https:\/\/bettina-bonkas.com\/wp-content\/uploads\/English-Bettina-Bonkas-Be-Connected-Coaching-Consulting-Sprachen-sinnvoll-lernen-300x142.jpg"},{"@type":"WebSite","@id":"https:\/\/bettina-bonkas.com\/#website","url":"https:\/\/bettina-bonkas.com\/","name":"Be Connected by Bettina Bonkas GmbH","description":"Resilienz | Coaching | Englisch + Improvisation","publisher":{"@id":"https:\/\/bettina-bonkas.com\/#organization"},"potentialAction":[{"@type":"SearchAction","target":{"@type":"EntryPoint","urlTemplate":"https:\/\/bettina-bonkas.com\/?s={search_term_string}"},"query-input":{"@type":"PropertyValueSpecification","valueRequired":true,"valueName":"search_term_string"}}],"inLanguage":"en-US"},{"@type":"Organization","@id":"https:\/\/bettina-bonkas.com\/#organization","name":"Be Connected by Bettina Bonkas GmbH","url":"https:\/\/bettina-bonkas.com\/","logo":{"@type":"ImageObject","inLanguage":"en-US","@id":"https:\/\/bettina-bonkas.com\/#\/schema\/logo\/image\/","url":"https:\/\/bettina-bonkas.com\/wp-content\/uploads\/Be_Connected_Logo_mit-Kaushan_Script.jpg","contentUrl":"https:\/\/bettina-bonkas.com\/wp-content\/uploads\/Be_Connected_Logo_mit-Kaushan_Script.jpg","width":1126,"height":446,"caption":"Be Connected by Bettina Bonkas GmbH"},"image":{"@id":"https:\/\/bettina-bonkas.com\/#\/schema\/logo\/image\/"}}]}},"_links":{"self":[{"href":"https:\/\/bettina-bonkas.com\/en\/wp-json\/wp\/v2\/pages\/7941","targetHints":{"allow":["GET"]}}],"collection":[{"href":"https:\/\/bettina-bonkas.com\/en\/wp-json\/wp\/v2\/pages"}],"about":[{"href":"https:\/\/bettina-bonkas.com\/en\/wp-json\/wp\/v2\/types\/page"}],"author":[{"embeddable":true,"href":"https:\/\/bettina-bonkas.com\/en\/wp-json\/wp\/v2\/users\/5"}],"replies":[{"embeddable":true,"href":"https:\/\/bettina-bonkas.com\/en\/wp-json\/wp\/v2\/comments?post=7941"}],"version-history":[{"count":3,"href":"https:\/\/bettina-bonkas.com\/en\/wp-json\/wp\/v2\/pages\/7941\/revisions"}],"predecessor-version":[{"id":8471,"href":"https:\/\/bettina-bonkas.com\/en\/wp-json\/wp\/v2\/pages\/7941\/revisions\/8471"}],"wp:attachment":[{"href":"https:\/\/bettina-bonkas.com\/en\/wp-json\/wp\/v2\/media?parent=7941"}],"curies":[{"name":"wp","href":"https:\/\/api.w.org\/{rel}","templated":true}]}}