{"id":8005,"date":"2026-02-12T11:56:19","date_gmt":"2026-02-12T10:56:19","guid":{"rendered":"https:\/\/bettina-bonkas.com\/?page_id=8005"},"modified":"2026-02-12T11:56:19","modified_gmt":"2026-02-12T10:56:19","slug":"improvisation","status":"publish","type":"page","link":"https:\/\/bettina-bonkas.com\/en\/improvisation.html","title":{"rendered":"(Deutsch) Improvisation"},"content":{"rendered":"<p class=\"qtranxs-available-languages-message qtranxs-available-languages-message-en\">Sorry, this entry is only available in <a href=\"https:\/\/bettina-bonkas.com\/de\/wp-json\/wp\/v2\/pages\/8005\" class=\"qtranxs-available-language-link qtranxs-available-language-link-de\" title=\"Deutsch\">Deutsch<\/a>.<\/p><p><img loading=\"lazy\" decoding=\"async\" class=\"alignnone wp-image-7478\" src=\"https:\/\/bettina-bonkas.com\/wp-content\/uploads\/Humor-Be-Connected-Bettina-Bonkas-Coaching-Consulting-Sprachen-sinnvoll-lernen-300x200.jpg\" alt=\"Ein lustiges Bild von einem Mann mit einer Banana, die er wie eine Waffe h\u00e4lt\" width=\"303\" height=\"202\" srcset=\"https:\/\/bettina-bonkas.com\/wp-content\/uploads\/Humor-Be-Connected-Bettina-Bonkas-Coaching-Consulting-Sprachen-sinnvoll-lernen-300x200.jpg 300w, https:\/\/bettina-bonkas.com\/wp-content\/uploads\/Humor-Be-Connected-Bettina-Bonkas-Coaching-Consulting-Sprachen-sinnvoll-lernen-1024x683.jpg 1024w, https:\/\/bettina-bonkas.com\/wp-content\/uploads\/Humor-Be-Connected-Bettina-Bonkas-Coaching-Consulting-Sprachen-sinnvoll-lernen-768x512.jpg 768w, https:\/\/bettina-bonkas.com\/wp-content\/uploads\/Humor-Be-Connected-Bettina-Bonkas-Coaching-Consulting-Sprachen-sinnvoll-lernen-1536x1024.jpg 1536w, https:\/\/bettina-bonkas.com\/wp-content\/uploads\/Humor-Be-Connected-Bettina-Bonkas-Coaching-Consulting-Sprachen-sinnvoll-lernen.jpg 1920w\" sizes=\"auto, (max-width: 303px) 100vw, 303px\" \/><\/p>\n<h5>Improvisation &amp; Agilit\u00e4t<\/h5>\n<h4><span style=\"color: #28578f;\"><strong>Be Connected by Bettina Bonkas \u2013 Improvisation<br \/>\n<\/strong><strong>St\u00e4rkt Sicherheit &#8211; Kreativit\u00e4t &#8211; <span style=\"color: #28578f;\">Gruppendynamik<\/span><\/strong><\/span><\/h4>\n<p>Improvisation &#8211; ein wichtiger Schl\u00fcssel zur Steigerung der gelebten <span style=\"color: #28578f;\"><a style=\"color: #28578f;\" href=\"https:\/\/bettina-bonkas.com\/gelebte-resilienz.html\">Resilienz<\/a><\/span>.<\/p>\n<h4><span style=\"color: #28578f;\"><b>Improvisation<\/b><\/span><\/h4>\n<p>Improvisation nedeutet etwas ohne Vorbereitung, aus dem Stegreif dar- oder herzustellen. Im allgemeinen Sprachgebrauch versteht man unter Improvisation auch den spontanen praktischen Gebrauch von Kreativit\u00e4t zur L\u00f6sung auftretender Probleme. (Quelle Wikipedia)<\/p>\n<h4><span style=\"color: #28578f;\"><strong>Coronapandemie<\/strong><\/span><\/h4>\n<p>Die Coronapandemie hat uns auf eindringlichste Weise gezeigt, dass wir beides ben\u00f6tigen. Von heute auf morgen mussten wir (pro)aktiv reagieren und uns auf mitunter komplett neue Rahmenbedingungen einstellen: Verbot der Berufsaus\u00fcbung, Homeoffice, stark eingeschr\u00e4nktes soziales Leben, keine Kinderbetreuung u.v.m. Und wir mussten aus dem Stegreif Kreativit\u00e4t beweisen und L\u00f6sungen finden: z.B. Homeoffice in der K\u00fcche, Yoga online, Gl\u00fchweinstand im Garten mit Fassfeuer &amp; Freunden.<\/p>\n<h4><span style=\"color: #28578f;\"><strong>Komfortzone verlassen<\/strong><\/span><\/h4>\n<p>Man sagt &#8220;Not macht erfinderisch&#8221; und es stimmt. Aber daf\u00fcr m\u00fcssen wir unsere Komfortzone verlassen. Dazu sind wir aber h\u00e4ufig nicht bereit, zu bequem haben wir uns in dieser eingerichtet. Aber wenn wir ganz ehrlich mit uns sind, sind wir deswegen noch lange nicht mit allem zufrieden.<\/p>\n<p>Vielleicht \u00e4rgern wir uns manchmal \u00fcber uns selbst, weil wir uns nicht trauen, den Mund aufzumachen aus Angst vor Unannehmlichkeiten. Weil wir in unserem Inneren merken, dass wir zu bequem geworden sind und uns deswegen Neues ein unangenehmes Gef\u00fchl verursacht und vielleicht sogar Angst bereitet.<\/p>\n<p><!--more--><\/p>\n<p>Vor vielen Jahren habe ich in England ein intensives Improvisations-Training besucht: &#8220;Drama Techniques in the classroom&#8221; durchgef\u00fchrt von einem australischen Schauspieler. Wir waren eine Gruppe Lehrer aus ganz Europa. Ich war sofort begeistert von dieser Leichtigkeit und der Gemeinschaft.<\/p>\n<p>Am letzten Tag stand eine Show an: Unsere Gruppe sollte eine Show vor dem\u00a0 ganzen Institut (wir waren auf dem gro\u00dfen Uni-Campus der Universit\u00e4t Cambridge untergebracht, also viele Zuschauern w\u00fcrden kommen) auff\u00fchren.<\/p>\n<p>Fast die ganze Gruppe war bereit, daran teilzunehmen, ein paar jedoch hatten Zweifel &#8211; ausschlie\u00dflich deutsche Teilnehmer, darunter auch ich. <em>Was, wenn wir einen H\u00e4nger h\u00e4tten und uns blamierten? Sollte ich wirklich teilnehmen?<\/em> Da sagte Antonia, eine Italienerin, zu mir:<\/p>\n<p>&#8220;Bettina, it&#8217;s just a game.&#8221; (Es ist nur ein Spiel.) Und mir wurde bewusst, wie recht sie hatte. Ich nahm teil und wir hatten alle sehr viel Spa\u00df w\u00e4hrend der Show. F\u00fcr mich pers\u00f6nlich ist es heute eine wundersch\u00f6ne Erinnerung an wunderbare Menschen.<\/p>\n<p><img loading=\"lazy\" decoding=\"async\" class=\"alignnone wp-image-8015\" src=\"https:\/\/bettina-bonkas.com\/wp-content\/uploads\/Yes-Resilienz-Training-Be-Connected-Bettina-Bonkas-Coaching-Sprachen-sinnvoll-lernen-Englisch-300x199.jpg\" alt=\"Die Buchstaben Yes\" width=\"226\" height=\"150\" srcset=\"https:\/\/bettina-bonkas.com\/wp-content\/uploads\/Yes-Resilienz-Training-Be-Connected-Bettina-Bonkas-Coaching-Sprachen-sinnvoll-lernen-Englisch-300x199.jpg 300w, https:\/\/bettina-bonkas.com\/wp-content\/uploads\/Yes-Resilienz-Training-Be-Connected-Bettina-Bonkas-Coaching-Sprachen-sinnvoll-lernen-Englisch-1024x680.jpg 1024w, https:\/\/bettina-bonkas.com\/wp-content\/uploads\/Yes-Resilienz-Training-Be-Connected-Bettina-Bonkas-Coaching-Sprachen-sinnvoll-lernen-Englisch-768x510.jpg 768w, https:\/\/bettina-bonkas.com\/wp-content\/uploads\/Yes-Resilienz-Training-Be-Connected-Bettina-Bonkas-Coaching-Sprachen-sinnvoll-lernen-Englisch.jpg 1280w\" sizes=\"auto, (max-width: 226px) 100vw, 226px\" \/><\/p>\n<h4><span style=\"color: #28578f;\"><strong>Ja zu Fehlern, nein zu Perfektionismus<\/strong><\/span><\/h4>\n<p>Diese Erfahrung hat mir nochmals deutlich gemacht, wie sehr uns unser Perfektionismus im Weg stehen kann. Qualit\u00e4t ist sehr gut und wichtig, aber jeder Mensch macht Fehler. Englisch sprechen ist ein sehr gutes Beispiel daf\u00fcr.<\/p>\n<p>Als Nicht-Muttersprachler werden wir nicht umhinkommen, Fehler zu machen. Englisch ist Mittel zum Zweck, nicht mehr und nicht weniger. Und so werden wir auch in unserem (Arbeits-)Leben immer wieder Fehler machen. Das Wichtigste ist, aus Fehlern zu lernen. Wer Fehlern ungezwungen gegen\u00fcbersteht, ist viel eher bereit, Neues auszuprobieren.<\/p>\n<p>Und so geht es bei der Improvisation um mehr Gelassenheit, aber auch Professionalit\u00e4t, sich auf das Unbekannte und auf die Ideen anderer einzulassen. Das hilft, mehr Agilit\u00e4t &amp; Improvisationsverm\u00f6gen im Alltag zu entwickeln.<\/p>\n<h4><span style=\"color: #28578f;\"><strong>Improvisationsregeln<\/strong><\/span><\/h4>\n<p>Fangen wir an mit der f\u00fcr das Improvisationstheater grundlegenden Leitidee:<\/p>\n<ul>\n<li><strong>&#8220;Ja und &#8230;&#8221; statt &#8220;Ja, aber &#8230;&#8221;<\/strong> &#8211; f\u00f6rdert das Denken in L\u00f6sungen, den Gestaltungswillen im Gegensatz zum Denken in Problemen. Unser Denken beeinflusst unsere innere Haltung, das Impro-Mindset ist: &#8220;Ja und &#8230;&#8221;<br \/>\nEin Beispiel findet Ihr hier: <a href=\"http:\/\/blog.sprachen-sinnvoll-lernen.de\/?p=1558#more-1558\"><span style=\"color: #28578f;\">&#8220;Ja, aber &#8230;&#8221; &#8220;Ja und &#8230;&#8221;<\/span><\/a><\/li>\n<\/ul>\n<ul>\n<li><strong>Lass den anderen gut darstehen<\/strong> f\u00fchrt zu einer viel erfolgreicheren und angenehmeren Zusammenarbeit mit deutlich weniger Reibungsverlusten. Deswegen nehmen wir das Angebot der anderen Teilnehmer wertsch\u00e4tzend an.<\/li>\n<\/ul>\n<ul>\n<li><strong>Ja zu Fehlern!<\/strong>\u00a0 oder Toleranz gegen\u00fcber St\u00f6rungen &#8211; bedeutet nicht, dass Fehler und Konflikte ignoriert oder gemieden werden. Sie werden akzeptiert und integriert, auf wertsch\u00e4tzende Weise. Das f\u00fchrt zu einer Kultur des Miteinanders, der Offenheit und Freude am Lernen.<\/li>\n<\/ul>\n<ul>\n<li>Eine<strong> entspannte &amp; vertrauensvolle Atmosph\u00e4re<\/strong> schafft Raum f\u00fcr Kreativit\u00e4t &amp; Leichtigkeit.<\/li>\n<\/ul>\n<h4><span style=\"color: #28578f;\"><strong><span style=\"color: #28578f;\">Hauptsache<\/span> Gelassenheit<\/strong><\/span><\/h4>\n<p>Ella Amann von <span style=\"color: #28578f;\"><a style=\"color: #28578f;\" href=\"https:\/\/resilienzforum.com\/impro-live-facilitator\/\">Akademie impro live!<\/a><\/span> schreibt, &#8221; <em>dass die nat\u00fcrliche <\/em><em>Erstreaktion des autonomen Nervensystems auf Fehler und Irritation nicht <\/em><em>\u00c4rger oder Wut ist, sondern das Lachen. Davon lebt das Improvisationstheater.<\/em>&#8221; Humor &amp; Gelassenheit, Ja zu Agilit\u00e4t &#8211; Angewandte Improvisation bietet all das und pers\u00f6nliches Wachstum.<\/p>\n<p>Ein wichtiger Schl\u00fcssel zur Steigerung der gelebten Resilienz in der agilen und dynamischen Welt: Leben &amp; Arbeiten 4.0.<\/p>\n<p>Deswegen beinhalten meine Resilienz-Coachings auch Elemente aus der Angewandten Improvisation f\u00fcr Freude &amp; Leichtigkeit. Interessiert? Mehr dazu unter: <a href=\"https:\/\/bettina-bonkas.com\/resilienz-training-fuer-innere-staerke-gelassenheit.html\"><span style=\"color: #28578f;\">Resilienz-Coaching f\u00fcr innere St\u00e4rke &amp; Gelassenheit<\/span><\/a><\/p>\n<h4 data-start=\"2471\" data-end=\"2506\"><span style=\"color: #28578f;\"><strong data-start=\"2475\" data-end=\"2504\">Jetzt ins Gespr\u00e4ch kommen<\/strong><\/span><\/h4>\n<p>Gerne mit einem unverbindlichen Kennenlerngespr\u00e4ch: (<strong><a href=\"https:\/\/bettina-bonkas.com\/kontakt.html\"><span style=\"color: #28578f;\">Kontakt<\/span>)<\/a><\/strong><\/p>\n<p>Ich freue mich darauf, von Dir zu h\u00f6ren.<\/p>\n<p>Bettina Bonkas<strong><br \/>\n<\/strong>Be Connected by Bettina Bonkas GmbH<br \/>\nEnglisch | Coaching | Resilienz + Improvisation<\/p>","protected":false},"excerpt":{"rendered":"<p>Sorry, this entry is only available in Deutsch. Improvisation &amp; Agilit\u00e4t Be Connected by Bettina Bonkas \u2013 Improvisation St\u00e4rkt Sicherheit &#8211; Kreativit\u00e4t &#8211; Gruppendynamik Improvisation &#8211; ein wichtiger Schl\u00fcssel zur Steigerung der gelebten Resilienz. Improvisation Improvisation nedeutet etwas ohne Vorbereitung, aus dem Stegreif dar- oder herzustellen. Im allgemeinen Sprachgebrauch versteht man unter Improvisation auch den &hellip; <\/p>\n<p class=\"link-more\"><a href=\"https:\/\/bettina-bonkas.com\/en\/improvisation.html\" class=\"more-link\">Continue reading<span class=\"screen-reader-text\"> &#8220;(Deutsch) Improvisation&#8221;<\/span><\/a><\/p>\n","protected":false},"author":5,"featured_media":0,"parent":0,"menu_order":0,"comment_status":"closed","ping_status":"closed","template":"","meta":{"footnotes":""},"class_list":["post-8005","page","type-page","status-publish","hentry"],"yoast_head":"<!-- This site is optimized with the Yoast SEO plugin v27.4 - https:\/\/yoast.com\/product\/yoast-seo-wordpress\/ -->\n<title><\/title>\n<meta name=\"robots\" content=\"index, follow, max-snippet:-1, max-image-preview:large, max-video-preview:-1\" \/>\n<link rel=\"canonical\" href=\"https:\/\/bettina-bonkas.com\/improvisation.html\" \/>\n<meta property=\"og:locale\" content=\"en_US\" \/>\n<meta property=\"og:type\" content=\"article\" \/>\n<meta property=\"og:title\" content=\"[:de]Improvisation[:] - Be Connected by Bettina Bonkas GmbH\" \/>\n<meta property=\"og:description\" content=\"Sorry, this entry is only available in Deutsch. Improvisation &amp; Agilit\u00e4t Be Connected by Bettina Bonkas \u2013 Improvisation St\u00e4rkt Sicherheit &#8211; Kreativit\u00e4t &#8211; Gruppendynamik Improvisation &#8211; ein wichtiger Schl\u00fcssel zur Steigerung der gelebten Resilienz. Improvisation Improvisation nedeutet etwas ohne Vorbereitung, aus dem Stegreif dar- oder herzustellen. Im allgemeinen Sprachgebrauch versteht man unter Improvisation auch den &hellip; Continue reading &quot;(Deutsch) Improvisation&quot;\" \/>\n<meta property=\"og:url\" content=\"https:\/\/bettina-bonkas.com\/improvisation.html\" \/>\n<meta property=\"og:site_name\" content=\"Be Connected by Bettina Bonkas GmbH\" \/>\n<meta property=\"og:image\" content=\"https:\/\/bettina-bonkas.com\/wp-content\/uploads\/Humor-Be-Connected-Bettina-Bonkas-Coaching-Consulting-Sprachen-sinnvoll-lernen.jpg\" \/>\n\t<meta property=\"og:image:width\" content=\"1920\" \/>\n\t<meta property=\"og:image:height\" content=\"1280\" \/>\n\t<meta property=\"og:image:type\" content=\"image\/jpeg\" \/>\n<meta name=\"twitter:card\" content=\"summary_large_image\" \/>\n<meta name=\"twitter:label1\" content=\"Est. reading time\" \/>\n\t<meta name=\"twitter:data1\" content=\"5 minutes\" \/>\n<script type=\"application\/ld+json\" class=\"yoast-schema-graph\">{\"@context\":\"https:\\\/\\\/schema.org\",\"@graph\":[{\"@type\":\"WebPage\",\"@id\":\"https:\\\/\\\/bettina-bonkas.com\\\/improvisation.html\",\"url\":\"https:\\\/\\\/bettina-bonkas.com\\\/improvisation.html\",\"name\":\"[:de]Improvisation[:] - Be Connected by Bettina Bonkas GmbH\",\"isPartOf\":{\"@id\":\"https:\\\/\\\/bettina-bonkas.com\\\/#website\"},\"primaryImageOfPage\":{\"@id\":\"https:\\\/\\\/bettina-bonkas.com\\\/improvisation.html#primaryimage\"},\"image\":{\"@id\":\"https:\\\/\\\/bettina-bonkas.com\\\/improvisation.html#primaryimage\"},\"thumbnailUrl\":\"https:\\\/\\\/bettina-bonkas.com\\\/wp-content\\\/uploads\\\/Humor-Be-Connected-Bettina-Bonkas-Coaching-Consulting-Sprachen-sinnvoll-lernen-300x200.jpg\",\"datePublished\":\"2026-02-12T10:56:19+00:00\",\"inLanguage\":\"en-US\",\"potentialAction\":[{\"@type\":\"ReadAction\",\"target\":[\"https:\\\/\\\/bettina-bonkas.com\\\/improvisation.html\"]}]},{\"@type\":\"ImageObject\",\"inLanguage\":\"en-US\",\"@id\":\"https:\\\/\\\/bettina-bonkas.com\\\/improvisation.html#primaryimage\",\"url\":\"https:\\\/\\\/bettina-bonkas.com\\\/wp-content\\\/uploads\\\/Humor-Be-Connected-Bettina-Bonkas-Coaching-Consulting-Sprachen-sinnvoll-lernen-300x200.jpg\",\"contentUrl\":\"https:\\\/\\\/bettina-bonkas.com\\\/wp-content\\\/uploads\\\/Humor-Be-Connected-Bettina-Bonkas-Coaching-Consulting-Sprachen-sinnvoll-lernen-300x200.jpg\"},{\"@type\":\"WebSite\",\"@id\":\"https:\\\/\\\/bettina-bonkas.com\\\/#website\",\"url\":\"https:\\\/\\\/bettina-bonkas.com\\\/\",\"name\":\"Be Connected by Bettina Bonkas GmbH\",\"description\":\"Resilienz | Coaching | Englisch + Improvisation\",\"publisher\":{\"@id\":\"https:\\\/\\\/bettina-bonkas.com\\\/#organization\"},\"potentialAction\":[{\"@type\":\"SearchAction\",\"target\":{\"@type\":\"EntryPoint\",\"urlTemplate\":\"https:\\\/\\\/bettina-bonkas.com\\\/?s={search_term_string}\"},\"query-input\":{\"@type\":\"PropertyValueSpecification\",\"valueRequired\":true,\"valueName\":\"search_term_string\"}}],\"inLanguage\":\"en-US\"},{\"@type\":\"Organization\",\"@id\":\"https:\\\/\\\/bettina-bonkas.com\\\/#organization\",\"name\":\"Be Connected by Bettina Bonkas GmbH\",\"url\":\"https:\\\/\\\/bettina-bonkas.com\\\/\",\"logo\":{\"@type\":\"ImageObject\",\"inLanguage\":\"en-US\",\"@id\":\"https:\\\/\\\/bettina-bonkas.com\\\/#\\\/schema\\\/logo\\\/image\\\/\",\"url\":\"https:\\\/\\\/bettina-bonkas.com\\\/wp-content\\\/uploads\\\/Be_Connected_Logo_mit-Kaushan_Script.jpg\",\"contentUrl\":\"https:\\\/\\\/bettina-bonkas.com\\\/wp-content\\\/uploads\\\/Be_Connected_Logo_mit-Kaushan_Script.jpg\",\"width\":1126,\"height\":446,\"caption\":\"Be Connected by Bettina Bonkas GmbH\"},\"image\":{\"@id\":\"https:\\\/\\\/bettina-bonkas.com\\\/#\\\/schema\\\/logo\\\/image\\\/\"}}]}<\/script>\n<!-- \/ Yoast SEO plugin. -->","yoast_head_json":{"title":"[:de]Improvisation[:] - Be Connected by Bettina Bonkas GmbH","robots":{"index":"index","follow":"follow","max-snippet":"max-snippet:-1","max-image-preview":"max-image-preview:large","max-video-preview":"max-video-preview:-1"},"canonical":"https:\/\/bettina-bonkas.com\/improvisation.html","og_locale":"en_US","og_type":"article","og_title":"[:de]Improvisation[:] - Be Connected by Bettina Bonkas GmbH","og_description":"Sorry, this entry is only available in Deutsch. Improvisation &amp; Agilit\u00e4t Be Connected by Bettina Bonkas \u2013 Improvisation St\u00e4rkt Sicherheit &#8211; Kreativit\u00e4t &#8211; Gruppendynamik Improvisation &#8211; ein wichtiger Schl\u00fcssel zur Steigerung der gelebten Resilienz. Improvisation Improvisation nedeutet etwas ohne Vorbereitung, aus dem Stegreif dar- oder herzustellen. Im allgemeinen Sprachgebrauch versteht man unter Improvisation auch den &hellip; Continue reading \"(Deutsch) Improvisation\"","og_url":"https:\/\/bettina-bonkas.com\/improvisation.html","og_site_name":"Be Connected by Bettina Bonkas GmbH","og_image":[{"width":1920,"height":1280,"url":"https:\/\/bettina-bonkas.com\/wp-content\/uploads\/Humor-Be-Connected-Bettina-Bonkas-Coaching-Consulting-Sprachen-sinnvoll-lernen.jpg","type":"image\/jpeg"}],"twitter_card":"summary_large_image","twitter_misc":{"Est. reading time":"5 minutes"},"schema":{"@context":"https:\/\/schema.org","@graph":[{"@type":"WebPage","@id":"https:\/\/bettina-bonkas.com\/improvisation.html","url":"https:\/\/bettina-bonkas.com\/improvisation.html","name":"[:de]Improvisation[:] - Be Connected by Bettina Bonkas GmbH","isPartOf":{"@id":"https:\/\/bettina-bonkas.com\/#website"},"primaryImageOfPage":{"@id":"https:\/\/bettina-bonkas.com\/improvisation.html#primaryimage"},"image":{"@id":"https:\/\/bettina-bonkas.com\/improvisation.html#primaryimage"},"thumbnailUrl":"https:\/\/bettina-bonkas.com\/wp-content\/uploads\/Humor-Be-Connected-Bettina-Bonkas-Coaching-Consulting-Sprachen-sinnvoll-lernen-300x200.jpg","datePublished":"2026-02-12T10:56:19+00:00","inLanguage":"en-US","potentialAction":[{"@type":"ReadAction","target":["https:\/\/bettina-bonkas.com\/improvisation.html"]}]},{"@type":"ImageObject","inLanguage":"en-US","@id":"https:\/\/bettina-bonkas.com\/improvisation.html#primaryimage","url":"https:\/\/bettina-bonkas.com\/wp-content\/uploads\/Humor-Be-Connected-Bettina-Bonkas-Coaching-Consulting-Sprachen-sinnvoll-lernen-300x200.jpg","contentUrl":"https:\/\/bettina-bonkas.com\/wp-content\/uploads\/Humor-Be-Connected-Bettina-Bonkas-Coaching-Consulting-Sprachen-sinnvoll-lernen-300x200.jpg"},{"@type":"WebSite","@id":"https:\/\/bettina-bonkas.com\/#website","url":"https:\/\/bettina-bonkas.com\/","name":"Be Connected by Bettina Bonkas GmbH","description":"Resilienz | Coaching | Englisch + Improvisation","publisher":{"@id":"https:\/\/bettina-bonkas.com\/#organization"},"potentialAction":[{"@type":"SearchAction","target":{"@type":"EntryPoint","urlTemplate":"https:\/\/bettina-bonkas.com\/?s={search_term_string}"},"query-input":{"@type":"PropertyValueSpecification","valueRequired":true,"valueName":"search_term_string"}}],"inLanguage":"en-US"},{"@type":"Organization","@id":"https:\/\/bettina-bonkas.com\/#organization","name":"Be Connected by Bettina Bonkas GmbH","url":"https:\/\/bettina-bonkas.com\/","logo":{"@type":"ImageObject","inLanguage":"en-US","@id":"https:\/\/bettina-bonkas.com\/#\/schema\/logo\/image\/","url":"https:\/\/bettina-bonkas.com\/wp-content\/uploads\/Be_Connected_Logo_mit-Kaushan_Script.jpg","contentUrl":"https:\/\/bettina-bonkas.com\/wp-content\/uploads\/Be_Connected_Logo_mit-Kaushan_Script.jpg","width":1126,"height":446,"caption":"Be Connected by Bettina Bonkas GmbH"},"image":{"@id":"https:\/\/bettina-bonkas.com\/#\/schema\/logo\/image\/"}}]}},"_links":{"self":[{"href":"https:\/\/bettina-bonkas.com\/en\/wp-json\/wp\/v2\/pages\/8005","targetHints":{"allow":["GET"]}}],"collection":[{"href":"https:\/\/bettina-bonkas.com\/en\/wp-json\/wp\/v2\/pages"}],"about":[{"href":"https:\/\/bettina-bonkas.com\/en\/wp-json\/wp\/v2\/types\/page"}],"author":[{"embeddable":true,"href":"https:\/\/bettina-bonkas.com\/en\/wp-json\/wp\/v2\/users\/5"}],"replies":[{"embeddable":true,"href":"https:\/\/bettina-bonkas.com\/en\/wp-json\/wp\/v2\/comments?post=8005"}],"version-history":[{"count":3,"href":"https:\/\/bettina-bonkas.com\/en\/wp-json\/wp\/v2\/pages\/8005\/revisions"}],"predecessor-version":[{"id":8159,"href":"https:\/\/bettina-bonkas.com\/en\/wp-json\/wp\/v2\/pages\/8005\/revisions\/8159"}],"wp:attachment":[{"href":"https:\/\/bettina-bonkas.com\/en\/wp-json\/wp\/v2\/media?parent=8005"}],"curies":[{"name":"wp","href":"https:\/\/api.w.org\/{rel}","templated":true}]}}